{"id":8052,"date":"2022-04-01T18:51:28","date_gmt":"2022-04-01T18:51:28","guid":{"rendered":"https:\/\/www.bazarmerlin.com\/inicio\/?post_type=product&#038;p=8052"},"modified":"2022-06-08T23:42:23","modified_gmt":"2022-06-08T23:42:23","slug":"spray-original-marabaki-dinero-amor-y-suerte-en-todo","status":"publish","type":"product","link":"https:\/\/www.bazarmerlin.com\/inicio\/producto\/spray-original-marabaki-dinero-amor-y-suerte-en-todo\/","title":{"rendered":"Spray Original Marabaki &#8211; Dinero Amor Y Suerte En Todo"},"content":{"rendered":"\n<p>\n\nSPRAY ORIGINAL MARABAKI<\/p>\n\n\n\n<p>Este poderoso Spray Marabaki esta elaborado a mano junto varios s\u00edmbolos cabal\u00edsticos y rituales capaces de atraer la suerte y protecci\u00f3n al usar<br>el Spray Marabaki fue elaborado por un babalawo llamado marabaki,<br>es el nombre de un guerrero muy poderoso dentro de la paler\u00eda y el candomble.<\/p>\n\n\n\n<p>As\u00ed mismo es un Spray elaborado con los mas finos aceites, plantas y omieros cubanos que dan ese toque fresco pero atrayente al \u00e9xito en todo lo que emprendas.<\/p>\n\n\n\n<p>Ideal para:<\/p>\n\n\n\n<p>* Los que no consiguen trabajo.<br>* Los que no tienen suerte en el amor.<br>* Para comprar o obtener ese cr\u00e9dito tan anhelado.<br>* Romper y alejar cualquier da\u00f1o o mala suerte de tu camino.<br>* Atraer personas que cambien tu vida y energ\u00eda.<br>* Los que quieren vender m\u00e1s en su negocio. (col\u00f3calo dentro de donde guardes tu dinero y veras como atrae m\u00e1s dinero y clientes)<\/p>\n\n\n\n<p>Modo de empleo:<\/p>\n\n\n\n<p>Roc\u00ede la habitaci\u00f3n o negocios con abundancia y rece con mucha fe.<\/p>\n\n\n\n<p>Te sorprender\u00e1n los resultados<\/p>\n\n\n\n<div style=\"height:70px\" aria-hidden=\"true\" class=\"wp-block-spacer\"><\/div>\n\n\n\n<p>BAZAR MERLIN<br>El Lugar M\u00e1s M\u00edstico de Guadalajara<br>ENVIAMOS A TODO M\u00c9XICO&#8230;\n\n<\/p>\n<!-- AddThis Advanced Settings generic via filter on the_content --><!-- AddThis Share Buttons generic via filter on the_content -->","protected":false},"excerpt":{"rendered":"<p>SPRAY ORIGINAL MARABAKI Este poderoso Spray Marabaki esta elaborado a mano junto varios s\u00edmbolos cabal\u00edsticos y rituales capaces de atraer la suerte y protecci\u00f3n al usarel Spray Marabaki fue elaborado por un babalawo llamado marabaki,es el nombre de un guerrero muy poderoso dentro de la paler\u00eda y el candomble. As\u00ed mismo es un Spray elaborado&hellip;<!-- AddThis Advanced Settings generic via filter on get_the_excerpt --><!-- AddThis Share Buttons generic via filter on get_the_excerpt --><\/p>\n","protected":false},"featured_media":8053,"template":"","meta":[],"product_cat":[14],"product_tag":[1628,1627],"_links":{"self":[{"href":"https:\/\/www.bazarmerlin.com\/inicio\/wp-json\/wp\/v2\/product\/8052"}],"collection":[{"href":"https:\/\/www.bazarmerlin.com\/inicio\/wp-json\/wp\/v2\/product"}],"about":[{"href":"https:\/\/www.bazarmerlin.com\/inicio\/wp-json\/wp\/v2\/types\/product"}],"wp:featuredmedia":[{"embeddable":true,"href":"https:\/\/www.bazarmerlin.com\/inicio\/wp-json\/wp\/v2\/media\/8053"}],"wp:attachment":[{"href":"https:\/\/www.bazarmerlin.com\/inicio\/wp-json\/wp\/v2\/media?parent=8052"}],"wp:term":[{"taxonomy":"product_cat","embeddable":true,"href":"https:\/\/www.bazarmerlin.com\/inicio\/wp-json\/wp\/v2\/product_cat?post=8052"},{"taxonomy":"product_tag","embeddable":true,"href":"https:\/\/www.bazarmerlin.com\/inicio\/wp-json\/wp\/v2\/product_tag?post=8052"}],"curies":[{"name":"wp","href":"https:\/\/api.w.org\/{rel}","templated":true}]}}