{"id":8106,"date":"2022-04-07T23:44:58","date_gmt":"2022-04-07T23:44:58","guid":{"rendered":"https:\/\/www.bazarmerlin.com\/inicio\/?post_type=product&#038;p=8106"},"modified":"2022-06-16T17:04:26","modified_gmt":"2022-06-16T17:04:26","slug":"estrella-de-david-en-cristal-y-cuarzos-grande-13-cm-alto","status":"publish","type":"product","link":"https:\/\/www.bazarmerlin.com\/inicio\/producto\/estrella-de-david-en-cristal-y-cuarzos-grande-13-cm-alto\/","title":{"rendered":"Estrella De David En Cristal Y Cuarzos Grande 13 Cm Alto"},"content":{"rendered":"<p>ESTRELLA DE DAVID CON CUARZOS EL TALISMAN MAS PODEROSO QUE EXISTE.<\/p>\n<p>Una de las protecciones mas poderosas contra todo tipo de da\u00f1os, adem\u00e1s atrae suerte en el amor, dinero, trabajo, amistades y salud !!! Todo esto por la poderosa simbolog\u00eda y todos los cuarzos que contiene&#8230;..<\/p>\n<p>LA ESTRELLA DE DAVID no es solo un s\u00edmbolo jud\u00edo, ya que dicha estrella aparece en Egipto, en sumerios, etc. Pongamos que es un s\u00edmbolo universal, al igual que la cruz. El origen exacto no se sabe, era la estrella de david o tambien llamada &#8220;SELLO DE SALOM\u00d3N&#8221;, trasciende lo religioso.<\/p>\n<p>EL TRIANGULO representa la sabiduria y la divinidad, pero tambi\u00e9n representa lo femenino y el deseo de acceder a &#8220;algo&#8221; elevado.<\/p>\n<p>EL TRIANGULO INVERTIDO de la Estrella de david simboliza lo masculino, Dios por encima del hombre.<\/p>\n<p>LOS DOS TRI\u00c1NGULOS UNIDOS que forman la estrella de david, crean 6 peque\u00f1os tri\u00e1ngulos y dicha union crea una armon\u00eda entre el Hombre-Mujer, lo divino en el hombre, el cielo y la tierra en armon\u00eda, el polo positivo y el negativo en equilibrio. Es decir la uni\u00f3n con el cosmos o con la naturaleza c\u00f3smica.<\/p>\n<p>LOS CUARZOS que representan fuerza vital y espiritual, el conocimiento, la magia de la naturaleza y la perfecci\u00f3n divina.<\/p>\n<p>&#8211;CALIDAD DE EXPORTACI\u00d3N&#8211;<\/p>\n<!-- AddThis Advanced Settings generic via filter on the_content --><!-- AddThis Share Buttons generic via filter on the_content -->","protected":false},"excerpt":{"rendered":"<p>ESTRELLA DE DAVID CON CUARZOS EL TALISMAN MAS PODEROSO QUE EXISTE. Una de las protecciones mas poderosas contra todo tipo de da\u00f1os, adem\u00e1s atrae suerte en el amor, dinero, trabajo, amistades y salud !!! Todo esto por la poderosa simbolog\u00eda y todos los cuarzos que contiene&#8230;.. LA ESTRELLA DE DAVID no es solo un s\u00edmbolo&hellip;<!-- AddThis Advanced Settings generic via filter on get_the_excerpt --><!-- AddThis Share Buttons generic via filter on get_the_excerpt --><\/p>\n","protected":false},"featured_media":9355,"template":"","meta":[],"product_cat":[12],"product_tag":[1637],"_links":{"self":[{"href":"https:\/\/www.bazarmerlin.com\/inicio\/wp-json\/wp\/v2\/product\/8106"}],"collection":[{"href":"https:\/\/www.bazarmerlin.com\/inicio\/wp-json\/wp\/v2\/product"}],"about":[{"href":"https:\/\/www.bazarmerlin.com\/inicio\/wp-json\/wp\/v2\/types\/product"}],"wp:featuredmedia":[{"embeddable":true,"href":"https:\/\/www.bazarmerlin.com\/inicio\/wp-json\/wp\/v2\/media\/9355"}],"wp:attachment":[{"href":"https:\/\/www.bazarmerlin.com\/inicio\/wp-json\/wp\/v2\/media?parent=8106"}],"wp:term":[{"taxonomy":"product_cat","embeddable":true,"href":"https:\/\/www.bazarmerlin.com\/inicio\/wp-json\/wp\/v2\/product_cat?post=8106"},{"taxonomy":"product_tag","embeddable":true,"href":"https:\/\/www.bazarmerlin.com\/inicio\/wp-json\/wp\/v2\/product_tag?post=8106"}],"curies":[{"name":"wp","href":"https:\/\/api.w.org\/{rel}","templated":true}]}}