{"id":8107,"date":"2015-08-11T00:20:22","date_gmt":"2015-08-11T00:20:22","guid":{"rendered":"https:\/\/www.bazarmerlin.com\/inicio\/?post_type=product&#038;p=8107"},"modified":"2022-09-28T22:41:16","modified_gmt":"2022-09-28T22:41:16","slug":"caja-octagonal-de-abundancia-y-prosperidad-de-feng-shui","status":"publish","type":"product","link":"https:\/\/www.bazarmerlin.com\/inicio\/producto\/caja-octagonal-de-abundancia-y-prosperidad-de-feng-shui\/","title":{"rendered":"Caja Octagonal De Abundancia Y Prosperidad De Feng Shui"},"content":{"rendered":"<p><strong>CAJA OCTAGONAL DE FENG SHUI &#8211; CHICA &#8211;<\/strong><br \/>\n<strong>&#8211; PARA AUMENTAR LA RIQUEZA Y ABUNDANCIA EN CASA O NEGOCIO-<\/strong><\/p>\n<p>&nbsp;<\/p>\n<p>-Medida 10 CMS de Di\u00e1metro-<br \/>\nSu forma Octagonal es para que la Energ\u00eda Fluya.<\/p>\n<p>Esta caja esta realizada de acuerdo a las medidas Feng Shui, de prosperidad,<br \/>\nhecha de ESPEJOS por dentro y fuera, para ATRAER, MULTIPLICAR Y PROTEGER.<\/p>\n<p>En su interior, la caja tiene 2 espejos uno arriba y uno abajo, que nos ayudaran multiplicar visual y energ\u00e9ticamente el dinero.<\/p>\n<p>Un dato Importante es que NUNCA quede sin DINERO ( M\u00ednimo 8 Monedas de Cualquier Denominaci\u00f3n ) esto es para que la ley de atracci\u00f3n funcione.<\/p>\n<p>Esta Caja nos ayudara a atraer mas energ\u00eda a nuestro dinero, se pueden conseguir y agregar Cuarzos adentro de la Caja, de preferencia un cuarzo verde que es para la Abundancia<br \/>\nLos cuarzos deber\u00e1n lavarse en agua fr\u00eda y dejarse un d\u00eda entero en la luz del sol y de la luna, por lo menos una vez cada 3 meses.<\/p>\n<p>&nbsp;<\/p>\n<p>&nbsp;<\/p>\n<p><strong>BAZAR MERL\u00cdN<\/strong><br \/>\n<strong>El Lugar M\u00e1s M\u00edstico de Guadalajara<\/strong><br \/>\n<strong>ENVIAMOS A TODO M\u00c9XICO&#8230;<\/strong><\/p>\n<!-- AddThis Advanced Settings generic via filter on the_content --><!-- AddThis Share Buttons generic via filter on the_content -->","protected":false},"excerpt":{"rendered":"<p>CAJA OCTAGONAL DE FENG SHUI &#8211; CHICA &#8211; &#8211; PARA AUMENTAR LA RIQUEZA Y ABUNDANCIA EN CASA O NEGOCIO- &nbsp; -Medida 10 CMS de Di\u00e1metro- Su forma Octagonal es para que la Energ\u00eda Fluya. Esta caja esta realizada de acuerdo a las medidas Feng Shui, de prosperidad, hecha de ESPEJOS por dentro y fuera, para&hellip;<!-- AddThis Advanced Settings generic via filter on get_the_excerpt --><!-- AddThis Share Buttons generic via filter on get_the_excerpt --><\/p>\n","protected":false},"featured_media":10155,"template":"","meta":[],"product_cat":[14],"product_tag":[1638],"_links":{"self":[{"href":"https:\/\/www.bazarmerlin.com\/inicio\/wp-json\/wp\/v2\/product\/8107"}],"collection":[{"href":"https:\/\/www.bazarmerlin.com\/inicio\/wp-json\/wp\/v2\/product"}],"about":[{"href":"https:\/\/www.bazarmerlin.com\/inicio\/wp-json\/wp\/v2\/types\/product"}],"wp:featuredmedia":[{"embeddable":true,"href":"https:\/\/www.bazarmerlin.com\/inicio\/wp-json\/wp\/v2\/media\/10155"}],"wp:attachment":[{"href":"https:\/\/www.bazarmerlin.com\/inicio\/wp-json\/wp\/v2\/media?parent=8107"}],"wp:term":[{"taxonomy":"product_cat","embeddable":true,"href":"https:\/\/www.bazarmerlin.com\/inicio\/wp-json\/wp\/v2\/product_cat?post=8107"},{"taxonomy":"product_tag","embeddable":true,"href":"https:\/\/www.bazarmerlin.com\/inicio\/wp-json\/wp\/v2\/product_tag?post=8107"}],"curies":[{"name":"wp","href":"https:\/\/api.w.org\/{rel}","templated":true}]}}