{"id":8154,"date":"2022-04-19T18:18:35","date_gmt":"2022-04-19T18:18:35","guid":{"rendered":"https:\/\/www.bazarmerlin.com\/inicio\/?post_type=product&#038;p=8154"},"modified":"2022-11-29T23:50:24","modified_gmt":"2022-11-29T23:50:24","slug":"velon-de-21-mechas-arrasa-brujeria-y-maleficios","status":"publish","type":"product","link":"https:\/\/www.bazarmerlin.com\/inicio\/producto\/velon-de-21-mechas-arrasa-brujeria-y-maleficios\/","title":{"rendered":"Vel\u00f3n De 21 Mechas &#8211; Arrasa Brujer\u00eda Y Maleficios"},"content":{"rendered":"<p><strong>VEL\u00d3N DE 21 MECHAS PARA ARRASAR BRUJER\u00cdA Y MALEFICIOS<\/strong><\/p>\n<p>&nbsp;<\/p>\n<p>Potente Vel\u00f3n Especial 21 Mechas Negro se utiliza para la protecci\u00f3n y destruir magias, hechizos. Brujer\u00edas, Envidias, Mal de Ojo. Destruye todo tipo de magias que te afecten a ti o a tu familia.<\/p>\n<p>Est\u00e9 poderoso vel\u00f3n, se te manda especialmente preparado y cargado con m\u00e1s p\u00f3lvora de lo normal, para una mayor eficacia para tumbar los trabajos que les est\u00e1n haciendo o perjudican.<\/p>\n<p>Destruye cualquier clase de malas vibraciones, brujer\u00eda, maleficios, mal de ojo o magia oscura que exista contra ti ayud\u00e1ndote del gran poder<br \/>\nde este Velon De 21 MECHAS, Rompe Magias ritualizada.<\/p>\n<p>Este vel\u00f3n m\u00e1gico se convertir\u00e1 en tu mejor aliado para hacer frente a toda clase de brujer\u00eda, hechizos, magia o maleficios que puedan estar utilizando en tu contra.<\/p>\n<p>Tan solo deber\u00e1s seguir las instrucciones y leer la oraci\u00f3n que incluye este vel\u00f3n m\u00e1gico de para conseguir terminar con toda la brujer\u00eda y hechizos que puedan estar utilizando en tu contra para perjudicarte y hacerte da\u00f1o, sea por el motivo que sea (envidia, venganza, etc.).<\/p>\n<p>Arrasa con todos los hechizos y magia negra que te afectan negativamente y est\u00e1n destrozando poco a poco tu vida, y ap\u00f3yate en el poder que te ofrece este vel\u00f3n m\u00e1gico para poder hacer frente eficazmente a todas las fuerzas del mal que te acechan con el objetivo de hacerte da\u00f1o y destruirte.<\/p>\n<p>BENEFICIOS DE ESTE VELON DE 21 MECHAS:<\/p>\n<p>Lograr\u00e1s romper y arrasar eficazmente toda clase de hechizos,<br \/>\nbrujer\u00eda o magia negra que haya sido utilizada para hacerte da\u00f1o<br \/>\nConseguir\u00e1s crear un halo o aura protectora que impedir\u00e1 que la brujer\u00eda que hagan en tu contra pueda tener efecto alguno<\/p>\n<p>Volver\u00e1s a vivir tranquilamente y sin miedo a que los hechizos de brujer\u00eda de tus enemigos puedan volver a afectarte negativamente en tu vida<\/p>\n<p>Este vel\u00f3n esta elaborado totalmente a mano y preparado especialmente para ti bajo un ritual muy poderoso de activaci\u00f3n y de verdadera alta magia.<\/p>\n<p>*Incluye Oraci\u00f3n.<\/p>\n<p>&nbsp;<\/p>\n<p>&nbsp;<\/p>\n<p>BAZAR MERLIN<br \/>\nEl Lugar M\u00e1s M\u00edstico de Guadalajara<br \/>\nENVIAMOS A TODO M\u00c9XICO<\/p>\n<!-- AddThis Advanced Settings generic via filter on the_content --><!-- AddThis Share Buttons generic via filter on the_content -->","protected":false},"excerpt":{"rendered":"<p>VEL\u00d3N DE 21 MECHAS PARA ARRASAR BRUJER\u00cdA Y MALEFICIOS &nbsp; Potente Vel\u00f3n Especial 21 Mechas Negro se utiliza para la protecci\u00f3n y destruir magias, hechizos. Brujer\u00edas, Envidias, Mal de Ojo. Destruye todo tipo de magias que te afecten a ti o a tu familia. Est\u00e9 poderoso vel\u00f3n, se te manda especialmente preparado y cargado con&hellip;<!-- AddThis Advanced Settings generic via filter on get_the_excerpt --><!-- AddThis Share Buttons generic via filter on get_the_excerpt --><\/p>\n","protected":false},"featured_media":10892,"template":"","meta":[],"product_cat":[19],"product_tag":[1640,1639],"_links":{"self":[{"href":"https:\/\/www.bazarmerlin.com\/inicio\/wp-json\/wp\/v2\/product\/8154"}],"collection":[{"href":"https:\/\/www.bazarmerlin.com\/inicio\/wp-json\/wp\/v2\/product"}],"about":[{"href":"https:\/\/www.bazarmerlin.com\/inicio\/wp-json\/wp\/v2\/types\/product"}],"wp:featuredmedia":[{"embeddable":true,"href":"https:\/\/www.bazarmerlin.com\/inicio\/wp-json\/wp\/v2\/media\/10892"}],"wp:attachment":[{"href":"https:\/\/www.bazarmerlin.com\/inicio\/wp-json\/wp\/v2\/media?parent=8154"}],"wp:term":[{"taxonomy":"product_cat","embeddable":true,"href":"https:\/\/www.bazarmerlin.com\/inicio\/wp-json\/wp\/v2\/product_cat?post=8154"},{"taxonomy":"product_tag","embeddable":true,"href":"https:\/\/www.bazarmerlin.com\/inicio\/wp-json\/wp\/v2\/product_tag?post=8154"}],"curies":[{"name":"wp","href":"https:\/\/api.w.org\/{rel}","templated":true}]}}