{"id":8160,"date":"2022-04-19T18:40:45","date_gmt":"2022-04-19T18:40:45","guid":{"rendered":"https:\/\/www.bazarmerlin.com\/inicio\/?post_type=product&#038;p=8160"},"modified":"2022-06-08T23:42:24","modified_gmt":"2022-06-08T23:42:24","slug":"novenario-de-la-santa-muerte-rojo","status":"publish","type":"product","link":"https:\/\/www.bazarmerlin.com\/inicio\/producto\/novenario-de-la-santa-muerte-rojo\/","title":{"rendered":"Novenario De La Santa Muerte Rojo"},"content":{"rendered":"<p><strong>9 VELAS MINI DE SANTA MUERTE.<\/strong><br \/>\n<em><strong>Medida aproximado 10 cm de altura<\/strong><\/em><\/p>\n<p>&nbsp;<\/p>\n<p>Es muy fuerte y se recomienda que la uses cuando tengas un problema de dif\u00edcil soluci\u00f3n con tu pareja.<\/p>\n<p>La novena de la santa muerte se puede hacer hasta tres veces seguidas dejando pasar un d\u00eda entre novena y novena, as\u00ed que hay que tener en cuenta que para un caso sencillo solo bastar\u00e1 con la primera, mientras en casos muy dif\u00edciles se emplear\u00e1 la segunda y la tercera.<\/p>\n<p>&nbsp;<\/p>\n<p><strong>BAZAR MERLIN<\/strong><br \/>\n<strong>El Lugar M\u00e1s M\u00edstico de Guadalajara<\/strong><br \/>\n<strong>ENVIAMOS A TODO M\u00c9XICO&#8230;<\/strong><\/p>\n<!-- AddThis Advanced Settings generic via filter on the_content --><!-- AddThis Share Buttons generic via filter on the_content -->","protected":false},"excerpt":{"rendered":"<p>9 VELAS MINI DE SANTA MUERTE. Medida aproximado 10 cm de altura &nbsp; Es muy fuerte y se recomienda que la uses cuando tengas un problema de dif\u00edcil soluci\u00f3n con tu pareja. La novena de la santa muerte se puede hacer hasta tres veces seguidas dejando pasar un d\u00eda entre novena y novena, as\u00ed que&hellip;<!-- AddThis Advanced Settings generic via filter on get_the_excerpt --><!-- AddThis Share Buttons generic via filter on get_the_excerpt --><\/p>\n","protected":false},"featured_media":8161,"template":"","meta":[],"product_cat":[14],"product_tag":[1645],"_links":{"self":[{"href":"https:\/\/www.bazarmerlin.com\/inicio\/wp-json\/wp\/v2\/product\/8160"}],"collection":[{"href":"https:\/\/www.bazarmerlin.com\/inicio\/wp-json\/wp\/v2\/product"}],"about":[{"href":"https:\/\/www.bazarmerlin.com\/inicio\/wp-json\/wp\/v2\/types\/product"}],"wp:featuredmedia":[{"embeddable":true,"href":"https:\/\/www.bazarmerlin.com\/inicio\/wp-json\/wp\/v2\/media\/8161"}],"wp:attachment":[{"href":"https:\/\/www.bazarmerlin.com\/inicio\/wp-json\/wp\/v2\/media?parent=8160"}],"wp:term":[{"taxonomy":"product_cat","embeddable":true,"href":"https:\/\/www.bazarmerlin.com\/inicio\/wp-json\/wp\/v2\/product_cat?post=8160"},{"taxonomy":"product_tag","embeddable":true,"href":"https:\/\/www.bazarmerlin.com\/inicio\/wp-json\/wp\/v2\/product_tag?post=8160"}],"curies":[{"name":"wp","href":"https:\/\/api.w.org\/{rel}","templated":true}]}}