{"id":8181,"date":"2022-04-21T17:19:39","date_gmt":"2022-04-21T17:19:39","guid":{"rendered":"https:\/\/www.bazarmerlin.com\/inicio\/?post_type=product&#038;p=8181"},"modified":"2022-06-08T23:42:24","modified_gmt":"2022-06-08T23:42:24","slug":"pentagrama-tetra-mini-1-5-cm-azul-7-metales-cadena","status":"publish","type":"product","link":"https:\/\/www.bazarmerlin.com\/inicio\/producto\/pentagrama-tetra-mini-1-5-cm-azul-7-metales-cadena\/","title":{"rendered":"Pentagrama Tetra Mini 1.5 Cm &#8211; Azul 7 Metales + Cadena"},"content":{"rendered":"<p><em><strong>INCLUYE:<\/strong><\/em><\/p>\n<p><strong>1 DIJE PENTAGRAMA O TETRAGRAMATON MINI CON 7 METALES VISIBLES.<\/strong><br \/>\n<strong>MINI (1.5 CM DE DIAMETRO APROXIMADAMENTE)<\/strong><\/p>\n<p><strong>1 CADENA DE CHAPA DE ORO.<\/strong><\/p>\n<p>Suerte, Abre tus caminos, Prosperidad, Abundancia, Protecci\u00f3n.<br \/>\nPuedes observar en las fotos que tiene 7 metales alqu\u00edmicos correspondientes a los 7 planetas esot\u00e9ricos:<\/p>\n<p>Cobre venus.<br \/>\nHierro marte.<br \/>\nPlata la luna.<br \/>\nEsta\u00f1o j\u00fapiter.<br \/>\nPlomo saturno.<br \/>\nAzogue mercurio.<br \/>\nOro (chapa) el sol.<\/p>\n<p>El Pentagrama es uno de los Amuletos mas poderosos de todos los tiempos.<br \/>\nNos da el poder de invocar o evocar a los \u00e1ngeles, arc\u00e1ngeles, serafines y todas las jerarqu\u00edas celestes para cualquier petici\u00f3n.<\/p>\n<p>&nbsp;<\/p>\n<p>&nbsp;<\/p>\n<p><strong>BAZAR MERL\u00cdN<\/strong><br \/>\n<strong>El Lugar M\u00e1s M\u00edstico de Guadalajara<\/strong><br \/>\n<strong>ENVIAMOS A TODO M\u00c9XICO&#8230;<\/strong><\/p>\n<!-- AddThis Advanced Settings generic via filter on the_content --><!-- AddThis Share Buttons generic via filter on the_content -->","protected":false},"excerpt":{"rendered":"<p>INCLUYE: 1 DIJE PENTAGRAMA O TETRAGRAMATON MINI CON 7 METALES VISIBLES. MINI (1.5 CM DE DIAMETRO APROXIMADAMENTE) 1 CADENA DE CHAPA DE ORO. Suerte, Abre tus caminos, Prosperidad, Abundancia, Protecci\u00f3n. Puedes observar en las fotos que tiene 7 metales alqu\u00edmicos correspondientes a los 7 planetas esot\u00e9ricos: Cobre venus. Hierro marte. Plata la luna. Esta\u00f1o j\u00fapiter.&hellip;<!-- AddThis Advanced Settings generic via filter on get_the_excerpt --><!-- AddThis Share Buttons generic via filter on get_the_excerpt --><\/p>\n","protected":false},"featured_media":8182,"template":"","meta":[],"product_cat":[12],"product_tag":[1653,1651],"_links":{"self":[{"href":"https:\/\/www.bazarmerlin.com\/inicio\/wp-json\/wp\/v2\/product\/8181"}],"collection":[{"href":"https:\/\/www.bazarmerlin.com\/inicio\/wp-json\/wp\/v2\/product"}],"about":[{"href":"https:\/\/www.bazarmerlin.com\/inicio\/wp-json\/wp\/v2\/types\/product"}],"wp:featuredmedia":[{"embeddable":true,"href":"https:\/\/www.bazarmerlin.com\/inicio\/wp-json\/wp\/v2\/media\/8182"}],"wp:attachment":[{"href":"https:\/\/www.bazarmerlin.com\/inicio\/wp-json\/wp\/v2\/media?parent=8181"}],"wp:term":[{"taxonomy":"product_cat","embeddable":true,"href":"https:\/\/www.bazarmerlin.com\/inicio\/wp-json\/wp\/v2\/product_cat?post=8181"},{"taxonomy":"product_tag","embeddable":true,"href":"https:\/\/www.bazarmerlin.com\/inicio\/wp-json\/wp\/v2\/product_tag?post=8181"}],"curies":[{"name":"wp","href":"https:\/\/api.w.org\/{rel}","templated":true}]}}