{"id":8188,"date":"2022-04-21T18:03:57","date_gmt":"2022-04-21T18:03:57","guid":{"rendered":"https:\/\/www.bazarmerlin.com\/inicio\/?post_type=product&#038;p=8188"},"modified":"2022-06-08T23:42:24","modified_gmt":"2022-06-08T23:42:24","slug":"perfume-original-cuerno-de-la-abundancia-con-dije","status":"publish","type":"product","link":"https:\/\/www.bazarmerlin.com\/inicio\/producto\/perfume-original-cuerno-de-la-abundancia-con-dije\/","title":{"rendered":"Perfume Original Cuerno De La Abundancia Con Dije"},"content":{"rendered":"<p><strong>PERFUME ORIGINAL CUERNO DE LA ABUNDANCIA CON DIJE<\/strong><\/p>\n<p>Utiliza este perfume para atraer protecci\u00f3n y abundancia a tu persona.<br \/>\nIncluye 1 talism\u00e1n activado<\/p>\n<p>&nbsp;<\/p>\n<p><strong>BAZAR MERL\u00cdN<\/strong><br \/>\n<strong>El Lugar M\u00e1s M\u00edstico de Guadalajara<\/strong><br \/>\n<strong>ENVIAMOS A TODO M\u00c9XICO&#8230;<\/strong><\/p>\n<!-- AddThis Advanced Settings generic via filter on the_content --><!-- AddThis Share Buttons generic via filter on the_content -->","protected":false},"excerpt":{"rendered":"<p>PERFUME ORIGINAL CUERNO DE LA ABUNDANCIA CON DIJE Utiliza este perfume para atraer protecci\u00f3n y abundancia a tu persona. Incluye 1 talism\u00e1n activado &nbsp; BAZAR MERL\u00cdN El Lugar M\u00e1s M\u00edstico de Guadalajara ENVIAMOS A TODO M\u00c9XICO&#8230;<!-- AddThis Advanced Settings generic via filter on get_the_excerpt --><!-- AddThis Share Buttons generic via filter on get_the_excerpt --><\/p>\n","protected":false},"featured_media":8189,"template":"","meta":[],"product_cat":[20],"product_tag":[1655],"_links":{"self":[{"href":"https:\/\/www.bazarmerlin.com\/inicio\/wp-json\/wp\/v2\/product\/8188"}],"collection":[{"href":"https:\/\/www.bazarmerlin.com\/inicio\/wp-json\/wp\/v2\/product"}],"about":[{"href":"https:\/\/www.bazarmerlin.com\/inicio\/wp-json\/wp\/v2\/types\/product"}],"wp:featuredmedia":[{"embeddable":true,"href":"https:\/\/www.bazarmerlin.com\/inicio\/wp-json\/wp\/v2\/media\/8189"}],"wp:attachment":[{"href":"https:\/\/www.bazarmerlin.com\/inicio\/wp-json\/wp\/v2\/media?parent=8188"}],"wp:term":[{"taxonomy":"product_cat","embeddable":true,"href":"https:\/\/www.bazarmerlin.com\/inicio\/wp-json\/wp\/v2\/product_cat?post=8188"},{"taxonomy":"product_tag","embeddable":true,"href":"https:\/\/www.bazarmerlin.com\/inicio\/wp-json\/wp\/v2\/product_tag?post=8188"}],"curies":[{"name":"wp","href":"https:\/\/api.w.org\/{rel}","templated":true}]}}