{"id":8196,"date":"2022-04-21T18:54:03","date_gmt":"2022-04-21T18:54:03","guid":{"rendered":"https:\/\/www.bazarmerlin.com\/inicio\/?post_type=product&#038;p=8196"},"modified":"2022-06-08T23:42:25","modified_gmt":"2022-06-08T23:42:25","slug":"perfume-santa-muerte-con-talisman-activado-original","status":"publish","type":"product","link":"https:\/\/www.bazarmerlin.com\/inicio\/producto\/perfume-santa-muerte-con-talisman-activado-original\/","title":{"rendered":"Perfume Santa Muerte Con Talism\u00e1n Activado &#8211; Original"},"content":{"rendered":"<p><strong>PERFUME ORIGINAL SANTA MUERTE<\/strong><br \/>\n<strong>CON TALISM\u00c1N ACTIVADO<\/strong><\/p>\n<p>Te Ayudara a Traer a Tu Vida:<br \/>\nABUNDANCIA, PROTECCI\u00d3N, OPORTUNIDADES Y ABRIRTE CAMINOS.<\/p>\n<p>Para que todo llegue de manera mas f\u00e1cil a tu vida!<br \/>\n\u00dasalo con fervor Ardiente y Poder Virtuoso.<\/p>\n<p>Aplicala en donde tu prefieras :<br \/>\n-Cuerpo<br \/>\n-Ropa<br \/>\n-Im\u00e1genes<br \/>\n-Casas<br \/>\n-Auto, etc.<\/p>\n<p>Te Abrir\u00e1 todo Camino y tendr\u00e1s \u00c9xito y Abundancia , sera Luz en tu Vida y Prosperaras en todo lo que sea Negativo. Sera Reversible todo lo Malo de quien Venga.<\/p>\n<p>&nbsp;<\/p>\n<p>&nbsp;<\/p>\n<p><strong>BAZAR MERLIN<\/strong><br \/>\n<strong>El Lugar M\u00e1s M\u00edstico de Guadalajara<\/strong><br \/>\n<strong>ENVIAMOS A TODO M\u00c9XICO&#8230;<\/strong><\/p>\n<!-- AddThis Advanced Settings generic via filter on the_content --><!-- AddThis Share Buttons generic via filter on the_content -->","protected":false},"excerpt":{"rendered":"<p>PERFUME ORIGINAL SANTA MUERTE CON TALISM\u00c1N ACTIVADO Te Ayudara a Traer a Tu Vida: ABUNDANCIA, PROTECCI\u00d3N, OPORTUNIDADES Y ABRIRTE CAMINOS. Para que todo llegue de manera mas f\u00e1cil a tu vida! \u00dasalo con fervor Ardiente y Poder Virtuoso. Aplicala en donde tu prefieras : -Cuerpo -Ropa -Im\u00e1genes -Casas -Auto, etc. Te Abrir\u00e1 todo Camino y&hellip;<!-- AddThis Advanced Settings generic via filter on get_the_excerpt --><!-- AddThis Share Buttons generic via filter on get_the_excerpt --><\/p>\n","protected":false},"featured_media":8197,"template":"","meta":[],"product_cat":[20],"product_tag":[570,1658],"_links":{"self":[{"href":"https:\/\/www.bazarmerlin.com\/inicio\/wp-json\/wp\/v2\/product\/8196"}],"collection":[{"href":"https:\/\/www.bazarmerlin.com\/inicio\/wp-json\/wp\/v2\/product"}],"about":[{"href":"https:\/\/www.bazarmerlin.com\/inicio\/wp-json\/wp\/v2\/types\/product"}],"wp:featuredmedia":[{"embeddable":true,"href":"https:\/\/www.bazarmerlin.com\/inicio\/wp-json\/wp\/v2\/media\/8197"}],"wp:attachment":[{"href":"https:\/\/www.bazarmerlin.com\/inicio\/wp-json\/wp\/v2\/media?parent=8196"}],"wp:term":[{"taxonomy":"product_cat","embeddable":true,"href":"https:\/\/www.bazarmerlin.com\/inicio\/wp-json\/wp\/v2\/product_cat?post=8196"},{"taxonomy":"product_tag","embeddable":true,"href":"https:\/\/www.bazarmerlin.com\/inicio\/wp-json\/wp\/v2\/product_tag?post=8196"}],"curies":[{"name":"wp","href":"https:\/\/api.w.org\/{rel}","templated":true}]}}