{"id":8229,"date":"2022-04-22T22:30:54","date_gmt":"2022-04-22T22:30:54","guid":{"rendered":"https:\/\/www.bazarmerlin.com\/inicio\/?post_type=product&#038;p=8229"},"modified":"2022-10-20T23:32:47","modified_gmt":"2022-10-20T23:32:47","slug":"oraculo-trabaja-tu-luz-44-cartas-y-libro","status":"publish","type":"product","link":"https:\/\/www.bazarmerlin.com\/inicio\/producto\/oraculo-trabaja-tu-luz-44-cartas-y-libro\/","title":{"rendered":"Or\u00e1culo Trabaja T\u00fa Luz &#8211; 44 Cartas Y Libro"},"content":{"rendered":"<p><strong>OR\u00c1CULO TRABAJA TU LUZ<\/strong><br \/>\n<strong>44 CARTAS Y LIBRO<\/strong><\/p>\n<p>Medidas: 13 Cms. x 10 Cms de Ancho<br \/>\nAutor: Rebecca Campbell<br \/>\nIlustraciones: Danielle Noel<\/p>\n<p>\u00bfQUIERES TRABAJAR TU LUZ?<\/p>\n<p>Este libro y sus 44 cartas or\u00e1culo han sido creados para ayudarte a iluminar el mundo con tu presencia. Al trabajar con los cinco palos de la baraja y conectarte con tu intuici\u00f3n, aprender\u00e1s a alinearte con quien realmente eres.<\/p>\n<p>\u2022 Las cartas de confirmaci\u00f3n ofrecen respuestas r\u00e1pidas para gu\u00eda instant\u00e1nea.<br \/>\n\u2022 Las cartas de consulta te ayudan a sintonizar con los susurros de tu alma.<br \/>\n\u2022 Las cartas de acci\u00f3n te indican qu\u00e9 hacer.<br \/>\n\u2022 Las cartas de activaci\u00f3n invocan la sanaci\u00f3n en tu interior.<br \/>\n\u2022 Las cartas de transmisi\u00f3n te conectan con tus energ\u00edas de apoyo.<\/p>\n<p>&nbsp;<\/p>\n<p>&nbsp;<\/p>\n<p><strong>BAZAR MERLIN<\/strong><br \/>\n<strong>El Lugar M\u00e1s M\u00edstico de Guadalajara<\/strong><br \/>\n<strong>ENVIAMOS A TODO M\u00c9XICO Y EL MUNDO\u2026<\/strong><\/p>\n<!-- AddThis Advanced Settings generic via filter on the_content --><!-- AddThis Share Buttons generic via filter on the_content -->","protected":false},"excerpt":{"rendered":"<p>OR\u00c1CULO TRABAJA TU LUZ 44 CARTAS Y LIBRO Medidas: 13 Cms. x 10 Cms de Ancho Autor: Rebecca Campbell Ilustraciones: Danielle Noel \u00bfQUIERES TRABAJAR TU LUZ? Este libro y sus 44 cartas or\u00e1culo han sido creados para ayudarte a iluminar el mundo con tu presencia. Al trabajar con los cinco palos de la baraja y&hellip;<!-- AddThis Advanced Settings generic via filter on get_the_excerpt --><!-- AddThis Share Buttons generic via filter on get_the_excerpt --><\/p>\n","protected":false},"featured_media":10469,"template":"","meta":[],"product_cat":[15],"product_tag":[1660],"_links":{"self":[{"href":"https:\/\/www.bazarmerlin.com\/inicio\/wp-json\/wp\/v2\/product\/8229"}],"collection":[{"href":"https:\/\/www.bazarmerlin.com\/inicio\/wp-json\/wp\/v2\/product"}],"about":[{"href":"https:\/\/www.bazarmerlin.com\/inicio\/wp-json\/wp\/v2\/types\/product"}],"wp:featuredmedia":[{"embeddable":true,"href":"https:\/\/www.bazarmerlin.com\/inicio\/wp-json\/wp\/v2\/media\/10469"}],"wp:attachment":[{"href":"https:\/\/www.bazarmerlin.com\/inicio\/wp-json\/wp\/v2\/media?parent=8229"}],"wp:term":[{"taxonomy":"product_cat","embeddable":true,"href":"https:\/\/www.bazarmerlin.com\/inicio\/wp-json\/wp\/v2\/product_cat?post=8229"},{"taxonomy":"product_tag","embeddable":true,"href":"https:\/\/www.bazarmerlin.com\/inicio\/wp-json\/wp\/v2\/product_tag?post=8229"}],"curies":[{"name":"wp","href":"https:\/\/api.w.org\/{rel}","templated":true}]}}