{"id":8231,"date":"2022-04-22T22:39:30","date_gmt":"2022-04-22T22:39:30","guid":{"rendered":"https:\/\/www.bazarmerlin.com\/inicio\/?post_type=product&#038;p=8231"},"modified":"2023-08-19T00:52:07","modified_gmt":"2023-08-19T00:52:07","slug":"angeles-de-abundancia-cartas-oraculo-espanol-doreen-virtue","status":"publish","type":"product","link":"https:\/\/www.bazarmerlin.com\/inicio\/producto\/angeles-de-abundancia-cartas-oraculo-espanol-doreen-virtue\/","title":{"rendered":"\u00c1ngeles De Abundancia Cartas Or\u00e1culo Espa\u00f1ol &#8211; Doreen Virtue"},"content":{"rendered":"<p><strong>OR\u00c1CULO \u00c1NGELES DE ABUNDANCIA<\/strong><\/p>\n<p>44 Cartas or\u00e1culo y libro<\/p>\n<p>Autores: Doreen Virtue y Grant Virtue<\/p>\n<p>TODO LO QUE NECESITAS SABER SOBRE LA ABUNDANCIA<\/p>\n<p>Todos tenemos las mismas oportunidades de recibir la inagotable abundancia que el Cielo proporciona. Sin embargo, sin darnos cuenta, a veces colocamos trabas en nuestro camino hacia la prosperidad. Si las preocupaciones econ\u00f3micas te impiden avanzar con soltura por la senda del bienestar y la felicidad, este or\u00e1culo de 44 cartas y libro de consulta te permitir\u00e1 identificarlas, resolverlas y eliminarlas.<\/p>\n<p>Las cartas-or\u00e1culo de los \u00c1ngeles de Abundancia de Doreen Virtue y Grant Virtue (coautores del libro con el mismo t\u00edtulo) te transmitir\u00e1n la sabidur\u00eda de estos seres que velan para que tu misi\u00f3n aqu\u00ed en la Tierra no se vea dicultada por la escasez. Los \u00e1ngeles de la abundancia desean apoyarte en tus necesidades terrenales, ayudarte a manifestar tu prop\u00f3sito vital y animarte a realizar generosas acciones solidarias. Con su ayuda disfrutar\u00e1s de las bendiciones celestiales que te corresponden por derecho de nacimiento.<\/p>\n<p>&nbsp;<\/p>\n<p>&nbsp;<\/p>\n<p><strong>BAZAR MERL\u00cdN\u00ae<\/strong><br \/>\n<strong>El Lugar M\u00e1s M\u00edstico de Guadalajara<\/strong><br \/>\n<strong>ENVIAMOS A TODO M\u00c9XICO Y EL MUNDO\u2026<\/strong><\/p>\n<!-- AddThis Advanced Settings generic via filter on the_content --><!-- AddThis Share Buttons generic via filter on the_content -->","protected":false},"excerpt":{"rendered":"<p>OR\u00c1CULO \u00c1NGELES DE ABUNDANCIA 44 Cartas or\u00e1culo y libro Autores: Doreen Virtue y Grant Virtue TODO LO QUE NECESITAS SABER SOBRE LA ABUNDANCIA Todos tenemos las mismas oportunidades de recibir la inagotable abundancia que el Cielo proporciona. Sin embargo, sin darnos cuenta, a veces colocamos trabas en nuestro camino hacia la prosperidad. Si las preocupaciones&hellip;<!-- AddThis Advanced Settings generic via filter on get_the_excerpt --><!-- AddThis Share Buttons generic via filter on get_the_excerpt --><\/p>\n","protected":false},"featured_media":10386,"template":"","meta":[],"product_cat":[15],"product_tag":[1661,129],"_links":{"self":[{"href":"https:\/\/www.bazarmerlin.com\/inicio\/wp-json\/wp\/v2\/product\/8231"}],"collection":[{"href":"https:\/\/www.bazarmerlin.com\/inicio\/wp-json\/wp\/v2\/product"}],"about":[{"href":"https:\/\/www.bazarmerlin.com\/inicio\/wp-json\/wp\/v2\/types\/product"}],"wp:featuredmedia":[{"embeddable":true,"href":"https:\/\/www.bazarmerlin.com\/inicio\/wp-json\/wp\/v2\/media\/10386"}],"wp:attachment":[{"href":"https:\/\/www.bazarmerlin.com\/inicio\/wp-json\/wp\/v2\/media?parent=8231"}],"wp:term":[{"taxonomy":"product_cat","embeddable":true,"href":"https:\/\/www.bazarmerlin.com\/inicio\/wp-json\/wp\/v2\/product_cat?post=8231"},{"taxonomy":"product_tag","embeddable":true,"href":"https:\/\/www.bazarmerlin.com\/inicio\/wp-json\/wp\/v2\/product_tag?post=8231"}],"curies":[{"name":"wp","href":"https:\/\/api.w.org\/{rel}","templated":true}]}}