{"id":8235,"date":"2022-04-22T22:55:42","date_gmt":"2022-04-22T22:55:42","guid":{"rendered":"https:\/\/www.bazarmerlin.com\/inicio\/?post_type=product&#038;p=8235"},"modified":"2022-10-25T23:57:45","modified_gmt":"2022-10-25T23:57:45","slug":"oraculo-mensajes-magicos-de-hadas-en-espanol-doreen-virtue","status":"publish","type":"product","link":"https:\/\/www.bazarmerlin.com\/inicio\/producto\/oraculo-mensajes-magicos-de-hadas-en-espanol-doreen-virtue\/","title":{"rendered":"Or\u00e1culo Mensajes M\u00e1gicos De Hadas En Espa\u00f1ol &#8211; Doreen Virtue"},"content":{"rendered":"<p><strong>OR\u00c1CULO MENSAJES M\u00c1GICOS DE LAS HADAS<\/strong><br \/>\n44 Cartas or\u00e1culo y libro<br \/>\nAutor: Doreen Virtue<\/p>\n<p>\u00a1Haz que tu vida sea m\u00e1gica con los mensajes de las hadas! Esta baraja de cartas or\u00e1culo, gracias a su f\u00e1cil manejo, es apropiada tanto para principiantes como para personas expertas en el uso de las cartas de adivinaci\u00f3n.<\/p>\n<p>Las hadas son amados \u00e1ngeles de la naturaleza que, al estar muy cerca de la tierra, poseen una gran habilidad para curar y ayudar en asuntos cotidianos tales como las relaciones, los problemas de salud y la econom\u00eda. Cada carta contiene un primoroso dibujo de hadas y un mensaje o una respuesta.<\/p>\n<p>Todas las ilustraciones y mensajes son adecuados tanto para ni\u00f1os como para adultos. El libro de consulta te va guiando para que puedas hacer una lectura adivinatoria para ti mismo o para otros y te ense\u00f1a los significados adicionales que esconde cada una de las cartas.<\/p>\n<p>&nbsp;<\/p>\n<p>&nbsp;<\/p>\n<p><strong>BAZAR MERL\u00cdN\u00ae<\/strong><br \/>\n<strong>El Lugar M\u00e1s M\u00edstico de Guadalajara<\/strong><br \/>\n<strong>ENVIAMOS A TODO M\u00c9XICO&#8230;<\/strong><\/p>\n<!-- AddThis Advanced Settings generic via filter on the_content --><!-- AddThis Share Buttons generic via filter on the_content -->","protected":false},"excerpt":{"rendered":"<p>OR\u00c1CULO MENSAJES M\u00c1GICOS DE LAS HADAS 44 Cartas or\u00e1culo y libro Autor: Doreen Virtue \u00a1Haz que tu vida sea m\u00e1gica con los mensajes de las hadas! Esta baraja de cartas or\u00e1culo, gracias a su f\u00e1cil manejo, es apropiada tanto para principiantes como para personas expertas en el uso de las cartas de adivinaci\u00f3n. Las hadas&hellip;<!-- AddThis Advanced Settings generic via filter on get_the_excerpt --><!-- AddThis Share Buttons generic via filter on get_the_excerpt --><\/p>\n","protected":false},"featured_media":10457,"template":"","meta":[],"product_cat":[15],"product_tag":[129,1664],"_links":{"self":[{"href":"https:\/\/www.bazarmerlin.com\/inicio\/wp-json\/wp\/v2\/product\/8235"}],"collection":[{"href":"https:\/\/www.bazarmerlin.com\/inicio\/wp-json\/wp\/v2\/product"}],"about":[{"href":"https:\/\/www.bazarmerlin.com\/inicio\/wp-json\/wp\/v2\/types\/product"}],"wp:featuredmedia":[{"embeddable":true,"href":"https:\/\/www.bazarmerlin.com\/inicio\/wp-json\/wp\/v2\/media\/10457"}],"wp:attachment":[{"href":"https:\/\/www.bazarmerlin.com\/inicio\/wp-json\/wp\/v2\/media?parent=8235"}],"wp:term":[{"taxonomy":"product_cat","embeddable":true,"href":"https:\/\/www.bazarmerlin.com\/inicio\/wp-json\/wp\/v2\/product_cat?post=8235"},{"taxonomy":"product_tag","embeddable":true,"href":"https:\/\/www.bazarmerlin.com\/inicio\/wp-json\/wp\/v2\/product_tag?post=8235"}],"curies":[{"name":"wp","href":"https:\/\/api.w.org\/{rel}","templated":true}]}}