{"id":8290,"date":"2022-05-03T00:01:34","date_gmt":"2022-05-03T00:01:34","guid":{"rendered":"https:\/\/www.bazarmerlin.com\/inicio\/?post_type=product&#038;p=8290"},"modified":"2022-06-08T23:42:26","modified_gmt":"2022-06-08T23:42:26","slug":"libro-el-poder-de-los-arcangeles-tarot-de-78-cartas","status":"publish","type":"product","link":"https:\/\/www.bazarmerlin.com\/inicio\/producto\/libro-el-poder-de-los-arcangeles-tarot-de-78-cartas\/","title":{"rendered":"Libro El Poder De Los Arc\u00e1ngeles &#8211; Tarot De 78 Cartas"},"content":{"rendered":"<p><strong>EL PODER DE LOS ARC\u00c1NGELES &#8211;<\/strong><br \/>\n<strong>TAROT DE 78 CARTAS Y LIBRO GU\u00cdA<\/strong><\/p>\n<p>RADLEIGH VALENTINE<\/p>\n<p>Reciba la sabidur\u00eda y la fuerza de EL PODER DE LOS ARC\u00c1NGELES.<\/p>\n<p>Es importante recibir respuesta a nuestras preguntas, pero igual de importante obtener el coraje, la motivaci\u00f3n y la fuerza necesarios para dar los pasos decisivos que esas respuestas nos indican. Ahora puedes recibir mensajes precisos y adem\u00e1s obtener valor y confianza para actuar en consecuencia.<\/p>\n<p>Con la ayuda de las cartas de El Poder de los Arc\u00e1ngeles recibir\u00e1s la gu\u00eda de los arc\u00e1ngeles y obtendr\u00e1s la fuerza y el impulso que te permitir\u00e1n realizar cambios positivos y progresar en tu vida.<\/p>\n<p>RADLEIGH V. ha creado las 78 cartas de este tarot y su correspondiente manual para ayudar a las personas altamente sensibles a realizar los mensajes Divinos. Sus bellas im\u00e1genes y sus textos inspiradores revelan la magia del tarot tradicional y transmiten adem\u00e1s la fuerza y la sabidur\u00eda de El poder de los Arc\u00e1ngeles.<\/p>\n<p>ESTUCHE CON LIBRO DE 128 P\u00c1GINAS Y<br \/>\nLAS 78 CARTAS DEL TAROT EL PODER DE LOS ARC\u00c1NGELES<\/p>\n<p>&nbsp;<\/p>\n<p>&nbsp;<\/p>\n<p><strong>BAZAR MERLIN\u00ae<\/strong><br \/>\n<strong>El Lugar M\u00e1s M\u00edstico de Guadalajara<\/strong><br \/>\n<strong>ENVIAMOS A TODO M\u00c9XICO\u2026<\/strong><\/p>\n<!-- AddThis Advanced Settings generic via filter on the_content --><!-- AddThis Share Buttons generic via filter on the_content -->","protected":false},"excerpt":{"rendered":"<p>EL PODER DE LOS ARC\u00c1NGELES &#8211; TAROT DE 78 CARTAS Y LIBRO GU\u00cdA RADLEIGH VALENTINE Reciba la sabidur\u00eda y la fuerza de EL PODER DE LOS ARC\u00c1NGELES. Es importante recibir respuesta a nuestras preguntas, pero igual de importante obtener el coraje, la motivaci\u00f3n y la fuerza necesarios para dar los pasos decisivos que esas respuestas&hellip;<!-- AddThis Advanced Settings generic via filter on get_the_excerpt --><!-- AddThis Share Buttons generic via filter on get_the_excerpt --><\/p>\n","protected":false},"featured_media":8291,"template":"","meta":[],"product_cat":[15],"product_tag":[1674,1675],"_links":{"self":[{"href":"https:\/\/www.bazarmerlin.com\/inicio\/wp-json\/wp\/v2\/product\/8290"}],"collection":[{"href":"https:\/\/www.bazarmerlin.com\/inicio\/wp-json\/wp\/v2\/product"}],"about":[{"href":"https:\/\/www.bazarmerlin.com\/inicio\/wp-json\/wp\/v2\/types\/product"}],"wp:featuredmedia":[{"embeddable":true,"href":"https:\/\/www.bazarmerlin.com\/inicio\/wp-json\/wp\/v2\/media\/8291"}],"wp:attachment":[{"href":"https:\/\/www.bazarmerlin.com\/inicio\/wp-json\/wp\/v2\/media?parent=8290"}],"wp:term":[{"taxonomy":"product_cat","embeddable":true,"href":"https:\/\/www.bazarmerlin.com\/inicio\/wp-json\/wp\/v2\/product_cat?post=8290"},{"taxonomy":"product_tag","embeddable":true,"href":"https:\/\/www.bazarmerlin.com\/inicio\/wp-json\/wp\/v2\/product_tag?post=8290"}],"curies":[{"name":"wp","href":"https:\/\/api.w.org\/{rel}","templated":true}]}}