{"id":8303,"date":"2022-05-04T21:57:17","date_gmt":"2022-05-04T21:57:17","guid":{"rendered":"https:\/\/www.bazarmerlin.com\/inicio\/?post_type=product&#038;p=8303"},"modified":"2022-12-30T23:24:18","modified_gmt":"2022-12-30T23:24:18","slug":"locion-ven-a-mi-aumenta-tu-atractivo","status":"publish","type":"product","link":"https:\/\/www.bazarmerlin.com\/inicio\/producto\/locion-ven-a-mi-aumenta-tu-atractivo\/","title":{"rendered":"Loci\u00f3n Ven A Mi &#8211; Aumenta Tu Atractivo"},"content":{"rendered":"<p><strong>LOCI\u00d3N VEN A MI ATRAE EL AMOR A TU LADO<\/strong><\/p>\n<p>&nbsp;<\/p>\n<p>Los Perfumes Esot\u00e9ricos son preparados con productos, esencias y extractos especiales. Cuando tienes un problema que crees de dif\u00edcil soluci\u00f3n es bueno recurrir a los rituales de magia, estos siempre nos ayudan a lograr exitosa-mente los objetivos que queremos conseguir.<\/p>\n<p>Las limpiezas o rituales con perfumes atrayentes sirven para uso diario tanto del cuerpo como de las manos y toda tu energ\u00eda c\u00f3smica y \u00e1urica equilibrando tus chakras para as\u00ed cambiar de forma inmediata tu suerte. Su fabricaci\u00f3n y su composici\u00f3n son de forma 100% artesanal por lo que llevan la esencia y extracto natural para equilibrar tu energ\u00eda.<\/p>\n<p>Elaborado con extractos, esencias y hiervas naturales que ayudan a incrementar tu atractivo y atracci\u00f3n inmediatamente, esta poderoso perfume ayudara a atraer y retener a la persona amada por su preparaci\u00f3n y consagraci\u00f3n por verdaderos conocedores de la alta magia para que el amor nunca falte y sea de una forma muy bella y hermosa en nuestras vidas sobre todo de muy f\u00e1cil uso.<\/p>\n<p>LOCI\u00d3N VEN A MI PARA QUE VENGA A TI DE UNA MANERA R\u00c1PIDA Y SOBRE TODO MUY EFECTIVA 100% GARANTIZADO<\/p>\n<p>&nbsp;<\/p>\n<p>&nbsp;<\/p>\n<p><strong>BAZAR MERL\u00cdN<\/strong><br \/>\n<strong>El Lugar M\u00e1s M\u00edstico de Guadalajara<\/strong><br \/>\n<strong>ENVIAMOS A TODO M\u00c9XICO\u2026<\/strong><\/p>\n<!-- AddThis Advanced Settings generic via filter on the_content --><!-- AddThis Share Buttons generic via filter on the_content -->","protected":false},"excerpt":{"rendered":"<p>LOCI\u00d3N VEN A MI ATRAE EL AMOR A TU LADO &nbsp; Los Perfumes Esot\u00e9ricos son preparados con productos, esencias y extractos especiales. Cuando tienes un problema que crees de dif\u00edcil soluci\u00f3n es bueno recurrir a los rituales de magia, estos siempre nos ayudan a lograr exitosa-mente los objetivos que queremos conseguir. Las limpiezas o rituales&hellip;<!-- AddThis Advanced Settings generic via filter on get_the_excerpt --><!-- AddThis Share Buttons generic via filter on get_the_excerpt --><\/p>\n","protected":false},"featured_media":11305,"template":"","meta":[],"product_cat":[17],"product_tag":[1677,1676],"_links":{"self":[{"href":"https:\/\/www.bazarmerlin.com\/inicio\/wp-json\/wp\/v2\/product\/8303"}],"collection":[{"href":"https:\/\/www.bazarmerlin.com\/inicio\/wp-json\/wp\/v2\/product"}],"about":[{"href":"https:\/\/www.bazarmerlin.com\/inicio\/wp-json\/wp\/v2\/types\/product"}],"wp:featuredmedia":[{"embeddable":true,"href":"https:\/\/www.bazarmerlin.com\/inicio\/wp-json\/wp\/v2\/media\/11305"}],"wp:attachment":[{"href":"https:\/\/www.bazarmerlin.com\/inicio\/wp-json\/wp\/v2\/media?parent=8303"}],"wp:term":[{"taxonomy":"product_cat","embeddable":true,"href":"https:\/\/www.bazarmerlin.com\/inicio\/wp-json\/wp\/v2\/product_cat?post=8303"},{"taxonomy":"product_tag","embeddable":true,"href":"https:\/\/www.bazarmerlin.com\/inicio\/wp-json\/wp\/v2\/product_tag?post=8303"}],"curies":[{"name":"wp","href":"https:\/\/api.w.org\/{rel}","templated":true}]}}