{"id":8305,"date":"2022-05-04T22:03:30","date_gmt":"2022-05-04T22:03:30","guid":{"rendered":"https:\/\/www.bazarmerlin.com\/inicio\/?post_type=product&#038;p=8305"},"modified":"2022-12-30T23:51:45","modified_gmt":"2022-12-30T23:51:45","slug":"perfume-con-feromonas-miel-de-amor-para-ellos","status":"publish","type":"product","link":"https:\/\/www.bazarmerlin.com\/inicio\/producto\/perfume-con-feromonas-miel-de-amor-para-ellos\/","title":{"rendered":"Perfume Con Feromonas Miel De Amor Para Ellos"},"content":{"rendered":"<p><strong>PERFUME MIEL DE AMOR ELLOS CON FEROMONAS<\/strong><br \/>\n<strong>LAS M\u00c1S VENDIDAS,\u00daNICAS TOTALMENTE INFALIBLES<\/strong><\/p>\n<p>&nbsp;<\/p>\n<p>Despu\u00e9s de pruebas extensas, fue encontrado que el 95 % de mujeres y hombres reaccion\u00f3 muy positivamente a las feromonas PERFUME MIEL DE AMOR ELLOS<\/p>\n<p>Ya que llegan enamorarse del perfume, esencia y feromonas que emiten quien lo utiliza. Las mujeres y hombres subconscientemente pueden descubrir feromonas a cientos de metros. Los experimentos de universidades tambi\u00e9n han indicado que los hombres y mujeres que tienen un alto nivel de feromonas tienden a tener m\u00e1s atracci\u00f3n por el sexo opuesto.<\/p>\n<p>Esto ha conducido a concluir que los hombres y mujeres que emiten los niveles m\u00e1s altos en feromonas tender\u00edan a ser m\u00e1s exitosos en la vida amorosa que aquellos que emiten bajos niveles o ninguno en absoluto.<\/p>\n<p>Finalmente &#8211; Una forma F\u00e1cil, R\u00e1pida y Discreta que ayuda a provocar atracci\u00f3n f\u00edsica y sexual en el sexo opuesto.<\/p>\n<p>OBT\u00c9N M\u00c1S CITAS, M\u00c1S AMOR Y MAS SEXO !!!!<\/p>\n<p>* INCREMENTA TU ATRACTIVO F\u00cdSICO Y SEXUAL.<br \/>\n* FORTALECE LA RELACI\u00d3N DE PAREJA DISMINUIDA POR LA RUTINA Y EL ESTR\u00c9S.<br \/>\n* ESTIMULA EL DESEO SEXUAL DEL SEXO OPUESTO.<br \/>\n* TE PRESTARAN MAS ATENCI\u00d3N DISPUESTAS A CUALQUIER PROPUESTA DE SEDUCCI\u00d3N.<\/p>\n<p>Las Feromonas PERFUME MIEL DE AMOR ELLOS vienen concentradas y son 100% puras para que al ser percibidas por EL SEXO OPUESTO se sientan atra\u00eddos hacia ti, provocando miradas, acercamientos mas expl\u00edcitos, excitaci\u00f3n y lo mas importante estar\u00e1n dispuestas a seguir el juego de la seducci\u00f3n sin ni siquiera sospechar que es lo que realmente sucede.<\/p>\n<p>&nbsp;<\/p>\n<p>&nbsp;<\/p>\n<p><strong>BAZAR MERLIN<\/strong><br \/>\n<strong>El Lugar M\u00e1s M\u00edstico de Guadalajara<\/strong><br \/>\n<strong>ENVIAMOS A TODO M\u00c9XICO<\/strong>&#8230;<\/p>\n<!-- AddThis Advanced Settings generic via filter on the_content --><!-- AddThis Share Buttons generic via filter on the_content -->","protected":false},"excerpt":{"rendered":"<p>PERFUME MIEL DE AMOR ELLOS CON FEROMONAS LAS M\u00c1S VENDIDAS,\u00daNICAS TOTALMENTE INFALIBLES &nbsp; Despu\u00e9s de pruebas extensas, fue encontrado que el 95 % de mujeres y hombres reaccion\u00f3 muy positivamente a las feromonas PERFUME MIEL DE AMOR ELLOS Ya que llegan enamorarse del perfume, esencia y feromonas que emiten quien lo utiliza. Las mujeres y&hellip;<!-- AddThis Advanced Settings generic via filter on get_the_excerpt --><!-- AddThis Share Buttons generic via filter on get_the_excerpt --><\/p>\n","protected":false},"featured_media":11307,"template":"","meta":[],"product_cat":[17],"product_tag":[1554],"_links":{"self":[{"href":"https:\/\/www.bazarmerlin.com\/inicio\/wp-json\/wp\/v2\/product\/8305"}],"collection":[{"href":"https:\/\/www.bazarmerlin.com\/inicio\/wp-json\/wp\/v2\/product"}],"about":[{"href":"https:\/\/www.bazarmerlin.com\/inicio\/wp-json\/wp\/v2\/types\/product"}],"wp:featuredmedia":[{"embeddable":true,"href":"https:\/\/www.bazarmerlin.com\/inicio\/wp-json\/wp\/v2\/media\/11307"}],"wp:attachment":[{"href":"https:\/\/www.bazarmerlin.com\/inicio\/wp-json\/wp\/v2\/media?parent=8305"}],"wp:term":[{"taxonomy":"product_cat","embeddable":true,"href":"https:\/\/www.bazarmerlin.com\/inicio\/wp-json\/wp\/v2\/product_cat?post=8305"},{"taxonomy":"product_tag","embeddable":true,"href":"https:\/\/www.bazarmerlin.com\/inicio\/wp-json\/wp\/v2\/product_tag?post=8305"}],"curies":[{"name":"wp","href":"https:\/\/api.w.org\/{rel}","templated":true}]}}