{"id":8307,"date":"2022-05-04T22:11:29","date_gmt":"2022-05-04T22:11:29","guid":{"rendered":"https:\/\/www.bazarmerlin.com\/inicio\/?post_type=product&#038;p=8307"},"modified":"2022-12-31T00:17:53","modified_gmt":"2022-12-31T00:17:53","slug":"perfume-miel-de-amor-para-ellas-con-feromonas","status":"publish","type":"product","link":"https:\/\/www.bazarmerlin.com\/inicio\/producto\/perfume-miel-de-amor-para-ellas-con-feromonas\/","title":{"rendered":"Perfume Miel De Amor Para Ellas Con Feromonas"},"content":{"rendered":"<p><strong>PERFUME &#8220;MIEL DE AMOR&#8221; PARA ELLAS CON FEROMONAS<\/strong><\/p>\n<p>Presentaci\u00f3n: 60 ML.<\/p>\n<p>Despu\u00e9s de pruebas extensas, fue encontrado que el 95 % de mujeres y hombres reaccion\u00f3 muy positivamente a las feromonas PERFUME MIEL DE AMOR ELLAS<\/p>\n<p>Ya que llegan enamorarse del perfume, esencia y feromonas que emiten quien lo utiliza, las mujeres y hombres subconscientemente pueden descubrir feromonas a cientos de metros, los experimentos de universidades tambi\u00e9n han indicado que los hombres y mujeres que tienen un alto nivel de feromonas tienden a tener m\u00e1s atracci\u00f3n por el sexo opuesto.<\/p>\n<p>Esto ha conducido a concluir que los hombres y mujeres que emiten los niveles m\u00e1s altos en feromonas tender\u00edan a ser m\u00e1s exitosos en la vida amorosa que aquellos que emiten bajos niveles o ninguno en absoluto.<\/p>\n<p>Finalmente &#8211; Una forma F\u00e1cil, R\u00e1pida y Discreta que ayuda a provocar atracci\u00f3n f\u00edsica y sexual en el sexo opuesto.<\/p>\n<p>-Incrementa tu atractivo f\u00edsico y sexual<br \/>\n-Fortalece la relaci\u00f3n de pareja disminuida por la rutina y el estr\u00e9s<br \/>\n-Estimula el deseo del sexo opuesto<br \/>\n-Te prestar\u00e1n mayor atenci\u00f3n, dispuestas a cualquier propuesta de seducci\u00f3n<\/p>\n<p>Las Feromonas del PERFUME MIEL DE AMOR ELLAS vienen concentradas y son 100% puras para que al ser percibidas por el sexo opuesto se sientan atra\u00eddos hacia ti, provocando miradas, acercamientos mas expl\u00edcitos, excitaci\u00f3n y lo mas importante estar\u00e1n dispuestas a seguir el juego de la seducci\u00f3n sin ni siquiera sospechar que es lo que realmente sucede.<\/p>\n<p>&nbsp;<\/p>\n<p>&nbsp;<\/p>\n<p><strong>BAZAR MERLIN<\/strong><br \/>\n<strong>El Lugar M\u00e1s M\u00edstico de Guadalajara<\/strong><br \/>\n<strong>ENVIAMOS A TODO M\u00c9XICO&#8230;<\/strong><\/p>\n<!-- AddThis Advanced Settings generic via filter on the_content --><!-- AddThis Share Buttons generic via filter on the_content -->","protected":false},"excerpt":{"rendered":"<p>PERFUME &#8220;MIEL DE AMOR&#8221; PARA ELLAS CON FEROMONAS Presentaci\u00f3n: 60 ML. Despu\u00e9s de pruebas extensas, fue encontrado que el 95 % de mujeres y hombres reaccion\u00f3 muy positivamente a las feromonas PERFUME MIEL DE AMOR ELLAS Ya que llegan enamorarse del perfume, esencia y feromonas que emiten quien lo utiliza, las mujeres y hombres subconscientemente&hellip;<!-- AddThis Advanced Settings generic via filter on get_the_excerpt --><!-- AddThis Share Buttons generic via filter on get_the_excerpt --><\/p>\n","protected":false},"featured_media":11311,"template":"","meta":[],"product_cat":[17],"product_tag":[1678],"_links":{"self":[{"href":"https:\/\/www.bazarmerlin.com\/inicio\/wp-json\/wp\/v2\/product\/8307"}],"collection":[{"href":"https:\/\/www.bazarmerlin.com\/inicio\/wp-json\/wp\/v2\/product"}],"about":[{"href":"https:\/\/www.bazarmerlin.com\/inicio\/wp-json\/wp\/v2\/types\/product"}],"wp:featuredmedia":[{"embeddable":true,"href":"https:\/\/www.bazarmerlin.com\/inicio\/wp-json\/wp\/v2\/media\/11311"}],"wp:attachment":[{"href":"https:\/\/www.bazarmerlin.com\/inicio\/wp-json\/wp\/v2\/media?parent=8307"}],"wp:term":[{"taxonomy":"product_cat","embeddable":true,"href":"https:\/\/www.bazarmerlin.com\/inicio\/wp-json\/wp\/v2\/product_cat?post=8307"},{"taxonomy":"product_tag","embeddable":true,"href":"https:\/\/www.bazarmerlin.com\/inicio\/wp-json\/wp\/v2\/product_tag?post=8307"}],"curies":[{"name":"wp","href":"https:\/\/api.w.org\/{rel}","templated":true}]}}