{"id":8310,"date":"2022-05-04T22:17:41","date_gmt":"2022-05-04T22:17:41","guid":{"rendered":"https:\/\/www.bazarmerlin.com\/inicio\/?post_type=product&#038;p=8310"},"modified":"2022-12-30T00:10:45","modified_gmt":"2022-12-30T00:10:45","slug":"feromonas-gay-concentradas-miel-de-amor","status":"publish","type":"product","link":"https:\/\/www.bazarmerlin.com\/inicio\/producto\/feromonas-gay-concentradas-miel-de-amor\/","title":{"rendered":"Feromonas Gay Concentradas &#8211; Miel De Amor"},"content":{"rendered":"<p><strong>FEROMONAS GAY<\/strong><\/p>\n<p>Feromonas gay que seducen a todos los homosexuales<\/p>\n<p>FRASCO CON 10 M.L<\/p>\n<p>Feromonas para hombres GAYS es una fragancia que hace subir la tensi\u00f3n entre dos hombres.<\/p>\n<p>La f\u00f3rmula ha sido desarrollada especialmente con finas mezclas de aceites esenciales para que t\u00fa y tu pareja se relajen, elevando el nivel de erotismo y poder de atracci\u00f3n al instante.<\/p>\n<p>Da un impulso extra a tu vida sexual con esta potente f\u00f3rmula innovadora que multiplicar\u00e1 los est\u00edmulos sexuales y la pasi\u00f3n.<\/p>\n<p>Este producto esta elaborado con ingredientes de excelente calidad.<\/p>\n<p>&nbsp;<\/p>\n<p>&nbsp;<\/p>\n<p><strong>BAZAR MERLIN\u00ae<\/strong><br \/>\n<strong>El Lugar M\u00e1s M\u00edstico de Guadalajara<\/strong><br \/>\n<strong>ENVIAMOS A TODO M\u00c9XICO<\/strong><\/p>\n<!-- AddThis Advanced Settings generic via filter on the_content --><!-- AddThis Share Buttons generic via filter on the_content -->","protected":false},"excerpt":{"rendered":"<p>FEROMONAS GAY Feromonas gay que seducen a todos los homosexuales FRASCO CON 10 M.L Feromonas para hombres GAYS es una fragancia que hace subir la tensi\u00f3n entre dos hombres. La f\u00f3rmula ha sido desarrollada especialmente con finas mezclas de aceites esenciales para que t\u00fa y tu pareja se relajen, elevando el nivel de erotismo y&hellip;<!-- AddThis Advanced Settings generic via filter on get_the_excerpt --><!-- AddThis Share Buttons generic via filter on get_the_excerpt --><\/p>\n","protected":false},"featured_media":11293,"template":"","meta":[],"product_cat":[17],"product_tag":[1679,200],"_links":{"self":[{"href":"https:\/\/www.bazarmerlin.com\/inicio\/wp-json\/wp\/v2\/product\/8310"}],"collection":[{"href":"https:\/\/www.bazarmerlin.com\/inicio\/wp-json\/wp\/v2\/product"}],"about":[{"href":"https:\/\/www.bazarmerlin.com\/inicio\/wp-json\/wp\/v2\/types\/product"}],"wp:featuredmedia":[{"embeddable":true,"href":"https:\/\/www.bazarmerlin.com\/inicio\/wp-json\/wp\/v2\/media\/11293"}],"wp:attachment":[{"href":"https:\/\/www.bazarmerlin.com\/inicio\/wp-json\/wp\/v2\/media?parent=8310"}],"wp:term":[{"taxonomy":"product_cat","embeddable":true,"href":"https:\/\/www.bazarmerlin.com\/inicio\/wp-json\/wp\/v2\/product_cat?post=8310"},{"taxonomy":"product_tag","embeddable":true,"href":"https:\/\/www.bazarmerlin.com\/inicio\/wp-json\/wp\/v2\/product_tag?post=8310"}],"curies":[{"name":"wp","href":"https:\/\/api.w.org\/{rel}","templated":true}]}}