{"id":8314,"date":"2022-05-04T22:29:24","date_gmt":"2022-05-04T22:29:24","guid":{"rendered":"https:\/\/www.bazarmerlin.com\/inicio\/?post_type=product&#038;p=8314"},"modified":"2022-12-30T23:38:09","modified_gmt":"2022-12-30T23:38:09","slug":"perfume-con-feromonas-miel-de-amor-para-caballero","status":"publish","type":"product","link":"https:\/\/www.bazarmerlin.com\/inicio\/producto\/perfume-con-feromonas-miel-de-amor-para-caballero\/","title":{"rendered":"Perfume Con Feromonas Miel De Amor Para Caballero"},"content":{"rendered":"<p><strong>PERFUME &#8220;MIEL DE AMOR&#8221; CON FEROMONAS PARA ELLOS<\/strong><\/p>\n<p>Presentaci\u00f3n: 60 ML.<\/p>\n<p>OBT\u00c9N M\u00c1S CITAS, M\u00c1S AMOR Y MAS SEXO !!!!<\/p>\n<p>* INCREMENTA TU ATRACTIVO F\u00cdSICO Y SEXUAL.<br \/>\n* FORTALECE LA RELACI\u00d3N DE PAREJA DISMINUIDA POR LA RUTINA Y EL ESTR\u00c9S.<br \/>\n* ESTIMULA EL DESEO SEXUAL DEL SEXO OPUESTO.<br \/>\n* TE PRESTARAN MAS ATENCI\u00d3N DISPUESTAS A CUALQUIER PROPUESTA DE SEDUCCI\u00d3N.<\/p>\n<p>Las feromonas masculinas son hormonas olfativas secretadas principalmente a trav\u00e9s de las gl\u00e1ndulas sudor\u00edparas. Cada vez que sudamos, excretamos peque\u00f1\u00edsimas cantidades de feromonas que nos hacen m\u00e1s atractivos, seg\u00fan el receptor.<\/p>\n<p>Ya existen en el mercado perfumes y productos con compuestos qu\u00edmicos (naturales y sint\u00e9ticos) que imitan a las feromonas masculinas naturales del cuerpo con gran \u00e9xito en su objetivo de atraer a mujeres o de incrementar tu atractivo<\/p>\n<p>Finalmente &#8211; Una forma F\u00e1cil, R\u00e1pida y Discreta que ayuda a provocar atracci\u00f3n f\u00edsica y sexual en el sexo opuesto.<\/p>\n<p>Las Feromonas PERFUME MIEL DE AMOR ELLOS vienen concentradas y son 100% puras para que al ser percibidas por EL SEXO OPUESTO se sientan atra\u00eddos hacia ti, provocando miradas, acercamientos mas expl\u00edcitos, excitaci\u00f3n y lo mas importante estar\u00e1n dispuestas a seguir el juego de la seducci\u00f3n sin ni siquiera sospechar que es lo que realmente sucede.<\/p>\n<p>&nbsp;<\/p>\n<p>&nbsp;<\/p>\n<p><strong>BAZAR MERLIN<\/strong><br \/>\n<strong>El Lugar M\u00e1s M\u00edstico de Guadalajara<\/strong><br \/>\n<strong>ENVIAMOS A TODO M\u00c9XICO&#8230;<\/strong><\/p>\n<!-- AddThis Advanced Settings generic via filter on the_content --><!-- AddThis Share Buttons generic via filter on the_content -->","protected":false},"excerpt":{"rendered":"<p>PERFUME &#8220;MIEL DE AMOR&#8221; CON FEROMONAS PARA ELLOS Presentaci\u00f3n: 60 ML. OBT\u00c9N M\u00c1S CITAS, M\u00c1S AMOR Y MAS SEXO !!!! * INCREMENTA TU ATRACTIVO F\u00cdSICO Y SEXUAL. * FORTALECE LA RELACI\u00d3N DE PAREJA DISMINUIDA POR LA RUTINA Y EL ESTR\u00c9S. * ESTIMULA EL DESEO SEXUAL DEL SEXO OPUESTO. * TE PRESTARAN MAS ATENCI\u00d3N DISPUESTAS A&hellip;<!-- AddThis Advanced Settings generic via filter on get_the_excerpt --><!-- AddThis Share Buttons generic via filter on get_the_excerpt --><\/p>\n","protected":false},"featured_media":11306,"template":"","meta":[],"product_cat":[17],"product_tag":[1681],"_links":{"self":[{"href":"https:\/\/www.bazarmerlin.com\/inicio\/wp-json\/wp\/v2\/product\/8314"}],"collection":[{"href":"https:\/\/www.bazarmerlin.com\/inicio\/wp-json\/wp\/v2\/product"}],"about":[{"href":"https:\/\/www.bazarmerlin.com\/inicio\/wp-json\/wp\/v2\/types\/product"}],"wp:featuredmedia":[{"embeddable":true,"href":"https:\/\/www.bazarmerlin.com\/inicio\/wp-json\/wp\/v2\/media\/11306"}],"wp:attachment":[{"href":"https:\/\/www.bazarmerlin.com\/inicio\/wp-json\/wp\/v2\/media?parent=8314"}],"wp:term":[{"taxonomy":"product_cat","embeddable":true,"href":"https:\/\/www.bazarmerlin.com\/inicio\/wp-json\/wp\/v2\/product_cat?post=8314"},{"taxonomy":"product_tag","embeddable":true,"href":"https:\/\/www.bazarmerlin.com\/inicio\/wp-json\/wp\/v2\/product_tag?post=8314"}],"curies":[{"name":"wp","href":"https:\/\/api.w.org\/{rel}","templated":true}]}}