{"id":8324,"date":"2022-05-05T23:58:44","date_gmt":"2022-05-05T23:58:44","guid":{"rendered":"https:\/\/www.bazarmerlin.com\/inicio\/?post_type=product&#038;p=8324"},"modified":"2023-08-19T00:52:07","modified_gmt":"2023-08-19T00:52:07","slug":"jabon-abre-caminos-quita-la-mala-suerte-de-inmediato","status":"publish","type":"product","link":"https:\/\/www.bazarmerlin.com\/inicio\/producto\/jabon-abre-caminos-quita-la-mala-suerte-de-inmediato\/","title":{"rendered":"Jab\u00f3n Abre Camino &#8211; Quita La Mala Suerte De Inmediato"},"content":{"rendered":"<p><strong>JAB\u00d3N ABRE CAMINOS PARA CORTAR MALA SUERTE<\/strong><\/p>\n<p>Corte de inmediato con la mala suerte emprender rumbo hacia el \u00e9xito desbloqueada inmediato cualquier camino atraer amor, salud y dinero.<\/p>\n<p>\u00bfSientes Que Tienes Mala Suerte?<br \/>\n\u00bfNo Te Rinda Tu Dinero?<br \/>\n\u00bfTienes Fracasos En El Amor?<br \/>\n\u00bfPeleas Mucho Con Tu Pareja?<\/p>\n<p>Para quitar todo eso negativo y alcanzar tus metas. Utiliza este gran jab\u00f3n, este jab\u00f3n le ayudar\u00e1 a liberarse del infortunio ademas de no tener un camino obstruido y ser una salida a los problemas que aquejan, utilizado diariamente y encontrar la llave al \u00e9xito.<\/p>\n<p>Los Jabones Esot\u00e9ricos son preparados con productos, esencias y extractos especiales. Cuando tienes un problema que crees de dif\u00edcil soluci\u00f3n es bueno recurrir a los rituales de magia, estos siempre nos ayudan a lograr exitosamente los objetivos que queremos conseguir.<\/p>\n<p>Las limpiezas o rituales con jabones sirven para uso diario tanto del cuerpo como de las manos y toda tu energ\u00eda c\u00f3smica y \u00e1urica equilibrando tus chakras para as\u00ed cambiar de forma inmediata tu suerte. Su fabricaci\u00f3n y su composici\u00f3n son de forma 100% artesanal por lo que llevan la esencia y extracto natural para equilibrar tu energ\u00eda, en algunos jabones hierbas en su interior.<\/p>\n<p>&#8211;PRODUCTO IMPORTADO&#8211;<\/p>\n<p>&nbsp;<\/p>\n<p>&nbsp;<\/p>\n<p><strong>BAZAR MERLIN<\/strong><br \/>\n<strong>El Lugar M\u00e1s M\u00edstico de Guadalajara<\/strong><br \/>\n<strong>ENVIAMOS A TODO M\u00c9XICO&#8230;<\/strong><\/p>\n<!-- AddThis Advanced Settings generic via filter on the_content --><!-- AddThis Share Buttons generic via filter on the_content -->","protected":false},"excerpt":{"rendered":"<p>JAB\u00d3N ABRE CAMINOS PARA CORTAR MALA SUERTE Corte de inmediato con la mala suerte emprender rumbo hacia el \u00e9xito desbloqueada inmediato cualquier camino atraer amor, salud y dinero. \u00bfSientes Que Tienes Mala Suerte? \u00bfNo Te Rinda Tu Dinero? \u00bfTienes Fracasos En El Amor? \u00bfPeleas Mucho Con Tu Pareja? Para quitar todo eso negativo y alcanzar&hellip;<!-- AddThis Advanced Settings generic via filter on get_the_excerpt --><!-- AddThis Share Buttons generic via filter on get_the_excerpt --><\/p>\n","protected":false},"featured_media":10227,"template":"","meta":[],"product_cat":[14],"product_tag":[1685,1686],"_links":{"self":[{"href":"https:\/\/www.bazarmerlin.com\/inicio\/wp-json\/wp\/v2\/product\/8324"}],"collection":[{"href":"https:\/\/www.bazarmerlin.com\/inicio\/wp-json\/wp\/v2\/product"}],"about":[{"href":"https:\/\/www.bazarmerlin.com\/inicio\/wp-json\/wp\/v2\/types\/product"}],"wp:featuredmedia":[{"embeddable":true,"href":"https:\/\/www.bazarmerlin.com\/inicio\/wp-json\/wp\/v2\/media\/10227"}],"wp:attachment":[{"href":"https:\/\/www.bazarmerlin.com\/inicio\/wp-json\/wp\/v2\/media?parent=8324"}],"wp:term":[{"taxonomy":"product_cat","embeddable":true,"href":"https:\/\/www.bazarmerlin.com\/inicio\/wp-json\/wp\/v2\/product_cat?post=8324"},{"taxonomy":"product_tag","embeddable":true,"href":"https:\/\/www.bazarmerlin.com\/inicio\/wp-json\/wp\/v2\/product_tag?post=8324"}],"curies":[{"name":"wp","href":"https:\/\/api.w.org\/{rel}","templated":true}]}}