{"id":8334,"date":"2022-05-06T18:28:04","date_gmt":"2022-05-06T18:28:04","guid":{"rendered":"https:\/\/www.bazarmerlin.com\/inicio\/?post_type=product&#038;p=8334"},"modified":"2022-10-03T22:43:34","modified_gmt":"2022-10-03T22:43:34","slug":"jabon-de-albahacar-quita-sal-llama-clientes-fortuna","status":"publish","type":"product","link":"https:\/\/www.bazarmerlin.com\/inicio\/producto\/jabon-de-albahacar-quita-sal-llama-clientes-fortuna\/","title":{"rendered":"Jab\u00f3n De Albahacar &#8211; Quita Sal Llama Clientes y Fortuna"},"content":{"rendered":"<p><strong>JAB\u00d3N SANTERO DE ALBAHACAR<\/strong><br \/>\nQuita Sal &#8211; Llama Clientes &#8211; Atrae Fortuna<\/p>\n<p>&nbsp;<\/p>\n<p>Con este delicioso y arom\u00e1tico jab\u00f3n de albahaca podr\u00e1s disfrutar de un relajante momento a la hora de tu ba\u00f1o diario mientras repite frase u oraci\u00f3n preferida, ayudando a que est\u00e9s protegi\u00e9ndote d\u00eda a d\u00eda de las malas vibras y limpiando tu ser de todo elemento negativo o adverso persona.<\/p>\n<p>Ayudando atraer la buena fortuna y todo el viernes tal que t\u00fa deseas para ti y tus seres amados por el poder de este grandioso jab\u00f3n.<\/p>\n<p>Los Jabones Esot\u00e9ricos son preparados con productos, esencias y extractos especiales. Cuando tienes un problema que crees de dif\u00edcil soluci\u00f3n es bueno recurrir a los rituales de magia, estos siempre nos ayudan a lograr exitosamente los objetivos que queremos conseguir.<\/p>\n<p>Las limpiezas o rituales con jabones sirven para uso diario tanto del cuerpo como de las manos y toda tu energ\u00eda c\u00f3smica y \u00e1urica equilibrando tus chakras para as\u00ed cambiar de forma inmediata tu suerte. Su fabricaci\u00f3n y su composici\u00f3n son de forma 100% artesanal por lo que llevan la esencia y extracto natural para equilibrar tu energ\u00eda, en algunos jabones hierbas en su interior.<\/p>\n<p>&nbsp;<\/p>\n<p>&nbsp;<\/p>\n<p><strong>BAZAR MERLIN<\/strong><br \/>\n<strong>El Lugar M\u00e1s M\u00edstico de Guadalajara<\/strong><br \/>\n<strong>ENVIAMOS A TODO M\u00c9XICO&#8230;<\/strong><\/p>\n<!-- AddThis Advanced Settings generic via filter on the_content --><!-- AddThis Share Buttons generic via filter on the_content -->","protected":false},"excerpt":{"rendered":"<p>JAB\u00d3N SANTERO DE ALBAHACAR Quita Sal &#8211; Llama Clientes &#8211; Atrae Fortuna &nbsp; Con este delicioso y arom\u00e1tico jab\u00f3n de albahaca podr\u00e1s disfrutar de un relajante momento a la hora de tu ba\u00f1o diario mientras repite frase u oraci\u00f3n preferida, ayudando a que est\u00e9s protegi\u00e9ndote d\u00eda a d\u00eda de las malas vibras y limpiando tu&hellip;<!-- AddThis Advanced Settings generic via filter on get_the_excerpt --><!-- AddThis Share Buttons generic via filter on get_the_excerpt --><\/p>\n","protected":false},"featured_media":10231,"template":"","meta":[],"product_cat":[14],"product_tag":[1689,1690],"_links":{"self":[{"href":"https:\/\/www.bazarmerlin.com\/inicio\/wp-json\/wp\/v2\/product\/8334"}],"collection":[{"href":"https:\/\/www.bazarmerlin.com\/inicio\/wp-json\/wp\/v2\/product"}],"about":[{"href":"https:\/\/www.bazarmerlin.com\/inicio\/wp-json\/wp\/v2\/types\/product"}],"wp:featuredmedia":[{"embeddable":true,"href":"https:\/\/www.bazarmerlin.com\/inicio\/wp-json\/wp\/v2\/media\/10231"}],"wp:attachment":[{"href":"https:\/\/www.bazarmerlin.com\/inicio\/wp-json\/wp\/v2\/media?parent=8334"}],"wp:term":[{"taxonomy":"product_cat","embeddable":true,"href":"https:\/\/www.bazarmerlin.com\/inicio\/wp-json\/wp\/v2\/product_cat?post=8334"},{"taxonomy":"product_tag","embeddable":true,"href":"https:\/\/www.bazarmerlin.com\/inicio\/wp-json\/wp\/v2\/product_tag?post=8334"}],"curies":[{"name":"wp","href":"https:\/\/api.w.org\/{rel}","templated":true}]}}