{"id":8340,"date":"2022-05-06T18:54:58","date_gmt":"2022-05-06T18:54:58","guid":{"rendered":"https:\/\/www.bazarmerlin.com\/inicio\/?post_type=product&#038;p=8340"},"modified":"2022-07-25T23:53:25","modified_gmt":"2022-07-25T23:53:25","slug":"jabon-rosas-con-miel-armonia-amor-y-atraccion","status":"publish","type":"product","link":"https:\/\/www.bazarmerlin.com\/inicio\/producto\/jabon-rosas-con-miel-armonia-amor-y-atraccion\/","title":{"rendered":"Jab\u00f3n Rosas Con Miel &#8211; Armon\u00eda Amor Y Atracci\u00f3n"},"content":{"rendered":"<p><strong>PODEROSO JAB\u00d3N ROSAS CON MIEL<\/strong><\/p>\n<p><em><strong>PODEROSO JABON QUE TE AYUDAR\u00c1 EN EL AMOR Y LA ATRACCI\u00d3N<\/strong><\/em><br \/>\n<em><strong>ADEM\u00c1S DE TRAER ARMON\u00cdA A TU VIDA<\/strong><\/em><\/p>\n<p>Este jab\u00f3n es la combinaci\u00f3n perfecta para aumentar la ATRACCI\u00d3N as\u00ed como el AMOR en tu vida proporcion\u00e1ndote con ello armon\u00eda<\/p>\n<p>Utiliza El poderoso jab\u00f3n de de rosas con miel aplic\u00e1ndolo con por todas tus manos y cuerpo todos los d\u00edas para que llegue el amor, la armon\u00eda y el esp\u00edritu de la buena suerte para todas tus necesidades. \u00daSALO DIARIAMENTE Y QUEDARAS SORPRENDIDO.<\/p>\n<p>Este poderoso jab\u00f3n ayudara a atraer el AMOR DE NUESTRAS VIDAS de una manera r\u00e1pida y muy efectiva, ya que equilibrando nuestra energ\u00eda y equilibrando nuestro campo \u00e1urico como tus 7 chakras esto ayudara a que te limpies de una manera muy sencilla y sana como poderosa. garantizado para que cambies esa mala suerte en \u00e9xito, no habr\u00e1 mujer o hombre que se resista a ti por el poder de este jab\u00f3n elaborado con extractos 100% naturales.<\/p>\n<p>Los Jabones Esot\u00e9ricos son preparados con productos, esencias y extractos especiales. Cuando tienes un problema que crees de dif\u00edcil soluci\u00f3n es bueno recurrir a los rituales de magia, ESTOS SIEMPRE NOS AYUDAN A LOGRAR EXITOSAMENTE LOS OBJETIVOS QUE QUEREMOS CONSEGUIR<\/p>\n<p>Las LIMPIEZAS o RITUALES con jabones sirven para uso diario tanto del cuerpo como de las manos y toda tu energ\u00eda c\u00f3smica y \u00e1urica equilibrando tus chakras para as\u00ed cambiar de forma inmediata tu suerte. Su fabricaci\u00f3n y su composici\u00f3n son de forma 100% artesanal por lo que llevan la esencia y EXTRACTO NATURAL para equilibrar tu energ\u00eda, en algunos jabones hierbas en su interior.<\/p>\n<p>&nbsp;<\/p>\n<p>&nbsp;<\/p>\n<p><strong>BAZAR MERLIN<\/strong><br \/>\n<strong>El Lugar M\u00e1s M\u00edstico de Guadalajara<\/strong><br \/>\n<strong>ENVIAMOS A TODO M\u00c9XICO<\/strong>&#8230;<\/p>\n<!-- AddThis Advanced Settings generic via filter on the_content --><!-- AddThis Share Buttons generic via filter on the_content -->","protected":false},"excerpt":{"rendered":"<p>PODEROSO JAB\u00d3N ROSAS CON MIEL PODEROSO JABON QUE TE AYUDAR\u00c1 EN EL AMOR Y LA ATRACCI\u00d3N ADEM\u00c1S DE TRAER ARMON\u00cdA A TU VIDA Este jab\u00f3n es la combinaci\u00f3n perfecta para aumentar la ATRACCI\u00d3N as\u00ed como el AMOR en tu vida proporcion\u00e1ndote con ello armon\u00eda Utiliza El poderoso jab\u00f3n de de rosas con miel aplic\u00e1ndolo con&hellip;<!-- AddThis Advanced Settings generic via filter on get_the_excerpt --><!-- AddThis Share Buttons generic via filter on get_the_excerpt --><\/p>\n","protected":false},"featured_media":9461,"template":"","meta":[],"product_cat":[14],"product_tag":[1692,1691],"_links":{"self":[{"href":"https:\/\/www.bazarmerlin.com\/inicio\/wp-json\/wp\/v2\/product\/8340"}],"collection":[{"href":"https:\/\/www.bazarmerlin.com\/inicio\/wp-json\/wp\/v2\/product"}],"about":[{"href":"https:\/\/www.bazarmerlin.com\/inicio\/wp-json\/wp\/v2\/types\/product"}],"wp:featuredmedia":[{"embeddable":true,"href":"https:\/\/www.bazarmerlin.com\/inicio\/wp-json\/wp\/v2\/media\/9461"}],"wp:attachment":[{"href":"https:\/\/www.bazarmerlin.com\/inicio\/wp-json\/wp\/v2\/media?parent=8340"}],"wp:term":[{"taxonomy":"product_cat","embeddable":true,"href":"https:\/\/www.bazarmerlin.com\/inicio\/wp-json\/wp\/v2\/product_cat?post=8340"},{"taxonomy":"product_tag","embeddable":true,"href":"https:\/\/www.bazarmerlin.com\/inicio\/wp-json\/wp\/v2\/product_tag?post=8340"}],"curies":[{"name":"wp","href":"https:\/\/api.w.org\/{rel}","templated":true}]}}