{"id":8342,"date":"2022-05-06T19:13:11","date_gmt":"2022-05-06T19:13:11","guid":{"rendered":"https:\/\/www.bazarmerlin.com\/inicio\/?post_type=product&#038;p=8342"},"modified":"2024-01-03T17:13:28","modified_gmt":"2024-01-03T17:13:28","slug":"jabon-abre-caminos-corta-de-inmediato-tu-mala-suerte","status":"publish","type":"product","link":"https:\/\/www.bazarmerlin.com\/inicio\/producto\/jabon-abre-caminos-corta-de-inmediato-tu-mala-suerte\/","title":{"rendered":"Jab\u00f3n Abre Caminos Corta De Inmediato Tu Mala Suerte"},"content":{"rendered":"<p><strong>\u00a0JAB\u00d3N ABRE CAMINOS<\/strong><br \/>\n<em><strong>PRODUCTO IMPORTADO<\/strong><\/em><\/p>\n<p><em>CORTA DE INMEDIATO TU MALA SUERTE<\/em><\/p>\n<p>Util\u00edzalo para jab\u00f3n de uso diario para quitar todo eso negativo y alcanzar tus <em>METAS<\/em>. Este jab\u00f3n le ayudar\u00e1 a liberarse del infortunio ademas de no tener un camino obstruido y ser una salida a los problemas que aquejan, utilizado diariamente y encontrar <em>LA LLAVE AL \u00c9XITO.<\/em><\/p>\n<p>Sientes Que Tienes Mala Suerte?<br \/>\nNo Te Rinde Tu Dinero?<br \/>\nTienes Fracasos En El Amor?<br \/>\nPeleas Mucho Con Tu Pareja?<\/p>\n<p>Las limpiezas o rituales con jabones sirven para uso diario tanto del cuerpo como de las manos y toda tu energ\u00eda c\u00f3smica y \u00e1urica equilibrando tus chakras para as\u00ed cambiar de forma inmediata tu suerte. Su fabricaci\u00f3n y su composici\u00f3n son de forma 100% <em>ARTESANAL<\/em> por lo que llevan la esencia y extracto natural para equilibrar tu energ\u00eda, en algunos jabones hierbas en su interior.<\/p>\n<p>Los Jabones Esot\u00e9ricos son preparados con productos, esencias y E<em>XTRACTOS ESPECIALES<\/em>. Cuando tienes un problema que crees de dif\u00edcil soluci\u00f3n es bueno recurrir a los rituales de magia, estos siempre nos ayudan a lograr exitosamente los objetivos que queremos conseguir.<\/p>\n<p><em>&#8211;PRODUCTO IMPORTADO&#8211;<\/em><\/p>\n<p>&nbsp;<\/p>\n<p>&nbsp;<\/p>\n<p><strong>BAZAR MERLIN<\/strong><br \/>\n<strong>El Lugar M\u00e1s M\u00edstico de Guadalajara<\/strong><br \/>\n<strong>ENVIAMOS A TODO M\u00c9XICO&#8230;<\/strong><\/p>\n<!-- AddThis Advanced Settings generic via filter on the_content --><!-- AddThis Share Buttons generic via filter on the_content -->","protected":false},"excerpt":{"rendered":"<p>\u00a0JAB\u00d3N ABRE CAMINOS PRODUCTO IMPORTADO CORTA DE INMEDIATO TU MALA SUERTE Util\u00edzalo para jab\u00f3n de uso diario para quitar todo eso negativo y alcanzar tus METAS. Este jab\u00f3n le ayudar\u00e1 a liberarse del infortunio ademas de no tener un camino obstruido y ser una salida a los problemas que aquejan, utilizado diariamente y encontrar LA&hellip;<!-- AddThis Advanced Settings generic via filter on get_the_excerpt --><!-- AddThis Share Buttons generic via filter on get_the_excerpt --><\/p>\n","protected":false},"featured_media":10228,"template":"","meta":[],"product_cat":[14],"product_tag":[1693],"_links":{"self":[{"href":"https:\/\/www.bazarmerlin.com\/inicio\/wp-json\/wp\/v2\/product\/8342"}],"collection":[{"href":"https:\/\/www.bazarmerlin.com\/inicio\/wp-json\/wp\/v2\/product"}],"about":[{"href":"https:\/\/www.bazarmerlin.com\/inicio\/wp-json\/wp\/v2\/types\/product"}],"wp:featuredmedia":[{"embeddable":true,"href":"https:\/\/www.bazarmerlin.com\/inicio\/wp-json\/wp\/v2\/media\/10228"}],"wp:attachment":[{"href":"https:\/\/www.bazarmerlin.com\/inicio\/wp-json\/wp\/v2\/media?parent=8342"}],"wp:term":[{"taxonomy":"product_cat","embeddable":true,"href":"https:\/\/www.bazarmerlin.com\/inicio\/wp-json\/wp\/v2\/product_cat?post=8342"},{"taxonomy":"product_tag","embeddable":true,"href":"https:\/\/www.bazarmerlin.com\/inicio\/wp-json\/wp\/v2\/product_tag?post=8342"}],"curies":[{"name":"wp","href":"https:\/\/api.w.org\/{rel}","templated":true}]}}