{"id":8344,"date":"2022-05-06T19:25:46","date_gmt":"2022-05-06T19:25:46","guid":{"rendered":"https:\/\/www.bazarmerlin.com\/inicio\/?post_type=product&#038;p=8344"},"modified":"2024-03-25T23:05:06","modified_gmt":"2024-03-25T23:05:06","slug":"jabon-ven-a-mi-atrae-el-amor-y-la-pasion","status":"publish","type":"product","link":"https:\/\/www.bazarmerlin.com\/inicio\/producto\/jabon-ven-a-mi-atrae-el-amor-y-la-pasion\/","title":{"rendered":"Jab\u00f3n Ven A Mi &#8211; Atrae El Amor Y La Pasi\u00f3n"},"content":{"rendered":"<p><strong>JAB\u00d3N VEN A MI &#8211; ATRAE EL AMOR Y LA PASI\u00d3N.<\/strong><\/p>\n<p>Jab\u00f3n Poderosos Afrodis\u00edaco para Seducir y Conquistar al Sexo Opuesto.<\/p>\n<p><em>USE A DIARIO COMO UN JAB\u00d3N NORMAL Y SU FRAGANCIA CUMPLIR\u00c1 TUS DESEOS.<\/em><\/p>\n<p>Los Jabones Esot\u00e9ricos son preparados con productos, esencias y extractos especiales. Cuando tienes un problema que crees de dif\u00edcil soluci\u00f3n es bueno recurrir a los rituales de magia, estos siempre nos ayudan a lograr exitosamente los objetivos que queremos conseguir.<\/p>\n<p>Las limpiezas o rituales con jabones sirven para uso diario tanto del cuerpo como de las manos y toda tu energ\u00eda c\u00f3smica y \u00e1urica equilibrando tus chakras para as\u00ed cambiar de forma inmediata tu suerte. Su fabricaci\u00f3n y su composici\u00f3n son de forma 100% artesanal por lo que llevan la esencia y extracto natural para equilibrar tu energ\u00eda, en algunos jabones hierbas en su interior.<\/p>\n<p>Elaborado con extractos, esencias y hiervas naturales que ayudan a incrementar tu atractivo y atracci\u00f3n inmediatamente, este poderoso jab\u00f3n ayudara a atraer y retener a la persona amada por su preparaci\u00f3n y consagraci\u00f3n por verdaderos conocedores de la alta magia para que el amor nunca falte y sea de una forma muy bella y hermosa en nuestras vidas sobre todo de muy f\u00e1cil uso.<\/p>\n<p><em>JAB\u00d3N DE VEN A MI PARA QUE VENGA A TI DE UNA MANERA R\u00c1PIDA Y SOBRE TODO MUY EFECTIVA 100% GARANTIZADO<\/em><\/p>\n<p>&nbsp;<\/p>\n<p>&nbsp;<\/p>\n<p><strong>BAZAR MERLIN<\/strong><br \/>\n<strong>El Lugar M\u00e1s M\u00edstico de Guadalajara<\/strong><br \/>\n<strong>ENVIAMOS A TODO M\u00c9XICO<\/strong>&#8230;<\/p>\n<!-- AddThis Advanced Settings generic via filter on the_content --><!-- AddThis Share Buttons generic via filter on the_content -->","protected":false},"excerpt":{"rendered":"<p>JAB\u00d3N VEN A MI &#8211; ATRAE EL AMOR Y LA PASI\u00d3N. Jab\u00f3n Poderosos Afrodis\u00edaco para Seducir y Conquistar al Sexo Opuesto. USE A DIARIO COMO UN JAB\u00d3N NORMAL Y SU FRAGANCIA CUMPLIR\u00c1 TUS DESEOS. Los Jabones Esot\u00e9ricos son preparados con productos, esencias y extractos especiales. Cuando tienes un problema que crees de dif\u00edcil soluci\u00f3n es&hellip;<!-- AddThis Advanced Settings generic via filter on get_the_excerpt --><!-- AddThis Share Buttons generic via filter on get_the_excerpt --><\/p>\n","protected":false},"featured_media":10264,"template":"","meta":[],"product_cat":[14],"product_tag":[1694,803],"_links":{"self":[{"href":"https:\/\/www.bazarmerlin.com\/inicio\/wp-json\/wp\/v2\/product\/8344"}],"collection":[{"href":"https:\/\/www.bazarmerlin.com\/inicio\/wp-json\/wp\/v2\/product"}],"about":[{"href":"https:\/\/www.bazarmerlin.com\/inicio\/wp-json\/wp\/v2\/types\/product"}],"wp:featuredmedia":[{"embeddable":true,"href":"https:\/\/www.bazarmerlin.com\/inicio\/wp-json\/wp\/v2\/media\/10264"}],"wp:attachment":[{"href":"https:\/\/www.bazarmerlin.com\/inicio\/wp-json\/wp\/v2\/media?parent=8344"}],"wp:term":[{"taxonomy":"product_cat","embeddable":true,"href":"https:\/\/www.bazarmerlin.com\/inicio\/wp-json\/wp\/v2\/product_cat?post=8344"},{"taxonomy":"product_tag","embeddable":true,"href":"https:\/\/www.bazarmerlin.com\/inicio\/wp-json\/wp\/v2\/product_tag?post=8344"}],"curies":[{"name":"wp","href":"https:\/\/api.w.org\/{rel}","templated":true}]}}