{"id":8350,"date":"2022-05-06T19:42:40","date_gmt":"2022-05-06T19:42:40","guid":{"rendered":"https:\/\/www.bazarmerlin.com\/inicio\/?post_type=product&#038;p=8350"},"modified":"2024-01-03T17:13:28","modified_gmt":"2024-01-03T17:13:28","slug":"jabon-de-romero-para-limpiar-y-quitar-danos-en-tu-persona","status":"publish","type":"product","link":"https:\/\/www.bazarmerlin.com\/inicio\/producto\/jabon-de-romero-para-limpiar-y-quitar-danos-en-tu-persona\/","title":{"rendered":"Jab\u00f3n De Romero Para Limpiar Y Quitar Da\u00f1os En Tu Persona"},"content":{"rendered":"<p><strong>JABON DE ROMERO<\/strong><\/p>\n<p><em><strong>IDEAL PARA CORTAR DA\u00d1OS, AS\u00cd COMO ENVIDIAS,<\/strong><\/em><br \/>\n<em><strong>MALAS VIBRAS Y QUITAR HASTA MAL DE OJO<\/strong><\/em><br \/>\n<em><strong>CON SOLO USARLO COMO JAB\u00d3N DE USO NORMAL TODOS LOS D\u00cdAS<\/strong><\/em><\/p>\n<p><em>JAB\u00d3N DE ROMERO CONCENTRADO<\/em><\/p>\n<p>El romero es una poderosa planta que rompe con todo el mal que se tenga ya sea natural o provocado<\/p>\n<p>Los Jabones Esot\u00e9ricos son preparados con productos, esencias y extractos especiales. Cuando tienes un problema que crees de dif\u00edcil soluci\u00f3n es bueno recurrir a los rituales de magia, estos siempre nos ayudan a lograr exitosamente los objetivos que queremos conseguir.<\/p>\n<p>Elaborados en conjunto con dem\u00e1s plantas para brindar protecci\u00f3n, ayudar para despojos y limpias, ademas de funcionar contra energ\u00edas negativas como las envidias.<\/p>\n<p>Ademas ayuda a corregir y aumentar nuestra energ\u00eda, ya que estabiliza los 7 chakras ayud\u00e1ndonos a atraer dinero, amor, salud, protecci\u00f3n, abrir caminos y \u00e9xito en todo lo que emprendamos<\/p>\n<p>&nbsp;<\/p>\n<p>&nbsp;<\/p>\n<p><strong>BAZAR MERLIN<\/strong><br \/>\n<strong>El Lugar M\u00e1s M\u00edstico de Guadalajara<\/strong><br \/>\n<strong>ENVIAMOS A TODO M\u00c9XICO&#8230;<\/strong><\/p>\n<!-- AddThis Advanced Settings generic via filter on the_content --><!-- AddThis Share Buttons generic via filter on the_content -->","protected":false},"excerpt":{"rendered":"<p>JABON DE ROMERO IDEAL PARA CORTAR DA\u00d1OS, AS\u00cd COMO ENVIDIAS, MALAS VIBRAS Y QUITAR HASTA MAL DE OJO CON SOLO USARLO COMO JAB\u00d3N DE USO NORMAL TODOS LOS D\u00cdAS JAB\u00d3N DE ROMERO CONCENTRADO El romero es una poderosa planta que rompe con todo el mal que se tenga ya sea natural o provocado Los Jabones&hellip;<!-- AddThis Advanced Settings generic via filter on get_the_excerpt --><!-- AddThis Share Buttons generic via filter on get_the_excerpt --><\/p>\n","protected":false},"featured_media":8351,"template":"","meta":[],"product_cat":[14],"product_tag":[1698],"_links":{"self":[{"href":"https:\/\/www.bazarmerlin.com\/inicio\/wp-json\/wp\/v2\/product\/8350"}],"collection":[{"href":"https:\/\/www.bazarmerlin.com\/inicio\/wp-json\/wp\/v2\/product"}],"about":[{"href":"https:\/\/www.bazarmerlin.com\/inicio\/wp-json\/wp\/v2\/types\/product"}],"wp:featuredmedia":[{"embeddable":true,"href":"https:\/\/www.bazarmerlin.com\/inicio\/wp-json\/wp\/v2\/media\/8351"}],"wp:attachment":[{"href":"https:\/\/www.bazarmerlin.com\/inicio\/wp-json\/wp\/v2\/media?parent=8350"}],"wp:term":[{"taxonomy":"product_cat","embeddable":true,"href":"https:\/\/www.bazarmerlin.com\/inicio\/wp-json\/wp\/v2\/product_cat?post=8350"},{"taxonomy":"product_tag","embeddable":true,"href":"https:\/\/www.bazarmerlin.com\/inicio\/wp-json\/wp\/v2\/product_tag?post=8350"}],"curies":[{"name":"wp","href":"https:\/\/api.w.org\/{rel}","templated":true}]}}