{"id":8352,"date":"2022-05-06T19:51:23","date_gmt":"2022-05-06T19:51:23","guid":{"rendered":"https:\/\/www.bazarmerlin.com\/inicio\/?post_type=product&#038;p=8352"},"modified":"2022-06-20T22:48:18","modified_gmt":"2022-06-20T22:48:18","slug":"jabon-saca-sal-atrae-suerte-y-fortuna","status":"publish","type":"product","link":"https:\/\/www.bazarmerlin.com\/inicio\/producto\/jabon-saca-sal-atrae-suerte-y-fortuna\/","title":{"rendered":"Jab\u00f3n Saca Sal &#8211; Atrae Suerte Y Fortuna"},"content":{"rendered":"<p><strong>JAB\u00d3N SACA SAL<\/strong><\/p>\n<p>&nbsp;<\/p>\n<p><em>&#8211; PODEROSO JAB\u00d3N PARA OBTENER SUERTE EN SU VIDA, NEGOCIOS Y FUTUROS PROYECTOS-<\/em><\/p>\n<p>Cada vez que emprenda cualquier acci\u00f3n para obtener suerte, use este jab\u00f3n y la fortuna le ser\u00e1 propicia en todas las actividades de su vida.<\/p>\n<p>Este Jab\u00f3n le ayudara a contrarrestar cualquier tipo de da\u00f1o, quitar salaciones, hechizos, purificar, liberar y cortar trabas mal de ojo, envidias, trabajo de magia negra y carga ps\u00edquica como brujer\u00edas y maldiciones.<\/p>\n<p>\u00faselo diariamente y sienta como el poder y aroma de sus hierbas limpia y libera su Aura de todo mal, abriendo caminos al amor, dinero, salud y oportunidades.<\/p>\n<p>-Este Jab\u00f3n esta elaborado con los m\u00e1s finos ingredientes y formulas M\u00e1gicas secretas proporcionadas por Chamanes.<\/p>\n<p>&nbsp;<\/p>\n<p>&nbsp;<\/p>\n<p><strong>BAZAR MERLIN\u00ae<\/strong><br \/>\n<strong>El Lugar M\u00e1s M\u00edstico de Guadalajara<\/strong><br \/>\n<strong>ENVIAMOS A TODO M\u00c9XICO &#8230;<\/strong><\/p>\n<!-- AddThis Advanced Settings generic via filter on the_content --><!-- AddThis Share Buttons generic via filter on the_content -->","protected":false},"excerpt":{"rendered":"<p>JAB\u00d3N SACA SAL &nbsp; &#8211; PODEROSO JAB\u00d3N PARA OBTENER SUERTE EN SU VIDA, NEGOCIOS Y FUTUROS PROYECTOS- Cada vez que emprenda cualquier acci\u00f3n para obtener suerte, use este jab\u00f3n y la fortuna le ser\u00e1 propicia en todas las actividades de su vida. Este Jab\u00f3n le ayudara a contrarrestar cualquier tipo de da\u00f1o, quitar salaciones, hechizos,&hellip;<!-- AddThis Advanced Settings generic via filter on get_the_excerpt --><!-- AddThis Share Buttons generic via filter on get_the_excerpt --><\/p>\n","protected":false},"featured_media":8353,"template":"","meta":[],"product_cat":[14],"product_tag":[1700,1699],"_links":{"self":[{"href":"https:\/\/www.bazarmerlin.com\/inicio\/wp-json\/wp\/v2\/product\/8352"}],"collection":[{"href":"https:\/\/www.bazarmerlin.com\/inicio\/wp-json\/wp\/v2\/product"}],"about":[{"href":"https:\/\/www.bazarmerlin.com\/inicio\/wp-json\/wp\/v2\/types\/product"}],"wp:featuredmedia":[{"embeddable":true,"href":"https:\/\/www.bazarmerlin.com\/inicio\/wp-json\/wp\/v2\/media\/8353"}],"wp:attachment":[{"href":"https:\/\/www.bazarmerlin.com\/inicio\/wp-json\/wp\/v2\/media?parent=8352"}],"wp:term":[{"taxonomy":"product_cat","embeddable":true,"href":"https:\/\/www.bazarmerlin.com\/inicio\/wp-json\/wp\/v2\/product_cat?post=8352"},{"taxonomy":"product_tag","embeddable":true,"href":"https:\/\/www.bazarmerlin.com\/inicio\/wp-json\/wp\/v2\/product_tag?post=8352"}],"curies":[{"name":"wp","href":"https:\/\/api.w.org\/{rel}","templated":true}]}}