{"id":8355,"date":"2022-05-06T21:12:27","date_gmt":"2022-05-06T21:12:27","guid":{"rendered":"https:\/\/www.bazarmerlin.com\/inicio\/?post_type=product&#038;p=8355"},"modified":"2022-06-08T23:42:27","modified_gmt":"2022-06-08T23:42:27","slug":"jabon-de-pirul-libera-de-maleficios-y-envidias","status":"publish","type":"product","link":"https:\/\/www.bazarmerlin.com\/inicio\/producto\/jabon-de-pirul-libera-de-maleficios-y-envidias\/","title":{"rendered":"Jab\u00f3n De Pirul &#8211; Libera De Maleficios Y Envidias"},"content":{"rendered":"<p><strong>JAB\u00d3N DE PIRUL<\/strong><\/p>\n<p>Util\u00edzalo como uso diario,<br \/>\nContra Maleficios, Malas Intenciones y Envidas.<\/p>\n<p>Absorbe las malas influencias y corrientes negativas,<br \/>\nactiva la energ\u00eda del aura astral y favorece la atracci\u00f3n de la buena suerte.<\/p>\n<p>Utilizado para quitar toda energ\u00eda negativa, malas vibras, envidias, contrarrestar todo da\u00f1o que alguien quisiese hacerle, tray\u00e9ndonos paz.<\/p>\n<p>Utilice este Jab\u00f3n hecho especialmente para evitar que usted recoja alg\u00fan da\u00f1o, que no fue destinado para usted, ya que esto es muy com\u00fan encontrarlo en panteones, montes, r\u00edos, o de personas que ya tienen trabajos negativos con ellos.<\/p>\n<p>Con este Jab\u00f3n limpie su cuerpo de la cabeza a los pies, con su mano izquierda, mientras dice que desea alejar toda energ\u00eda negativa que se haya impregnado en usted.<\/p>\n<p>&nbsp;<\/p>\n<p>&nbsp;<\/p>\n<p><strong>BAZAR MERLIN\u00ae<\/strong><br \/>\n<strong>El Lugar M\u00e1s M\u00edstico de Guadalajara<\/strong><br \/>\n<strong>ENVIAMOS A TODO M\u00c9XICO&#8230;<\/strong><\/p>\n<!-- AddThis Advanced Settings generic via filter on the_content --><!-- AddThis Share Buttons generic via filter on the_content -->","protected":false},"excerpt":{"rendered":"<p>JAB\u00d3N DE PIRUL Util\u00edzalo como uso diario, Contra Maleficios, Malas Intenciones y Envidas. Absorbe las malas influencias y corrientes negativas, activa la energ\u00eda del aura astral y favorece la atracci\u00f3n de la buena suerte. Utilizado para quitar toda energ\u00eda negativa, malas vibras, envidias, contrarrestar todo da\u00f1o que alguien quisiese hacerle, tray\u00e9ndonos paz. Utilice este Jab\u00f3n&hellip;<!-- AddThis Advanced Settings generic via filter on get_the_excerpt --><!-- AddThis Share Buttons generic via filter on get_the_excerpt --><\/p>\n","protected":false},"featured_media":8356,"template":"","meta":[],"product_cat":[14],"product_tag":[1701,1702],"_links":{"self":[{"href":"https:\/\/www.bazarmerlin.com\/inicio\/wp-json\/wp\/v2\/product\/8355"}],"collection":[{"href":"https:\/\/www.bazarmerlin.com\/inicio\/wp-json\/wp\/v2\/product"}],"about":[{"href":"https:\/\/www.bazarmerlin.com\/inicio\/wp-json\/wp\/v2\/types\/product"}],"wp:featuredmedia":[{"embeddable":true,"href":"https:\/\/www.bazarmerlin.com\/inicio\/wp-json\/wp\/v2\/media\/8356"}],"wp:attachment":[{"href":"https:\/\/www.bazarmerlin.com\/inicio\/wp-json\/wp\/v2\/media?parent=8355"}],"wp:term":[{"taxonomy":"product_cat","embeddable":true,"href":"https:\/\/www.bazarmerlin.com\/inicio\/wp-json\/wp\/v2\/product_cat?post=8355"},{"taxonomy":"product_tag","embeddable":true,"href":"https:\/\/www.bazarmerlin.com\/inicio\/wp-json\/wp\/v2\/product_tag?post=8355"}],"curies":[{"name":"wp","href":"https:\/\/api.w.org\/{rel}","templated":true}]}}