{"id":8357,"date":"2022-05-06T21:19:13","date_gmt":"2022-05-06T21:19:13","guid":{"rendered":"https:\/\/www.bazarmerlin.com\/inicio\/?post_type=product&#038;p=8357"},"modified":"2023-08-19T00:52:07","modified_gmt":"2023-08-19T00:52:07","slug":"jabon-coctel-33-exito-amor-dinero-y-proteccion","status":"publish","type":"product","link":"https:\/\/www.bazarmerlin.com\/inicio\/producto\/jabon-coctel-33-exito-amor-dinero-y-proteccion\/","title":{"rendered":"Jab\u00f3n Coctel 33 &#8211; En El Amor, Dinero Y Protecci\u00f3n"},"content":{"rendered":"<p><strong>JAB\u00d3N COCTEL 33 ESENCIAS<\/strong><br \/>\nPresentaci\u00f3n: 100 Gramos.<\/p>\n<p>RETIRA BLOQUEOS Y ATRAE LA BUENA SUERTE<\/p>\n<p>Especial para atraer \u00c9xito EN EL AMOR, DINERO Y PROTECCI\u00d3N<\/p>\n<p>\u00dasalo como jab\u00f3n diario y veras que pronto se retirar\u00e1n todos los da\u00f1os de tu persona.<\/p>\n<p>El \u00fanico jab\u00f3n que est\u00e1 hecho con 33 ESENCIAS Y HIERBAS M\u00cdSTICAS para que tu energ\u00eda y la de tu alrededor SE LIMPIE desde el primer d\u00eda.<\/p>\n<p>&nbsp;<\/p>\n<p>&nbsp;<\/p>\n<p><strong>BAZAR MERLIN<\/strong><br \/>\n<strong>El Lugar M\u00e1s M\u00edstico de Guadalajara<\/strong><br \/>\n<strong>ENVIAMOS A TODO M\u00c9XICO&#8230;<\/strong><\/p>\n<!-- AddThis Advanced Settings generic via filter on the_content --><!-- AddThis Share Buttons generic via filter on the_content -->","protected":false},"excerpt":{"rendered":"<p>JAB\u00d3N COCTEL 33 ESENCIAS Presentaci\u00f3n: 100 Gramos. RETIRA BLOQUEOS Y ATRAE LA BUENA SUERTE Especial para atraer \u00c9xito EN EL AMOR, DINERO Y PROTECCI\u00d3N \u00dasalo como jab\u00f3n diario y veras que pronto se retirar\u00e1n todos los da\u00f1os de tu persona. El \u00fanico jab\u00f3n que est\u00e1 hecho con 33 ESENCIAS Y HIERBAS M\u00cdSTICAS para que tu&hellip;<!-- AddThis Advanced Settings generic via filter on get_the_excerpt --><!-- AddThis Share Buttons generic via filter on get_the_excerpt --><\/p>\n","protected":false},"featured_media":8358,"template":"","meta":[],"product_cat":[14],"product_tag":[514,1704,1703],"_links":{"self":[{"href":"https:\/\/www.bazarmerlin.com\/inicio\/wp-json\/wp\/v2\/product\/8357"}],"collection":[{"href":"https:\/\/www.bazarmerlin.com\/inicio\/wp-json\/wp\/v2\/product"}],"about":[{"href":"https:\/\/www.bazarmerlin.com\/inicio\/wp-json\/wp\/v2\/types\/product"}],"wp:featuredmedia":[{"embeddable":true,"href":"https:\/\/www.bazarmerlin.com\/inicio\/wp-json\/wp\/v2\/media\/8358"}],"wp:attachment":[{"href":"https:\/\/www.bazarmerlin.com\/inicio\/wp-json\/wp\/v2\/media?parent=8357"}],"wp:term":[{"taxonomy":"product_cat","embeddable":true,"href":"https:\/\/www.bazarmerlin.com\/inicio\/wp-json\/wp\/v2\/product_cat?post=8357"},{"taxonomy":"product_tag","embeddable":true,"href":"https:\/\/www.bazarmerlin.com\/inicio\/wp-json\/wp\/v2\/product_tag?post=8357"}],"curies":[{"name":"wp","href":"https:\/\/api.w.org\/{rel}","templated":true}]}}