{"id":8361,"date":"2022-05-06T21:42:26","date_gmt":"2022-05-06T21:42:26","guid":{"rendered":"https:\/\/www.bazarmerlin.com\/inicio\/?post_type=product&#038;p=8361"},"modified":"2022-06-08T23:42:28","modified_gmt":"2022-06-08T23:42:28","slug":"jabon-pajaro-macua-proteccion-amor-y-buena-suerte","status":"publish","type":"product","link":"https:\/\/www.bazarmerlin.com\/inicio\/producto\/jabon-pajaro-macua-proteccion-amor-y-buena-suerte\/","title":{"rendered":"Jab\u00f3n P\u00e1jaro Macua &#8211; Protecci\u00f3n, Amor Y Buena Suerte"},"content":{"rendered":"<p><strong>PODEROSO JABON NIDO DEL P\u00c1JARO MACUA.<\/strong><\/p>\n<p><em>EL JAB\u00d3N ORIGINAL DE LA BUENA SUERTE PARA EL AMOR, SALUD, ABUNDANCIA, ARMON\u00cdA Y SUERTE EN TODO.<\/em><\/p>\n<p>Una de las leyendas que rodea al P\u00e1jaro Macu\u00e1 cuenta que Cristo impresionado por la belleza de un Macu\u00e1 que vio sentado en la rama de un olivo en las monta\u00f1as de Galilea lo proclamo bendito sobre todos los dem\u00e1s. Cuenta la leyenda que fue el P\u00e1jaro Macu\u00e1 quien le quito al Se\u00f1or las espinas de la corona clavadas en su frente y as\u00ed gano un lugar muy especial en el coraz\u00f3n de Dios. La leyenda del P\u00e1jaro Macu\u00e1 vive a\u00fan hoy ya que muchos productos de alto poder esot\u00e9rico usan parte de su nido para hacer productos m\u00e1gicos cargados de alta energ\u00eda.<\/p>\n<p><em>ESTE PODEROSO JAB\u00d3N SE ENCUENTRA PREPARADO DESDE VENEZUELA.<\/em><\/p>\n<p>Este maravilloso Jab\u00f3n, preparado con el nido del P\u00e1jaro Macua, tiene el poder y el magnetismo de atraer a quien lo use: Amor, Dinero, Salud, Uni\u00f3n de Novios, Suerte y Prosperidad en todo negocio que emprenda. Cuenta la historia que esta m\u00edstica ave hace su nido en las alturas, donde adquiere todo el poder y la radiaciones positivas. Recuerde: \u201cSi sus penas quiere olvidar ponga el nido del p\u00e1jaro macua a trabajar.\u201d<\/p>\n<p><em>USA EL JAB\u00d3N EN TU BA\u00d1O DIARIO Y ANTES DE SALIR DE TU CASA U OFICINA AS\u00cd MISMO DEJA QUE LA MAGIA Y LA BUENA SUERTE TE SIGA A TODAS PARTES A TI Y A TODA TU FAMILIA.<\/em><\/p>\n<p><em>ESTE PODEROSO JAB\u00d3N ABRE PUERTAS Y CAMINOS POR MAS CERRADOS QUE ESTE Y MAS MALA SUERTE QUE TENGAS.<\/em><\/p>\n<p>&nbsp;<\/p>\n<p>&nbsp;<\/p>\n<p><strong>BAZAR MERLIN<\/strong><br \/>\n<strong>El Lugar M\u00e1s M\u00edstico de Guadalajara<\/strong><br \/>\n<strong>ENVIAMOS A TODO M\u00c9XICO&#8230;<\/strong><\/p>\n<!-- AddThis Advanced Settings generic via filter on the_content --><!-- AddThis Share Buttons generic via filter on the_content -->","protected":false},"excerpt":{"rendered":"<p>PODEROSO JABON NIDO DEL P\u00c1JARO MACUA. EL JAB\u00d3N ORIGINAL DE LA BUENA SUERTE PARA EL AMOR, SALUD, ABUNDANCIA, ARMON\u00cdA Y SUERTE EN TODO. Una de las leyendas que rodea al P\u00e1jaro Macu\u00e1 cuenta que Cristo impresionado por la belleza de un Macu\u00e1 que vio sentado en la rama de un olivo en las monta\u00f1as de&hellip;<!-- AddThis Advanced Settings generic via filter on get_the_excerpt --><!-- AddThis Share Buttons generic via filter on get_the_excerpt --><\/p>\n","protected":false},"featured_media":8362,"template":"","meta":[],"product_cat":[14],"product_tag":[1707,1706,57],"_links":{"self":[{"href":"https:\/\/www.bazarmerlin.com\/inicio\/wp-json\/wp\/v2\/product\/8361"}],"collection":[{"href":"https:\/\/www.bazarmerlin.com\/inicio\/wp-json\/wp\/v2\/product"}],"about":[{"href":"https:\/\/www.bazarmerlin.com\/inicio\/wp-json\/wp\/v2\/types\/product"}],"wp:featuredmedia":[{"embeddable":true,"href":"https:\/\/www.bazarmerlin.com\/inicio\/wp-json\/wp\/v2\/media\/8362"}],"wp:attachment":[{"href":"https:\/\/www.bazarmerlin.com\/inicio\/wp-json\/wp\/v2\/media?parent=8361"}],"wp:term":[{"taxonomy":"product_cat","embeddable":true,"href":"https:\/\/www.bazarmerlin.com\/inicio\/wp-json\/wp\/v2\/product_cat?post=8361"},{"taxonomy":"product_tag","embeddable":true,"href":"https:\/\/www.bazarmerlin.com\/inicio\/wp-json\/wp\/v2\/product_tag?post=8361"}],"curies":[{"name":"wp","href":"https:\/\/api.w.org\/{rel}","templated":true}]}}