{"id":8363,"date":"2022-05-06T21:49:02","date_gmt":"2022-05-06T21:49:02","guid":{"rendered":"https:\/\/www.bazarmerlin.com\/inicio\/?post_type=product&#038;p=8363"},"modified":"2022-10-04T21:48:39","modified_gmt":"2022-10-04T21:48:39","slug":"jabon-don-juan-del-dinero-atrae-fortuna-y-exito-a-tu-vida","status":"publish","type":"product","link":"https:\/\/www.bazarmerlin.com\/inicio\/producto\/jabon-don-juan-del-dinero-atrae-fortuna-y-exito-a-tu-vida\/","title":{"rendered":"Jab\u00f3n Don Juan Del Dinero Atrae Fortuna Y \u00c9xito A Tu Vida"},"content":{"rendered":"<p><strong>JAB\u00d3N DON JUAN DEL DINERO<\/strong><br \/>\nAtrae mejores ventas para tu trabajo o negocio!<\/p>\n<p>Cuando sientas que los negocios van decayendo y no rinde el dinero, es este poderoso jab\u00f3n que te proteger\u00e1 de da\u00f1os y envidias abri\u00e9ndote oportunidades para alcanzar la prosperidad y el \u00e9xito que tanto mereces. S\u00f3lo necesitar\u00e1s ba\u00f1arte todos los d\u00edas con este poderoso jab\u00f3n y decir con mucha fe tu oraci\u00f3n favorita de inmediato invocaras confianza y seguridad en todas las personas con las que trates.<\/p>\n<p>Especial para atraer la buena suerte en lo personal \u00e9xito en los negocios y tener toda la protecci\u00f3n a donde quiera que vaya.<\/p>\n<p>Los Jabones Esot\u00e9ricos son preparados con productos, esencias y extractos especiales. Cuando tienes un problema que crees de dif\u00edcil soluci\u00f3n es bueno recurrir a los rituales de magia, estos siempre nos ayudan a lograr exitosamente los objetivos que queremos conseguir.<\/p>\n<p>Las limpiezas o rituales con jabones sirven para uso diario tanto del cuerpo como de las manos y toda tu energ\u00eda c\u00f3smica y \u00e1urica equilibrando tus chakras para as\u00ed cambiar de forma inmediata tu suerte. Su fabricaci\u00f3n y su composici\u00f3n son de forma 100% artesanal por lo que llevan la esencia y extracto natural para equilibrar tu energ\u00eda, en algunos jabones hierbas en su interior.<\/p>\n<p>&nbsp;<\/p>\n<p>&nbsp;<\/p>\n<p><strong>BAZAR MERLIN<\/strong><br \/>\n<strong>El Lugar M\u00e1s M\u00edstico de Guadalajara<\/strong><br \/>\n<strong>ENVIAMOS A TODO M\u00c9XICO&#8230;<\/strong><\/p>\n<!-- AddThis Advanced Settings generic via filter on the_content --><!-- AddThis Share Buttons generic via filter on the_content -->","protected":false},"excerpt":{"rendered":"<p>JAB\u00d3N DON JUAN DEL DINERO Atrae mejores ventas para tu trabajo o negocio! Cuando sientas que los negocios van decayendo y no rinde el dinero, es este poderoso jab\u00f3n que te proteger\u00e1 de da\u00f1os y envidias abri\u00e9ndote oportunidades para alcanzar la prosperidad y el \u00e9xito que tanto mereces. S\u00f3lo necesitar\u00e1s ba\u00f1arte todos los d\u00edas con&hellip;<!-- AddThis Advanced Settings generic via filter on get_the_excerpt --><!-- AddThis Share Buttons generic via filter on get_the_excerpt --><\/p>\n","protected":false},"featured_media":10238,"template":"","meta":[],"product_cat":[14],"product_tag":[1708],"_links":{"self":[{"href":"https:\/\/www.bazarmerlin.com\/inicio\/wp-json\/wp\/v2\/product\/8363"}],"collection":[{"href":"https:\/\/www.bazarmerlin.com\/inicio\/wp-json\/wp\/v2\/product"}],"about":[{"href":"https:\/\/www.bazarmerlin.com\/inicio\/wp-json\/wp\/v2\/types\/product"}],"wp:featuredmedia":[{"embeddable":true,"href":"https:\/\/www.bazarmerlin.com\/inicio\/wp-json\/wp\/v2\/media\/10238"}],"wp:attachment":[{"href":"https:\/\/www.bazarmerlin.com\/inicio\/wp-json\/wp\/v2\/media?parent=8363"}],"wp:term":[{"taxonomy":"product_cat","embeddable":true,"href":"https:\/\/www.bazarmerlin.com\/inicio\/wp-json\/wp\/v2\/product_cat?post=8363"},{"taxonomy":"product_tag","embeddable":true,"href":"https:\/\/www.bazarmerlin.com\/inicio\/wp-json\/wp\/v2\/product_tag?post=8363"}],"curies":[{"name":"wp","href":"https:\/\/api.w.org\/{rel}","templated":true}]}}