{"id":8365,"date":"2022-05-06T21:59:14","date_gmt":"2022-05-06T21:59:14","guid":{"rendered":"https:\/\/www.bazarmerlin.com\/inicio\/?post_type=product&#038;p=8365"},"modified":"2022-06-08T23:42:28","modified_gmt":"2022-06-08T23:42:28","slug":"incienso-artesanal-ruda-romero-albahaca-100-varitas","status":"publish","type":"product","link":"https:\/\/www.bazarmerlin.com\/inicio\/producto\/incienso-artesanal-ruda-romero-albahaca-100-varitas\/","title":{"rendered":"Incienso Artesanal Ruda Romero Albahaca &#8211; 100 Varitas"},"content":{"rendered":"<p><strong>INCIENSO ARTESANAL HERBAL RUDA, ROMERO Y ALBAHACA.<\/strong><br \/>\n<strong>100% HECHO A MANO<\/strong><\/p>\n<p><em><strong>INCIENSO CALIDAD PREMIUM.<\/strong><\/em><\/p>\n<p><em><strong>5 PAQUETES HERBALES ALBAHACA, RUDA Y ROMERO.<\/strong><\/em><br \/>\n<em><strong>PRECIO POR LOS 5 PAQUETES CON 20 VARITAS CADA UNO = 100 VARITAS DE INCIENSO<\/strong><\/em><\/p>\n<p>Gruesas, con Aroma de Larga Duraci\u00f3n.<\/p>\n<p>Estas varitas al quemarse dura el aroma todo el d\u00eda.<\/p>\n<p>Este Incienso artesanal <em>ES UNO DE LOS AROMAS ARTESANALES M\u00c1S EXQUISITOS QUE EXISTEN, es especial para ABRIR LOS CAMINOS HACIA EL \u00c9XITO LA FELICIDAD, DINERO, AMOR, TRABAJO, FELICIDAD, ABUNDANCIA Y DICHA&#8230;<\/em> Pr\u00e9ndelo con mucha fe.<\/p>\n<p>Sirve tambi\u00e9n para desbloquear problemas que parec\u00edan sin soluci\u00f3n. Proporciona un cambio que nos abre una nueva visi\u00f3n y vemos el camino libre donde antes no \u00e9ramos capaces de percibirlo, este <em>INCIENSO<\/em> es capaz de cambiar a las personas, para su apertura de nuevos caminos.<\/p>\n<p>Corta de inmediato con la mala suerte emprende rumbo hacia el \u00e9xito.<\/p>\n<p>&nbsp;<\/p>\n<p>&nbsp;<\/p>\n<p><strong>BAZAR MERLIN<\/strong><br \/>\n<strong>El Lugar M\u00e1s M\u00edstico de Guadalajara<\/strong><br \/>\n<strong>ENVIAMOS A TODO M\u00c9XICO&#8230;<\/strong><\/p>\n<!-- AddThis Advanced Settings generic via filter on the_content --><!-- AddThis Share Buttons generic via filter on the_content -->","protected":false},"excerpt":{"rendered":"<p>INCIENSO ARTESANAL HERBAL RUDA, ROMERO Y ALBAHACA. 100% HECHO A MANO INCIENSO CALIDAD PREMIUM. 5 PAQUETES HERBALES ALBAHACA, RUDA Y ROMERO. PRECIO POR LOS 5 PAQUETES CON 20 VARITAS CADA UNO = 100 VARITAS DE INCIENSO Gruesas, con Aroma de Larga Duraci\u00f3n. Estas varitas al quemarse dura el aroma todo el d\u00eda. Este Incienso artesanal&hellip;<!-- AddThis Advanced Settings generic via filter on get_the_excerpt --><!-- AddThis Share Buttons generic via filter on get_the_excerpt --><\/p>\n","protected":false},"featured_media":8366,"template":"","meta":[],"product_cat":[274],"product_tag":[1709],"_links":{"self":[{"href":"https:\/\/www.bazarmerlin.com\/inicio\/wp-json\/wp\/v2\/product\/8365"}],"collection":[{"href":"https:\/\/www.bazarmerlin.com\/inicio\/wp-json\/wp\/v2\/product"}],"about":[{"href":"https:\/\/www.bazarmerlin.com\/inicio\/wp-json\/wp\/v2\/types\/product"}],"wp:featuredmedia":[{"embeddable":true,"href":"https:\/\/www.bazarmerlin.com\/inicio\/wp-json\/wp\/v2\/media\/8366"}],"wp:attachment":[{"href":"https:\/\/www.bazarmerlin.com\/inicio\/wp-json\/wp\/v2\/media?parent=8365"}],"wp:term":[{"taxonomy":"product_cat","embeddable":true,"href":"https:\/\/www.bazarmerlin.com\/inicio\/wp-json\/wp\/v2\/product_cat?post=8365"},{"taxonomy":"product_tag","embeddable":true,"href":"https:\/\/www.bazarmerlin.com\/inicio\/wp-json\/wp\/v2\/product_tag?post=8365"}],"curies":[{"name":"wp","href":"https:\/\/api.w.org\/{rel}","templated":true}]}}