{"id":8367,"date":"2022-05-06T22:05:06","date_gmt":"2022-05-06T22:05:06","guid":{"rendered":"https:\/\/www.bazarmerlin.com\/inicio\/?post_type=product&#038;p=8367"},"modified":"2025-02-19T18:28:33","modified_gmt":"2025-02-19T18:28:33","slug":"incienso-artesanal-canela-5-paquetes-100-varitas-total","status":"publish","type":"product","link":"https:\/\/www.bazarmerlin.com\/inicio\/producto\/incienso-artesanal-canela-5-paquetes-100-varitas-total\/","title":{"rendered":"Incienso Artesanal Canela 5 Paquetes &#8211; 100 Varitas Total"},"content":{"rendered":"<p><strong>INCIENSO ARTESANAL CANELA<\/strong><br \/>\n<em><strong>5 PAQUETES CON 20 VARITAS CADA UNA<\/strong><\/em><\/p>\n<p>La canela se usa para la buena suerte, la protecci\u00f3n del hogar y la atracci\u00f3n en el amor. Tambi\u00e9n sirve para la persuasi\u00f3n, la valent\u00eda, y acentuar dones ps\u00edquicos. Asimismo se puede agregar a las mezclas para el dinero. Para atraer el dinero y el \u00e9xito.<\/p>\n<p>-Favorece<br \/>\nEl incienso de canela ayuda a aclarar ideas y es bueno para la meditaci\u00f3n. Atrae la buena suerte, en especial en el trabajo y los negocios. Es utilizado como purificador del altar antes de realizar un ritual, ya que propicia la meditaci\u00f3n. La canela tambi\u00e9n ayuda mucho a abrir el cuarto chacra, se utiliza para la protecci\u00f3n y para ayudar a conseguir una meta. Da seguridad. Aumenta la capacidad para penetrar en nuestra conciencia ps\u00edquica.<\/p>\n<p>&nbsp;<\/p>\n<p>&nbsp;<\/p>\n<p><strong>BAZAR MERLIN<\/strong><br \/>\n<strong>El Lugar M\u00e1s M\u00edstico de Guadalajara<\/strong><br \/>\n<strong>ENVIAMOS A TODO M\u00c9XICO&#8230;<\/strong><\/p>\n<!-- AddThis Advanced Settings generic via filter on the_content --><!-- AddThis Share Buttons generic via filter on the_content -->","protected":false},"excerpt":{"rendered":"<p>INCIENSO ARTESANAL CANELA 5 PAQUETES CON 20 VARITAS CADA UNA La canela se usa para la buena suerte, la protecci\u00f3n del hogar y la atracci\u00f3n en el amor. Tambi\u00e9n sirve para la persuasi\u00f3n, la valent\u00eda, y acentuar dones ps\u00edquicos. Asimismo se puede agregar a las mezclas para el dinero. Para atraer el dinero y el&hellip;<!-- AddThis Advanced Settings generic via filter on get_the_excerpt --><!-- AddThis Share Buttons generic via filter on get_the_excerpt --><\/p>\n","protected":false},"featured_media":8368,"template":"","meta":[],"product_cat":[274],"product_tag":[1711],"_links":{"self":[{"href":"https:\/\/www.bazarmerlin.com\/inicio\/wp-json\/wp\/v2\/product\/8367"}],"collection":[{"href":"https:\/\/www.bazarmerlin.com\/inicio\/wp-json\/wp\/v2\/product"}],"about":[{"href":"https:\/\/www.bazarmerlin.com\/inicio\/wp-json\/wp\/v2\/types\/product"}],"wp:featuredmedia":[{"embeddable":true,"href":"https:\/\/www.bazarmerlin.com\/inicio\/wp-json\/wp\/v2\/media\/8368"}],"wp:attachment":[{"href":"https:\/\/www.bazarmerlin.com\/inicio\/wp-json\/wp\/v2\/media?parent=8367"}],"wp:term":[{"taxonomy":"product_cat","embeddable":true,"href":"https:\/\/www.bazarmerlin.com\/inicio\/wp-json\/wp\/v2\/product_cat?post=8367"},{"taxonomy":"product_tag","embeddable":true,"href":"https:\/\/www.bazarmerlin.com\/inicio\/wp-json\/wp\/v2\/product_tag?post=8367"}],"curies":[{"name":"wp","href":"https:\/\/api.w.org\/{rel}","templated":true}]}}