{"id":8384,"date":"2022-05-10T19:18:28","date_gmt":"2022-05-10T19:18:28","guid":{"rendered":"https:\/\/www.bazarmerlin.com\/inicio\/?post_type=product&#038;p=8384"},"modified":"2022-12-30T23:57:04","modified_gmt":"2022-12-30T23:57:04","slug":"perfume-reforzado-gay-miel-del-placer-para-atraer-hombres","status":"publish","type":"product","link":"https:\/\/www.bazarmerlin.com\/inicio\/producto\/perfume-reforzado-gay-miel-del-placer-para-atraer-hombres\/","title":{"rendered":"Perfume Gay &#8211; Miel Del Placer Atrae Hombres"},"content":{"rendered":"<p><strong>PERFUME GAY<\/strong><\/p>\n<p>Perfume gay que seducen a todos los homosexuales<\/p>\n<p>Perfume para hombres GAYS es una fragancia que hace subir la tensi\u00f3n entre dos hombres.<\/p>\n<p>La f\u00f3rmula ha sido desarrollada especialmente con finas mezclas de aceites esenciales para que t\u00fa y tu pareja se relajen, elevando el nivel de erotismo y poder de atracci\u00f3n al instante.<\/p>\n<p>Da un impulso extra a tu vida sexual con esta potente f\u00f3rmula innovadora que multiplicar\u00e1 los est\u00edmulos sexuales y la pasi\u00f3n.<\/p>\n<p>Este producto esta elaborado con ingredientes de excelente calidad.<\/p>\n<p>&nbsp;<\/p>\n<p>&nbsp;<\/p>\n<p><strong>BAZAR MERLIN\u00ae<\/strong><br \/>\n<strong>El Lugar M\u00e1s M\u00edstico de Guadalajara<\/strong><br \/>\n<strong>ENVIAMOS A TODO M\u00c9XICO&#8230;<\/strong><\/p>\n<!-- AddThis Advanced Settings generic via filter on the_content --><!-- AddThis Share Buttons generic via filter on the_content -->","protected":false},"excerpt":{"rendered":"<p>PERFUME GAY Perfume gay que seducen a todos los homosexuales Perfume para hombres GAYS es una fragancia que hace subir la tensi\u00f3n entre dos hombres. La f\u00f3rmula ha sido desarrollada especialmente con finas mezclas de aceites esenciales para que t\u00fa y tu pareja se relajen, elevando el nivel de erotismo y poder de atracci\u00f3n al&hellip;<!-- AddThis Advanced Settings generic via filter on get_the_excerpt --><!-- AddThis Share Buttons generic via filter on get_the_excerpt --><\/p>\n","protected":false},"featured_media":11308,"template":"","meta":[],"product_cat":[17],"product_tag":[1720,1719],"_links":{"self":[{"href":"https:\/\/www.bazarmerlin.com\/inicio\/wp-json\/wp\/v2\/product\/8384"}],"collection":[{"href":"https:\/\/www.bazarmerlin.com\/inicio\/wp-json\/wp\/v2\/product"}],"about":[{"href":"https:\/\/www.bazarmerlin.com\/inicio\/wp-json\/wp\/v2\/types\/product"}],"wp:featuredmedia":[{"embeddable":true,"href":"https:\/\/www.bazarmerlin.com\/inicio\/wp-json\/wp\/v2\/media\/11308"}],"wp:attachment":[{"href":"https:\/\/www.bazarmerlin.com\/inicio\/wp-json\/wp\/v2\/media?parent=8384"}],"wp:term":[{"taxonomy":"product_cat","embeddable":true,"href":"https:\/\/www.bazarmerlin.com\/inicio\/wp-json\/wp\/v2\/product_cat?post=8384"},{"taxonomy":"product_tag","embeddable":true,"href":"https:\/\/www.bazarmerlin.com\/inicio\/wp-json\/wp\/v2\/product_tag?post=8384"}],"curies":[{"name":"wp","href":"https:\/\/api.w.org\/{rel}","templated":true}]}}