{"id":8386,"date":"2022-05-10T19:27:56","date_gmt":"2022-05-10T19:27:56","guid":{"rendered":"https:\/\/www.bazarmerlin.com\/inicio\/?post_type=product&#038;p=8386"},"modified":"2024-01-29T19:26:13","modified_gmt":"2024-01-29T19:26:13","slug":"locion-coco-eleggua-abre-caminos-exito-y-abundancia","status":"publish","type":"product","link":"https:\/\/www.bazarmerlin.com\/inicio\/producto\/locion-coco-eleggua-abre-caminos-exito-y-abundancia\/","title":{"rendered":"Loci\u00f3n Coco Eleggua &#8211; Abre Caminos \u00c9xito Y Abundancia"},"content":{"rendered":"<p><strong>PERFUME SANTERO DE ELEGUA<\/strong><\/p>\n<p><em><strong>FABRICADO TOTALMENTE A MANO POR SANTEROS.<\/strong><\/em><\/p>\n<p><em><strong>ATRAE A TU VIDA SUERTE Y EXITO EN TODO LO QUE EMPRENDAS!!!<\/strong><\/em><\/p>\n<p>EL PERFUME santero de Elegua TE AYUDAR\u00c1 A OBTENER TODO LO QUE SIEMPRE HAS SO\u00d1ADO, COMO PODER, AMOR, DINERO Y SALUD. Te ayudar\u00e1 a Lograr El \u00c9xito En Todos Los Aspectos De Tu Vida.<\/p>\n<p>Cambia Tu Vida Casi Inmediatamente Con el Poder De ELEGUA&#8230;<\/p>\n<p>Eleggua tiene el poder de absorber todas las energ\u00edas negativas y malas que pueden hacernos da\u00f1o y que impregnan a la energ\u00eda del ambiente de una casa, negocio , autom\u00f3vil, etc. Eleggua absorbe las energ\u00edas negativas de nuestro cuerpo y SU FUERZA LIMPIA LA ENERG\u00cdA NEGATIVA del lugar donde se encuentra.<\/p>\n<p>El es el due\u00f1o de los caminos y encrucijadas, y posee las llaves del destino , que abre y cierra las puertas a la felicidad o la desgracia , la prosperidad y la pobreza. \u00c9l es el primero que llamamos cuando necesitamos caminos y puertas abiertas . \u00c9l es el primero de los cuatro soldados santeros (Og\u00fan, Ochosi y Ozun). SIN EL NO SE PUEDE HACER NADA.<\/p>\n<p>\u00bfPara Que Te Sirve Eleggua?<\/p>\n<p>Eleggua te invita a que abras tu camino ya que quiere ser tu \u00e1ngel guardi\u00e1n, cuidar y ABRIR TODOS TUS CAMINOS DE AMOR, DINERO Y SALUD Y PROTEGERTE DE DESGRACIAS Y ACCIDENTES ya que sus poderosos receptores de energ\u00edas negativas como de ondas biomagn\u00e9ticas el cual nos ayuda a atraer vibraciones buenas y positivas a nuestras vidas llen\u00e1ndonos de poder y fuerza a trav\u00e9s de su magia extremadamente poderoso para as\u00ed poder salir adelante en nuestro camino y en todo lo que emprendamos.<\/p>\n<p>&nbsp;<\/p>\n<p>&nbsp;<\/p>\n<p><strong>BAZAR MERLIN<\/strong><br \/>\n<strong>El Lugar M\u00e1s M\u00edstico de Guadalajara<\/strong><br \/>\n<strong>ENVIAMOS A TODO M\u00c9XICO&#8230;<\/strong><\/p>\n<!-- AddThis Advanced Settings generic via filter on the_content --><!-- AddThis Share Buttons generic via filter on the_content -->","protected":false},"excerpt":{"rendered":"<p>PERFUME SANTERO DE ELEGUA FABRICADO TOTALMENTE A MANO POR SANTEROS. ATRAE A TU VIDA SUERTE Y EXITO EN TODO LO QUE EMPRENDAS!!! EL PERFUME santero de Elegua TE AYUDAR\u00c1 A OBTENER TODO LO QUE SIEMPRE HAS SO\u00d1ADO, COMO PODER, AMOR, DINERO Y SALUD. Te ayudar\u00e1 a Lograr El \u00c9xito En Todos Los Aspectos De Tu&hellip;<!-- AddThis Advanced Settings generic via filter on get_the_excerpt --><!-- AddThis Share Buttons generic via filter on get_the_excerpt --><\/p>\n","protected":false},"featured_media":10948,"template":"","meta":[],"product_cat":[20],"product_tag":[1722,1721],"_links":{"self":[{"href":"https:\/\/www.bazarmerlin.com\/inicio\/wp-json\/wp\/v2\/product\/8386"}],"collection":[{"href":"https:\/\/www.bazarmerlin.com\/inicio\/wp-json\/wp\/v2\/product"}],"about":[{"href":"https:\/\/www.bazarmerlin.com\/inicio\/wp-json\/wp\/v2\/types\/product"}],"wp:featuredmedia":[{"embeddable":true,"href":"https:\/\/www.bazarmerlin.com\/inicio\/wp-json\/wp\/v2\/media\/10948"}],"wp:attachment":[{"href":"https:\/\/www.bazarmerlin.com\/inicio\/wp-json\/wp\/v2\/media?parent=8386"}],"wp:term":[{"taxonomy":"product_cat","embeddable":true,"href":"https:\/\/www.bazarmerlin.com\/inicio\/wp-json\/wp\/v2\/product_cat?post=8386"},{"taxonomy":"product_tag","embeddable":true,"href":"https:\/\/www.bazarmerlin.com\/inicio\/wp-json\/wp\/v2\/product_tag?post=8386"}],"curies":[{"name":"wp","href":"https:\/\/api.w.org\/{rel}","templated":true}]}}