{"id":8390,"date":"2022-05-10T19:42:23","date_gmt":"2022-05-10T19:42:23","guid":{"rendered":"https:\/\/www.bazarmerlin.com\/inicio\/?post_type=product&#038;p=8390"},"modified":"2022-10-25T20:50:30","modified_gmt":"2022-10-25T20:50:30","slug":"spray-mistico-abre-caminos-corta-de-inmediato-mala-suerte","status":"publish","type":"product","link":"https:\/\/www.bazarmerlin.com\/inicio\/producto\/spray-mistico-abre-caminos-corta-de-inmediato-mala-suerte\/","title":{"rendered":"Spray M\u00edstico Abre Caminos &#8211; Corta De Inmediato Mala Suerte"},"content":{"rendered":"<p><strong>SPRAY ABRE CAMINOS\u00a0<\/strong><br \/>\n<strong>PRODUCTO IMPORTADO<\/strong><\/p>\n<p><em>CORTA DE INMEDIATO TU MALA SUERTE<\/em><\/p>\n<p>Utiliza este spray para quitar todo eso negativo y alcanzar tus METAS. Este spray le ayudar\u00e1 a liberarse del infortunio ademas de no tener un camino obstruido y ser una salida a los problemas que aquejan, utiliz\u00e1ndolo diariamente encontraras LA LLAVE AL \u00c9XITO.<\/p>\n<p>Sientes Que Tienes Mala Suerte?<br \/>\nNo Te Rinde Tu Dinero?<br \/>\nTienes Fracasos En El Amor?<br \/>\nPeleas Mucho Con Tu Pareja?<\/p>\n<p>Las limpiezas o rituales con sprays sirven para uso diario tanto del cuerpo como de las manos y toda tu energ\u00eda c\u00f3smica y aurica equilibrando tus chakras para as\u00ed cambiar de forma inmediata tu suerte. Su fabricaci\u00f3n y su composici\u00f3n son de forma 100% ARTESANAL por lo que llevan la esencia y extracto natural para equilibrar tu energ\u00eda.<\/p>\n<p>Los sprays Esot\u00e9ricos son preparados con productos, esencias y EXTRACTOS ESPECIALES. Cuando tienes un problema que crees de dif\u00edcil soluci\u00f3n es bueno recurrir a los rituales de magia, estos siempre nos ayudan a lograr exitosamente los objetivos que queremos conseguir.<\/p>\n<p>PRODUCTO IMPORTADO<\/p>\n<p>&nbsp;<\/p>\n<p>&nbsp;<\/p>\n<p><strong>BAZAR MERLIN<\/strong><br \/>\n<strong>El Lugar M\u00e1s M\u00edstico de Guadalajara<\/strong><br \/>\n<strong>ENVIAMOS A TODO M\u00c9XICO&#8230;<\/strong><\/p>\n<!-- AddThis Advanced Settings generic via filter on the_content --><!-- AddThis Share Buttons generic via filter on the_content -->","protected":false},"excerpt":{"rendered":"<p>SPRAY ABRE CAMINOS\u00a0 PRODUCTO IMPORTADO CORTA DE INMEDIATO TU MALA SUERTE Utiliza este spray para quitar todo eso negativo y alcanzar tus METAS. Este spray le ayudar\u00e1 a liberarse del infortunio ademas de no tener un camino obstruido y ser una salida a los problemas que aquejan, utiliz\u00e1ndolo diariamente encontraras LA LLAVE AL \u00c9XITO. Sientes&hellip;<!-- AddThis Advanced Settings generic via filter on get_the_excerpt --><!-- AddThis Share Buttons generic via filter on get_the_excerpt --><\/p>\n","protected":false},"featured_media":10366,"template":"","meta":[],"product_cat":[14],"product_tag":[1725,1724],"_links":{"self":[{"href":"https:\/\/www.bazarmerlin.com\/inicio\/wp-json\/wp\/v2\/product\/8390"}],"collection":[{"href":"https:\/\/www.bazarmerlin.com\/inicio\/wp-json\/wp\/v2\/product"}],"about":[{"href":"https:\/\/www.bazarmerlin.com\/inicio\/wp-json\/wp\/v2\/types\/product"}],"wp:featuredmedia":[{"embeddable":true,"href":"https:\/\/www.bazarmerlin.com\/inicio\/wp-json\/wp\/v2\/media\/10366"}],"wp:attachment":[{"href":"https:\/\/www.bazarmerlin.com\/inicio\/wp-json\/wp\/v2\/media?parent=8390"}],"wp:term":[{"taxonomy":"product_cat","embeddable":true,"href":"https:\/\/www.bazarmerlin.com\/inicio\/wp-json\/wp\/v2\/product_cat?post=8390"},{"taxonomy":"product_tag","embeddable":true,"href":"https:\/\/www.bazarmerlin.com\/inicio\/wp-json\/wp\/v2\/product_tag?post=8390"}],"curies":[{"name":"wp","href":"https:\/\/api.w.org\/{rel}","templated":true}]}}