{"id":8394,"date":"2022-05-10T19:58:44","date_gmt":"2022-05-10T19:58:44","guid":{"rendered":"https:\/\/www.bazarmerlin.com\/inicio\/?post_type=product&#038;p=8394"},"modified":"2022-11-18T22:13:02","modified_gmt":"2022-11-18T22:13:02","slug":"cirio-eleggua-para-abrir-caminos-y-quitar-bloqueos","status":"publish","type":"product","link":"https:\/\/www.bazarmerlin.com\/inicio\/producto\/cirio-eleggua-para-abrir-caminos-y-quitar-bloqueos\/","title":{"rendered":"Cirio Eleggu\u00e1 Para Abrir Caminos Y Quitar Bloqueos"},"content":{"rendered":"<p><strong>CIRIO ORIGINAL ELEGGU\u00c1<\/strong><\/p>\n<p><em>ATRAE A TU VIDA SUERTE Y EXITO EN TODO LO QUE EMPRENDAS.<\/em><\/p>\n<p>Eleggu\u00e1 te ayudar\u00e1 a obtener todo lo que siempre has so\u00f1ado como Poder, Amor, Dinero y Salud. Adem\u00e1s, te ayudar\u00e1 a lograr el \u00c9xito en todos los aspectos de tu vida.<\/p>\n<p>Eleggu\u00e1 tiene el poder de absorber todas las energ\u00edas negativas y malas que pueden hacernos da\u00f1o y que impregnan la energ\u00eda del ambiente de una casa, negocio , autom\u00f3vil, etc. Eleggu\u00e1 absorbe las energ\u00edas negativas de nuestro cuerpo y su fuerza limpia la energ\u00eda negativa del lugar donde se encuentra .<\/p>\n<p>El es el due\u00f1o de los caminos y encrucijadas, y posee las llaves del destino, que abre y cierra las puertas a la felicidad o la desgracia, la prosperidad y la pobreza. .<br \/>\n\u00c9l es el primero que llamamos cuando necesitamos caminos y puertas abiertas .<\/p>\n<p>\u00bfPara Que Te Sirve Eleggu\u00e1?<\/p>\n<p>Eleggu\u00e1 te invita a que abras tu camino ya que quiere ser tu \u00e1ngel guardi\u00e1n y cuidar y proteger todos tus caminos al amor dinero salud y combatir contra envidias y accidentes, ya que sus poderosos receptores de energ\u00edas negativas como de ondas bio magn\u00e9ticas, el cual nos ayuda a atraer vibraciones buenas y positivas a nuestras vidas, llen\u00e1ndonos de poder y fuerza a trav\u00e9s de su magia extremadamente poderosa, para as\u00ed poder salir adelante en nuestro camino y en todo lo que emprendamos.<\/p>\n<p>&nbsp;<\/p>\n<p>&nbsp;<\/p>\n<p><strong>BAZAR MERLIN<\/strong><br \/>\n<strong>El Lugar M\u00e1s M\u00edstico de Guadalajara<\/strong><br \/>\n<strong>ENVIAMOS A TODO M\u00c9XICO&#8230;<\/strong><\/p>\n<!-- AddThis Advanced Settings generic via filter on the_content --><!-- AddThis Share Buttons generic via filter on the_content -->","protected":false},"excerpt":{"rendered":"<p>CIRIO ORIGINAL ELEGGU\u00c1 ATRAE A TU VIDA SUERTE Y EXITO EN TODO LO QUE EMPRENDAS. Eleggu\u00e1 te ayudar\u00e1 a obtener todo lo que siempre has so\u00f1ado como Poder, Amor, Dinero y Salud. Adem\u00e1s, te ayudar\u00e1 a lograr el \u00c9xito en todos los aspectos de tu vida. Eleggu\u00e1 tiene el poder de absorber todas las energ\u00edas&hellip;<!-- AddThis Advanced Settings generic via filter on get_the_excerpt --><!-- AddThis Share Buttons generic via filter on get_the_excerpt --><\/p>\n","protected":false},"featured_media":10781,"template":"","meta":[],"product_cat":[19],"product_tag":[1728],"_links":{"self":[{"href":"https:\/\/www.bazarmerlin.com\/inicio\/wp-json\/wp\/v2\/product\/8394"}],"collection":[{"href":"https:\/\/www.bazarmerlin.com\/inicio\/wp-json\/wp\/v2\/product"}],"about":[{"href":"https:\/\/www.bazarmerlin.com\/inicio\/wp-json\/wp\/v2\/types\/product"}],"wp:featuredmedia":[{"embeddable":true,"href":"https:\/\/www.bazarmerlin.com\/inicio\/wp-json\/wp\/v2\/media\/10781"}],"wp:attachment":[{"href":"https:\/\/www.bazarmerlin.com\/inicio\/wp-json\/wp\/v2\/media?parent=8394"}],"wp:term":[{"taxonomy":"product_cat","embeddable":true,"href":"https:\/\/www.bazarmerlin.com\/inicio\/wp-json\/wp\/v2\/product_cat?post=8394"},{"taxonomy":"product_tag","embeddable":true,"href":"https:\/\/www.bazarmerlin.com\/inicio\/wp-json\/wp\/v2\/product_tag?post=8394"}],"curies":[{"name":"wp","href":"https:\/\/api.w.org\/{rel}","templated":true}]}}