{"id":8403,"date":"2022-05-10T21:50:27","date_gmt":"2022-05-10T21:50:27","guid":{"rendered":"https:\/\/www.bazarmerlin.com\/inicio\/?post_type=product&#038;p=8403"},"modified":"2022-11-29T22:39:29","modified_gmt":"2022-11-29T22:39:29","slug":"velon-33-esencias-exito-amor-dinero-y-proteccion-en-todo","status":"publish","type":"product","link":"https:\/\/www.bazarmerlin.com\/inicio\/producto\/velon-33-esencias-exito-amor-dinero-y-proteccion-en-todo\/","title":{"rendered":"Vel\u00f3n 33 Esencias &#8211; \u00c9xito Amor Dinero Y Protecci\u00f3n En Todo"},"content":{"rendered":"<p><strong>VELON &#8211; 33 ESENCIAS<\/strong><\/p>\n<p>&nbsp;<\/p>\n<p>Especial para ATRAER \u00c9XITO EN EL AMOR, DINERO Y PROTECCI\u00d3N<\/p>\n<p>-ELIMINA BLOQUEOS Y ATRAE TODA LA BUENA SUERTE-<\/p>\n<p>Enci\u00e9ndela y ver\u00e1s que pronto se retirar\u00e1n todos los da\u00f1os hacia tu persona.<\/p>\n<p>El \u00fanico vel\u00f3n que est\u00e1 hecha con 33 ESENCIAS y Hierbas M\u00edsticas para que tu energ\u00eda y la de tu alrededor se limpie desde el primer d\u00eda.<\/p>\n<p>&nbsp;<\/p>\n<p>&nbsp;<\/p>\n<p><strong>BAZAR MERLIN<\/strong><br \/>\n<strong>El Lugar M\u00e1s M\u00edstico de Guadalajara<\/strong><br \/>\n<strong>ENVIAMOS A TODO M\u00c9XICO&#8230;<\/strong><\/p>\n<!-- AddThis Advanced Settings generic via filter on the_content --><!-- AddThis Share Buttons generic via filter on the_content -->","protected":false},"excerpt":{"rendered":"<p>VELON &#8211; 33 ESENCIAS &nbsp; Especial para ATRAER \u00c9XITO EN EL AMOR, DINERO Y PROTECCI\u00d3N -ELIMINA BLOQUEOS Y ATRAE TODA LA BUENA SUERTE- Enci\u00e9ndela y ver\u00e1s que pronto se retirar\u00e1n todos los da\u00f1os hacia tu persona. El \u00fanico vel\u00f3n que est\u00e1 hecha con 33 ESENCIAS y Hierbas M\u00edsticas para que tu energ\u00eda y la de&hellip;<!-- AddThis Advanced Settings generic via filter on get_the_excerpt --><!-- AddThis Share Buttons generic via filter on get_the_excerpt --><\/p>\n","protected":false},"featured_media":10874,"template":"","meta":[],"product_cat":[19],"product_tag":[1732,1731],"_links":{"self":[{"href":"https:\/\/www.bazarmerlin.com\/inicio\/wp-json\/wp\/v2\/product\/8403"}],"collection":[{"href":"https:\/\/www.bazarmerlin.com\/inicio\/wp-json\/wp\/v2\/product"}],"about":[{"href":"https:\/\/www.bazarmerlin.com\/inicio\/wp-json\/wp\/v2\/types\/product"}],"wp:featuredmedia":[{"embeddable":true,"href":"https:\/\/www.bazarmerlin.com\/inicio\/wp-json\/wp\/v2\/media\/10874"}],"wp:attachment":[{"href":"https:\/\/www.bazarmerlin.com\/inicio\/wp-json\/wp\/v2\/media?parent=8403"}],"wp:term":[{"taxonomy":"product_cat","embeddable":true,"href":"https:\/\/www.bazarmerlin.com\/inicio\/wp-json\/wp\/v2\/product_cat?post=8403"},{"taxonomy":"product_tag","embeddable":true,"href":"https:\/\/www.bazarmerlin.com\/inicio\/wp-json\/wp\/v2\/product_tag?post=8403"}],"curies":[{"name":"wp","href":"https:\/\/api.w.org\/{rel}","templated":true}]}}