{"id":8406,"date":"2022-05-10T21:59:51","date_gmt":"2022-05-10T21:59:51","guid":{"rendered":"https:\/\/www.bazarmerlin.com\/inicio\/?post_type=product&#038;p=8406"},"modified":"2022-06-08T23:42:28","modified_gmt":"2022-06-08T23:42:28","slug":"velon-morado-de-1-kilo-para-rituales","status":"publish","type":"product","link":"https:\/\/www.bazarmerlin.com\/inicio\/producto\/velon-morado-de-1-kilo-para-rituales\/","title":{"rendered":"Vel\u00f3n Morado De 1 Kilo Para Rituales"},"content":{"rendered":"<p><strong>VEL\u00d3N MORADO PARA DESBLOQUEO<\/strong><br \/>\n<strong>O RITUALES.<\/strong><\/p>\n<p>El significado de las velas moradas, violetas o lilas en los rituales. Las velas moradas, velas violetas o velas lilas son similares y se usan indistintamente. Su color est\u00e1 simbolizado a la meditaci\u00f3n, apertura de los caminos, desbloqueos y conseguir triunfos personales<\/p>\n<p><strong>BAZAR MERL\u00cdN<\/strong><br \/>\n<strong>El Lugar M\u00e1s M\u00edstico de Guadalajara<\/strong><br \/>\n<strong>ENVIAMOS A TODO M\u00c9XICO&#8230;<\/strong><\/p>\n<!-- AddThis Advanced Settings generic via filter on the_content --><!-- AddThis Share Buttons generic via filter on the_content -->","protected":false},"excerpt":{"rendered":"<p>VEL\u00d3N MORADO PARA DESBLOQUEO O RITUALES. El significado de las velas moradas, violetas o lilas en los rituales. Las velas moradas, velas violetas o velas lilas son similares y se usan indistintamente. Su color est\u00e1 simbolizado a la meditaci\u00f3n, apertura de los caminos, desbloqueos y conseguir triunfos personales BAZAR MERL\u00cdN El Lugar M\u00e1s M\u00edstico de&hellip;<!-- AddThis Advanced Settings generic via filter on get_the_excerpt --><!-- AddThis Share Buttons generic via filter on get_the_excerpt --><\/p>\n","protected":false},"featured_media":8413,"template":"","meta":[],"product_cat":[19],"product_tag":[1733],"_links":{"self":[{"href":"https:\/\/www.bazarmerlin.com\/inicio\/wp-json\/wp\/v2\/product\/8406"}],"collection":[{"href":"https:\/\/www.bazarmerlin.com\/inicio\/wp-json\/wp\/v2\/product"}],"about":[{"href":"https:\/\/www.bazarmerlin.com\/inicio\/wp-json\/wp\/v2\/types\/product"}],"wp:featuredmedia":[{"embeddable":true,"href":"https:\/\/www.bazarmerlin.com\/inicio\/wp-json\/wp\/v2\/media\/8413"}],"wp:attachment":[{"href":"https:\/\/www.bazarmerlin.com\/inicio\/wp-json\/wp\/v2\/media?parent=8406"}],"wp:term":[{"taxonomy":"product_cat","embeddable":true,"href":"https:\/\/www.bazarmerlin.com\/inicio\/wp-json\/wp\/v2\/product_cat?post=8406"},{"taxonomy":"product_tag","embeddable":true,"href":"https:\/\/www.bazarmerlin.com\/inicio\/wp-json\/wp\/v2\/product_tag?post=8406"}],"curies":[{"name":"wp","href":"https:\/\/api.w.org\/{rel}","templated":true}]}}