{"id":8408,"date":"2022-05-10T22:08:32","date_gmt":"2022-05-10T22:08:32","guid":{"rendered":"https:\/\/www.bazarmerlin.com\/inicio\/?post_type=product&#038;p=8408"},"modified":"2022-06-08T23:42:28","modified_gmt":"2022-06-08T23:42:28","slug":"velon-de-canela-amor-dinero-y-abundancia","status":"publish","type":"product","link":"https:\/\/www.bazarmerlin.com\/inicio\/producto\/velon-de-canela-amor-dinero-y-abundancia\/","title":{"rendered":"Vel\u00f3n De Canela &#8211; Amor, Dinero Y Abundancia"},"content":{"rendered":"<p><strong>VEL\u00d3N CONSAGRADO DE CANELA<\/strong><br \/>\n<em><strong>AMOR Y ABUNDANCIA.<\/strong><\/em><\/p>\n<p>Se usa mucho en las ventas y en los negocios para incrementar nuestra constancia y<br \/>\npoder de atracci\u00f3n de clientes.<\/p>\n<p>Contiene en su esencia la fuerza de la armon\u00eda, la pureza y la dulzura: es la expresi\u00f3n m\u00e1gica de lo natural y de lo bello. Su uso est\u00e1 recomendado para conseguir el amor y mejorar la econom\u00eda, pero muy especialmente para suavizar cualquier tipo de relaci\u00f3n, ya sea laboral o afectiva.<\/p>\n<p>&nbsp;<\/p>\n<p>&nbsp;<\/p>\n<p><strong>BAZAR MERLIN<\/strong><br \/>\n<strong>El Lugar M\u00e1s M\u00edstico de Guadalajara<\/strong><br \/>\n<strong>ENVIAMOS A TODO M\u00c9XICO&#8230;<\/strong><\/p>\n<!-- AddThis Advanced Settings generic via filter on the_content --><!-- AddThis Share Buttons generic via filter on the_content -->","protected":false},"excerpt":{"rendered":"<p>VEL\u00d3N CONSAGRADO DE CANELA AMOR Y ABUNDANCIA. Se usa mucho en las ventas y en los negocios para incrementar nuestra constancia y poder de atracci\u00f3n de clientes. Contiene en su esencia la fuerza de la armon\u00eda, la pureza y la dulzura: es la expresi\u00f3n m\u00e1gica de lo natural y de lo bello. Su uso est\u00e1&hellip;<!-- AddThis Advanced Settings generic via filter on get_the_excerpt --><!-- AddThis Share Buttons generic via filter on get_the_excerpt --><\/p>\n","protected":false},"featured_media":8409,"template":"","meta":[],"product_cat":[19],"product_tag":[56,1244,1734],"_links":{"self":[{"href":"https:\/\/www.bazarmerlin.com\/inicio\/wp-json\/wp\/v2\/product\/8408"}],"collection":[{"href":"https:\/\/www.bazarmerlin.com\/inicio\/wp-json\/wp\/v2\/product"}],"about":[{"href":"https:\/\/www.bazarmerlin.com\/inicio\/wp-json\/wp\/v2\/types\/product"}],"wp:featuredmedia":[{"embeddable":true,"href":"https:\/\/www.bazarmerlin.com\/inicio\/wp-json\/wp\/v2\/media\/8409"}],"wp:attachment":[{"href":"https:\/\/www.bazarmerlin.com\/inicio\/wp-json\/wp\/v2\/media?parent=8408"}],"wp:term":[{"taxonomy":"product_cat","embeddable":true,"href":"https:\/\/www.bazarmerlin.com\/inicio\/wp-json\/wp\/v2\/product_cat?post=8408"},{"taxonomy":"product_tag","embeddable":true,"href":"https:\/\/www.bazarmerlin.com\/inicio\/wp-json\/wp\/v2\/product_tag?post=8408"}],"curies":[{"name":"wp","href":"https:\/\/api.w.org\/{rel}","templated":true}]}}