{"id":8410,"date":"2022-05-10T22:20:18","date_gmt":"2022-05-10T22:20:18","guid":{"rendered":"https:\/\/www.bazarmerlin.com\/inicio\/?post_type=product&#038;p=8410"},"modified":"2022-11-30T23:16:44","modified_gmt":"2022-11-30T23:16:44","slug":"velon-o-cirio-contra-danos-contra-enemigos-y-envidias","status":"publish","type":"product","link":"https:\/\/www.bazarmerlin.com\/inicio\/producto\/velon-o-cirio-contra-danos-contra-enemigos-y-envidias\/","title":{"rendered":"Vel\u00f3n O Cirio &#8211; Contra Da\u00f1os &#8211; Contra Enemigos Y Envidias"},"content":{"rendered":"<p><strong>VEL\u00d3N CONTRA DA\u00d1OS<\/strong><\/p>\n<p>&nbsp;<\/p>\n<p><em>PODEROSO VEL\u00d3N PARA QUITAR TODO TIPO DE TRABAJO DE BRUJER\u00cdA Y HECHICER\u00cdA.<\/em><\/p>\n<p>Este Poderoso VEL\u00d3N te ayudara a quitar todo tipo de trabajo de magia negra como brujer\u00eda, por su calidad y preparaci\u00f3n la puedes usar en tu casa o negocio pr\u00e9ndelo con mucha fe y tu vida cambiara de una vez por todo.<\/p>\n<p>Esta elaborado totalmente a mano con extracto 100% natural y concentrado de alta magia y preparado especialmente para ti bajo un ritual muy poderoso de activaci\u00f3n para que tu vida cambie a \u00e9xito por el poder de este VEL\u00d3N.<\/p>\n<p>\u00daselo sobre personas que son perseguidas por todo lo malo, contrarresta las materializaciones negativas, enemigos, odios, envidias, pesares, enfermedades, etc.<\/p>\n<p>&nbsp;<\/p>\n<p>&nbsp;<\/p>\n<p><strong>BAZAR MERLIN\u00ae<\/strong><br \/>\n<strong>El Lugar M\u00e1s M\u00edstico de Guadalajara<\/strong><br \/>\n<strong>ENVIAMOS A TODO M\u00c9XICO<\/strong>&#8230;<\/p>\n<!-- AddThis Advanced Settings generic via filter on the_content --><!-- AddThis Share Buttons generic via filter on the_content -->","protected":false},"excerpt":{"rendered":"<p>VEL\u00d3N CONTRA DA\u00d1OS &nbsp; PODEROSO VEL\u00d3N PARA QUITAR TODO TIPO DE TRABAJO DE BRUJER\u00cdA Y HECHICER\u00cdA. Este Poderoso VEL\u00d3N te ayudara a quitar todo tipo de trabajo de magia negra como brujer\u00eda, por su calidad y preparaci\u00f3n la puedes usar en tu casa o negocio pr\u00e9ndelo con mucha fe y tu vida cambiara de una&hellip;<!-- AddThis Advanced Settings generic via filter on get_the_excerpt --><!-- AddThis Share Buttons generic via filter on get_the_excerpt --><\/p>\n","protected":false},"featured_media":10905,"template":"","meta":[],"product_cat":[19],"product_tag":[1736,1737,1735],"_links":{"self":[{"href":"https:\/\/www.bazarmerlin.com\/inicio\/wp-json\/wp\/v2\/product\/8410"}],"collection":[{"href":"https:\/\/www.bazarmerlin.com\/inicio\/wp-json\/wp\/v2\/product"}],"about":[{"href":"https:\/\/www.bazarmerlin.com\/inicio\/wp-json\/wp\/v2\/types\/product"}],"wp:featuredmedia":[{"embeddable":true,"href":"https:\/\/www.bazarmerlin.com\/inicio\/wp-json\/wp\/v2\/media\/10905"}],"wp:attachment":[{"href":"https:\/\/www.bazarmerlin.com\/inicio\/wp-json\/wp\/v2\/media?parent=8410"}],"wp:term":[{"taxonomy":"product_cat","embeddable":true,"href":"https:\/\/www.bazarmerlin.com\/inicio\/wp-json\/wp\/v2\/product_cat?post=8410"},{"taxonomy":"product_tag","embeddable":true,"href":"https:\/\/www.bazarmerlin.com\/inicio\/wp-json\/wp\/v2\/product_tag?post=8410"}],"curies":[{"name":"wp","href":"https:\/\/api.w.org\/{rel}","templated":true}]}}