{"id":8414,"date":"2022-05-10T22:39:45","date_gmt":"2022-05-10T22:39:45","guid":{"rendered":"https:\/\/www.bazarmerlin.com\/inicio\/?post_type=product&#038;p=8414"},"modified":"2022-06-08T23:42:28","modified_gmt":"2022-06-08T23:42:28","slug":"palo-santo-madera-sagrada-150-gramos","status":"publish","type":"product","link":"https:\/\/www.bazarmerlin.com\/inicio\/producto\/palo-santo-madera-sagrada-150-gramos\/","title":{"rendered":"Palo Santo &#8211; Madera Sagrada &#8211; 150 Gramos"},"content":{"rendered":"<p><strong>PALO SANTO &#8211; MADERA SAGRADA &#8211; 150 GRAMOS<\/strong><\/p>\n<p>Ayuda a controlar las enfermedades actuales causadas por el estr\u00e9s regalando paz y armon\u00eda. Eso es debido a sus propiedades de limpieza f\u00edsica y espiritual.<\/p>\n<p>Su aroma ayuda a profundizar en los momentos espirituales de meditaci\u00f3n y contemplaci\u00f3n, se utiliza para expulsar las energ\u00edas negativas y atraer las energ\u00edas positivas.<\/p>\n<p>Algunos otros beneficios son:<\/p>\n<p>**Propicia la meditaci\u00f3n ya que relaja la mente e induce una sensaci\u00f3n de abandono.<br \/>\n**Afrodis\u00edaco: su cualidad terrosa y enigm\u00e1tica ayuda a mejorar la relaci\u00f3n amorosa y espiritual en las parejas.<br \/>\n**Alivia la tensi\u00f3n nerviosa.<br \/>\n**El aroma del palito sirve como ahuyentador de mosquitos 100% natural, ideal para las habitaciones de los ni\u00f1os.<br \/>\n**Elimina los conflictos dom\u00e9sticos.<br \/>\n**Nos conecta con amor humano aumentando la capacidad de dar y recibir.<br \/>\n**Se utiliza respir\u00e1ndolo para levantar el humor, quitar el estr\u00e9s y contra el asma.<br \/>\n**Tiene propiedades antidepresivo, diafor\u00e9tica, diur\u00e9ticas, depurativas, antirreum\u00e1tica, antis\u00e9pticas, anti hongos, entre otras.<br \/>\n**Ayuda a prevenir gripes (elemento: Alfa-Pinene).<\/p>\n<p>&nbsp;<\/p>\n<p>&nbsp;<\/p>\n<p><strong>BAZAR MERL\u00cdN<\/strong><br \/>\n<strong>El Lugar M\u00e1s M\u00edstico de Guadalajara<\/strong><br \/>\n<strong>ENVIAMOS A TODO M\u00c9XICO&#8230;<\/strong><\/p>\n<!-- AddThis Advanced Settings generic via filter on the_content --><!-- AddThis Share Buttons generic via filter on the_content -->","protected":false},"excerpt":{"rendered":"<p>PALO SANTO &#8211; MADERA SAGRADA &#8211; 150 GRAMOS Ayuda a controlar las enfermedades actuales causadas por el estr\u00e9s regalando paz y armon\u00eda. Eso es debido a sus propiedades de limpieza f\u00edsica y espiritual. Su aroma ayuda a profundizar en los momentos espirituales de meditaci\u00f3n y contemplaci\u00f3n, se utiliza para expulsar las energ\u00edas negativas y atraer&hellip;<!-- AddThis Advanced Settings generic via filter on get_the_excerpt --><!-- AddThis Share Buttons generic via filter on get_the_excerpt --><\/p>\n","protected":false},"featured_media":8415,"template":"","meta":[],"product_cat":[274],"product_tag":[1739,1738],"_links":{"self":[{"href":"https:\/\/www.bazarmerlin.com\/inicio\/wp-json\/wp\/v2\/product\/8414"}],"collection":[{"href":"https:\/\/www.bazarmerlin.com\/inicio\/wp-json\/wp\/v2\/product"}],"about":[{"href":"https:\/\/www.bazarmerlin.com\/inicio\/wp-json\/wp\/v2\/types\/product"}],"wp:featuredmedia":[{"embeddable":true,"href":"https:\/\/www.bazarmerlin.com\/inicio\/wp-json\/wp\/v2\/media\/8415"}],"wp:attachment":[{"href":"https:\/\/www.bazarmerlin.com\/inicio\/wp-json\/wp\/v2\/media?parent=8414"}],"wp:term":[{"taxonomy":"product_cat","embeddable":true,"href":"https:\/\/www.bazarmerlin.com\/inicio\/wp-json\/wp\/v2\/product_cat?post=8414"},{"taxonomy":"product_tag","embeddable":true,"href":"https:\/\/www.bazarmerlin.com\/inicio\/wp-json\/wp\/v2\/product_tag?post=8414"}],"curies":[{"name":"wp","href":"https:\/\/api.w.org\/{rel}","templated":true}]}}