{"id":8428,"date":"2022-05-11T18:26:40","date_gmt":"2022-05-11T18:26:40","guid":{"rendered":"https:\/\/www.bazarmerlin.com\/inicio\/?post_type=product&#038;p=8428"},"modified":"2025-12-26T22:37:03","modified_gmt":"2025-12-26T22:37:03","slug":"incienso-balaji-chandan-12-sobres","status":"publish","type":"product","link":"https:\/\/www.bazarmerlin.com\/inicio\/producto\/incienso-balaji-chandan-12-sobres\/","title":{"rendered":"Incienso Balaji Chandan 12 Sobres"},"content":{"rendered":"<p><strong>INCIENSO BALAJI CHANDAN<\/strong><\/p>\n<p>&nbsp;<\/p>\n<p>12 CAJITAS DE INCIENSO con exquisito aroma a aceites de s\u00e1ndalo. Para deleitar el olfato y apaciguar nuestros espacios \u00edntimos.<\/p>\n<p>Tiempo de duraci\u00f3n de la vara encendida: 45 min Aproximado<br \/>\nCalidad: Massala Seca Premmium<\/p>\n<p>&nbsp;<\/p>\n<p>&nbsp;<\/p>\n<p><strong>BAZAR MERLIN<\/strong><br \/>\n<strong>El Lugar M\u00e1s M\u00edstico de Guadalajara<\/strong><br \/>\n<strong>ENVIAMOS A TODO M\u00c9XICO&#8230;<\/strong><\/p>\n<!-- AddThis Advanced Settings generic via filter on the_content --><!-- AddThis Share Buttons generic via filter on the_content -->","protected":false},"excerpt":{"rendered":"<p>INCIENSO BALAJI CHANDAN &nbsp; 12 CAJITAS DE INCIENSO con exquisito aroma a aceites de s\u00e1ndalo. Para deleitar el olfato y apaciguar nuestros espacios \u00edntimos. Tiempo de duraci\u00f3n de la vara encendida: 45 min Aproximado Calidad: Massala Seca Premmium &nbsp; &nbsp; BAZAR MERLIN El Lugar M\u00e1s M\u00edstico de Guadalajara ENVIAMOS A TODO M\u00c9XICO&#8230;<!-- AddThis Advanced Settings generic via filter on get_the_excerpt --><!-- AddThis Share Buttons generic via filter on get_the_excerpt --><\/p>\n","protected":false},"featured_media":11477,"template":"","meta":[],"product_cat":[274],"product_tag":[1750],"_links":{"self":[{"href":"https:\/\/www.bazarmerlin.com\/inicio\/wp-json\/wp\/v2\/product\/8428"}],"collection":[{"href":"https:\/\/www.bazarmerlin.com\/inicio\/wp-json\/wp\/v2\/product"}],"about":[{"href":"https:\/\/www.bazarmerlin.com\/inicio\/wp-json\/wp\/v2\/types\/product"}],"wp:featuredmedia":[{"embeddable":true,"href":"https:\/\/www.bazarmerlin.com\/inicio\/wp-json\/wp\/v2\/media\/11477"}],"wp:attachment":[{"href":"https:\/\/www.bazarmerlin.com\/inicio\/wp-json\/wp\/v2\/media?parent=8428"}],"wp:term":[{"taxonomy":"product_cat","embeddable":true,"href":"https:\/\/www.bazarmerlin.com\/inicio\/wp-json\/wp\/v2\/product_cat?post=8428"},{"taxonomy":"product_tag","embeddable":true,"href":"https:\/\/www.bazarmerlin.com\/inicio\/wp-json\/wp\/v2\/product_tag?post=8428"}],"curies":[{"name":"wp","href":"https:\/\/api.w.org\/{rel}","templated":true}]}}