{"id":8432,"date":"2022-05-11T18:44:47","date_gmt":"2022-05-11T18:44:47","guid":{"rendered":"https:\/\/www.bazarmerlin.com\/inicio\/?post_type=product&#038;p=8432"},"modified":"2023-01-12T00:58:50","modified_gmt":"2023-01-12T00:58:50","slug":"incienso-sai-flora-10-sobres-original-d-india-paquete","status":"publish","type":"product","link":"https:\/\/www.bazarmerlin.com\/inicio\/producto\/incienso-sai-flora-10-sobres-original-d-india-paquete\/","title":{"rendered":"Incienso Sai Flora &#8211; 10 Sobres Original D India Paquete"},"content":{"rendered":"<p><strong>INCIENSO SRI SAI FLORA<\/strong><\/p>\n<p><em><strong>10 PAQUETES O SOBRES<\/strong><\/em><br \/>\n<em><strong>CON UN MISTICO AROMA PARA CREAR UNA ATM\u00d3SFERA APACIBLE CADA D\u00cdA<\/strong><\/em><\/p>\n<p><em>SAHUMERIO SAI FLORA<\/em><br \/>\nEs uno de los inciensos mas buscados en todo el mundo por su excelente aroma, su gran mezcla de compuestos florales, cuyo aroma nos transporta al universo de la india devocional.<\/p>\n<p>Un INCIENSO de la india tipo MASALA muy superior a los inciensos de carb\u00f3n, los cuales est\u00e1n hechos industrialmente de una pasta de carb\u00f3n sin aroma, al cual se le a\u00f1ade perfume. Aunque algunos inciensos de carb\u00f3n llegan a ser de muy buena calidad nunca se comparan al incienso tipo MASALA.<\/p>\n<p><em>RECOMENDACIONES Y CUALIDADES:<\/em><\/p>\n<p>Aromatizar un cuarto, para la meditaci\u00f3n o yoga.<br \/>\nRelajante y energizante.<\/p>\n<p>&nbsp;<\/p>\n<p>&nbsp;<\/p>\n<p><strong>BAZAR MERLIN<\/strong><br \/>\n<strong>El Lugar M\u00e1s M\u00edstico de Guadalajara<\/strong><br \/>\n<strong>ENVIAMOS A TODO M\u00c9XICO&#8230;<\/strong><\/p>\n<!-- AddThis Advanced Settings generic via filter on the_content --><!-- AddThis Share Buttons generic via filter on the_content -->","protected":false},"excerpt":{"rendered":"<p>INCIENSO SRI SAI FLORA 10 PAQUETES O SOBRES CON UN MISTICO AROMA PARA CREAR UNA ATM\u00d3SFERA APACIBLE CADA D\u00cdA SAHUMERIO SAI FLORA Es uno de los inciensos mas buscados en todo el mundo por su excelente aroma, su gran mezcla de compuestos florales, cuyo aroma nos transporta al universo de la india devocional. Un INCIENSO&hellip;<!-- AddThis Advanced Settings generic via filter on get_the_excerpt --><!-- AddThis Share Buttons generic via filter on get_the_excerpt --><\/p>\n","protected":false},"featured_media":11509,"template":"","meta":[],"product_cat":[274],"product_tag":[1751,1016],"_links":{"self":[{"href":"https:\/\/www.bazarmerlin.com\/inicio\/wp-json\/wp\/v2\/product\/8432"}],"collection":[{"href":"https:\/\/www.bazarmerlin.com\/inicio\/wp-json\/wp\/v2\/product"}],"about":[{"href":"https:\/\/www.bazarmerlin.com\/inicio\/wp-json\/wp\/v2\/types\/product"}],"wp:featuredmedia":[{"embeddable":true,"href":"https:\/\/www.bazarmerlin.com\/inicio\/wp-json\/wp\/v2\/media\/11509"}],"wp:attachment":[{"href":"https:\/\/www.bazarmerlin.com\/inicio\/wp-json\/wp\/v2\/media?parent=8432"}],"wp:term":[{"taxonomy":"product_cat","embeddable":true,"href":"https:\/\/www.bazarmerlin.com\/inicio\/wp-json\/wp\/v2\/product_cat?post=8432"},{"taxonomy":"product_tag","embeddable":true,"href":"https:\/\/www.bazarmerlin.com\/inicio\/wp-json\/wp\/v2\/product_tag?post=8432"}],"curies":[{"name":"wp","href":"https:\/\/api.w.org\/{rel}","templated":true}]}}