{"id":8455,"date":"2022-05-11T22:42:46","date_gmt":"2022-05-11T22:42:46","guid":{"rendered":"https:\/\/www.bazarmerlin.com\/inicio\/?post_type=product&#038;p=8455"},"modified":"2026-02-11T23:40:29","modified_gmt":"2026-02-11T23:40:29","slug":"kit-perfume-de-sandalo-y-patchouli-importacion","status":"publish","type":"product","link":"https:\/\/www.bazarmerlin.com\/inicio\/producto\/kit-perfume-de-sandalo-y-patchouli-importacion\/","title":{"rendered":"Kit Perfume De S\u00e1ndalo Y Patchouli &#8211; Importaci\u00f3n"},"content":{"rendered":"<p><strong>Kit De Perfume Sandalo Y Patchouli Tradicional .<\/strong><\/p>\n<p>&#8212; Importado De La India 100% Concetrado&#8212;<\/p>\n<p>PRESENTACION DE 120 MILILITROS.<\/p>\n<p>EL PODEROSO PERFUME DE SANDALO AYUARA A ATRAER A TU VIDA SUERTE, PROTECCION Y EXITO EN TODO LO QUE EMPRENDAS.<\/p>\n<p>ANCESTRAL PERFUME DE SANDALO Y PATCHOULI: El aroma de estas esnecias es pesado, fuerte y exquisito. Elaborado con extracto 100% natural y concentrado de la india. Exquisito aroma duradero, usado por hombres y mujeres que cambie su vida a \u00e9xito por el poder y magnetismo de la esencia.<\/p>\n<p>El Sandalo Y El Patchouli es una plata ancestral elaborada de las cortesas de la planta del mismo nombre. Posee un aroma muy fuerte con un ex\u00f3tico toque que recuerda a la fina madera y esencias de la INDIA. Esta exquisita esencia ayudara a equilibrar tu energ\u00eda y campo \u00e1urico abriendo caminos EN TODO LO QUE EMPRENDAS COMO \u00c9XITO, AMOR, DINERO, SALUD Y PROTECCI\u00d3N CONTRA CUALQUIER DA\u00d1O. Esto debido a su magnetismo que ayuda a activar la energ\u00eda de los chakras y equilibrar tu campo \u00e1urico.<\/p>\n<p>Este poderoso perfume esta elaborado totalmente a mano y consagrado Especialmente para ti bajo un ritual muy poderoso de activaci\u00f3n y de verdadera alta magia.<\/p>\n<p>&nbsp;<\/p>\n<p>&nbsp;<\/p>\n<p><strong>BAZAR MERLIN<\/strong><br \/>\n<strong>El Lugar M\u00e1s M\u00edstico de Guadalajara<\/strong><br \/>\n<strong>ENVIAMOS A TODO M\u00c9XICO&#8230;<\/strong><\/p>\n<!-- AddThis Advanced Settings generic via filter on the_content --><!-- AddThis Share Buttons generic via filter on the_content -->","protected":false},"excerpt":{"rendered":"<p>Kit De Perfume Sandalo Y Patchouli Tradicional . &#8212; Importado De La India 100% Concetrado&#8212; PRESENTACION DE 120 MILILITROS. EL PODEROSO PERFUME DE SANDALO AYUARA A ATRAER A TU VIDA SUERTE, PROTECCION Y EXITO EN TODO LO QUE EMPRENDAS. ANCESTRAL PERFUME DE SANDALO Y PATCHOULI: El aroma de estas esnecias es pesado, fuerte y exquisito.&hellip;<!-- AddThis Advanced Settings generic via filter on get_the_excerpt --><!-- AddThis Share Buttons generic via filter on get_the_excerpt --><\/p>\n","protected":false},"featured_media":10937,"template":"","meta":[],"product_cat":[20],"product_tag":[1772,1771],"_links":{"self":[{"href":"https:\/\/www.bazarmerlin.com\/inicio\/wp-json\/wp\/v2\/product\/8455"}],"collection":[{"href":"https:\/\/www.bazarmerlin.com\/inicio\/wp-json\/wp\/v2\/product"}],"about":[{"href":"https:\/\/www.bazarmerlin.com\/inicio\/wp-json\/wp\/v2\/types\/product"}],"wp:featuredmedia":[{"embeddable":true,"href":"https:\/\/www.bazarmerlin.com\/inicio\/wp-json\/wp\/v2\/media\/10937"}],"wp:attachment":[{"href":"https:\/\/www.bazarmerlin.com\/inicio\/wp-json\/wp\/v2\/media?parent=8455"}],"wp:term":[{"taxonomy":"product_cat","embeddable":true,"href":"https:\/\/www.bazarmerlin.com\/inicio\/wp-json\/wp\/v2\/product_cat?post=8455"},{"taxonomy":"product_tag","embeddable":true,"href":"https:\/\/www.bazarmerlin.com\/inicio\/wp-json\/wp\/v2\/product_tag?post=8455"}],"curies":[{"name":"wp","href":"https:\/\/api.w.org\/{rel}","templated":true}]}}