{"id":8457,"date":"2022-05-11T22:52:43","date_gmt":"2022-05-11T22:52:43","guid":{"rendered":"https:\/\/www.bazarmerlin.com\/inicio\/?post_type=product&#038;p=8457"},"modified":"2022-12-12T21:44:51","modified_gmt":"2022-12-12T21:44:51","slug":"perfume-rtn-retira-trabajos-negros-de-tu-persona","status":"publish","type":"product","link":"https:\/\/www.bazarmerlin.com\/inicio\/producto\/perfume-rtn-retira-trabajos-negros-de-tu-persona\/","title":{"rendered":"Perfume Rtn &#8211; Retira Trabajos Negros De Tu Persona"},"content":{"rendered":"<div class=\"ui-pdp-container__row ui-pdp-container__row--description\">\n<div class=\"ui-pdp-description\">\n<h3 class=\"ui-pdp-description__content\">\u00a0<strong>PODEROSA LOCI\u00d3N RTN<\/strong><\/h3>\n<p class=\"ui-pdp-description__content\">\nRetira Trabajo Negro Y Toda Brujer\u00eda<\/p>\n<p>PODEROSA LOCI\u00d3N RTN, QUITA TODO TIPO DE TRABAJO DE BRUJER\u00cdA Y HECHICER\u00cdA.<\/p>\n<p>LOCI\u00d3N RTN El aroma de este poderoso perfume, fuerte y exquisito. Elaborado con extracto 100% natural y concentrado de la india. Exquisito aroma duradero, usado por hombres y mujeres que cambie su vida a \u00e9xito por el poder y magnetismo de la esencia.<\/p>\n<p>Te ayudara a quitar todo tipo de trabajo de magia negra como brujer\u00eda, por su calidad y preparaci\u00f3n la puedes usar en tu cuerpo, en tu ropa, en tu casa o negocio para equilibrar tu energ\u00eda y campo \u00e1urico debida a su exquisita reparaci\u00f3n santera, apl\u00edcala con mucha fe y tu vida cambiara de una vez por todo.<\/p>\n<p>Este poderosa loci\u00f3n esta elaborado totalmente a mano y preparado especialmente para ti bajo un ritual muy poderoso de activaci\u00f3n y de verdadera alta magia.<\/p>\n<\/div>\n<\/div>\n<p>&nbsp;<\/p>\n<p>&nbsp;<\/p>\n<p>&nbsp;<\/p>\n<div class=\"ui-pdp-container__row ui-pdp-container__row--description\">\n<div class=\"ui-pdp-description\">\n<p><strong>BAZAR MERLIN<\/strong><br \/>\n<strong>El Lugar M\u00e1s M\u00edstico de Guadalajara<\/strong><br \/>\n<strong>ENVIAMOS A TODO M\u00c9XICO&#8230;<\/strong><\/p>\n<\/div>\n<\/div>\n<!-- AddThis Advanced Settings generic via filter on the_content --><!-- AddThis Share Buttons generic via filter on the_content -->","protected":false},"excerpt":{"rendered":"<p>\u00a0PODEROSA LOCI\u00d3N RTN Retira Trabajo Negro Y Toda Brujer\u00eda PODEROSA LOCI\u00d3N RTN, QUITA TODO TIPO DE TRABAJO DE BRUJER\u00cdA Y HECHICER\u00cdA. LOCI\u00d3N RTN El aroma de este poderoso perfume, fuerte y exquisito. Elaborado con extracto 100% natural y concentrado de la india. Exquisito aroma duradero, usado por hombres y mujeres que cambie su vida a&hellip;<!-- AddThis Advanced Settings generic via filter on get_the_excerpt --><!-- AddThis Share Buttons generic via filter on get_the_excerpt --><\/p>\n","protected":false},"featured_media":11047,"template":"","meta":[],"product_cat":[20],"product_tag":[1773,1774],"_links":{"self":[{"href":"https:\/\/www.bazarmerlin.com\/inicio\/wp-json\/wp\/v2\/product\/8457"}],"collection":[{"href":"https:\/\/www.bazarmerlin.com\/inicio\/wp-json\/wp\/v2\/product"}],"about":[{"href":"https:\/\/www.bazarmerlin.com\/inicio\/wp-json\/wp\/v2\/types\/product"}],"wp:featuredmedia":[{"embeddable":true,"href":"https:\/\/www.bazarmerlin.com\/inicio\/wp-json\/wp\/v2\/media\/11047"}],"wp:attachment":[{"href":"https:\/\/www.bazarmerlin.com\/inicio\/wp-json\/wp\/v2\/media?parent=8457"}],"wp:term":[{"taxonomy":"product_cat","embeddable":true,"href":"https:\/\/www.bazarmerlin.com\/inicio\/wp-json\/wp\/v2\/product_cat?post=8457"},{"taxonomy":"product_tag","embeddable":true,"href":"https:\/\/www.bazarmerlin.com\/inicio\/wp-json\/wp\/v2\/product_tag?post=8457"}],"curies":[{"name":"wp","href":"https:\/\/api.w.org\/{rel}","templated":true}]}}