{"id":8462,"date":"2022-05-11T23:07:28","date_gmt":"2022-05-11T23:07:28","guid":{"rendered":"https:\/\/www.bazarmerlin.com\/inicio\/?post_type=product&#038;p=8462"},"modified":"2022-06-24T20:10:30","modified_gmt":"2022-06-24T20:10:30","slug":"perfume-de-la-mosca-cantarida-atrae-el-amor-a-tu-vida","status":"publish","type":"product","link":"https:\/\/www.bazarmerlin.com\/inicio\/producto\/perfume-de-la-mosca-cantarida-atrae-el-amor-a-tu-vida\/","title":{"rendered":"Perfume De La Mosca Cantarida Atrae El Amor A Tu Vida"},"content":{"rendered":"<div class=\"ui-pdp-container__row ui-pdp-container__row--description\">\n<div class=\"ui-pdp-description\">\n<p class=\"ui-pdp-description__content\"><strong>PODEROSO PERFUME DE LA MOSCA CANTARIDA &#8211; ORIGINAL<\/strong><\/p>\n<p><em><strong>-ATRAE EL AMOR Y DOMINAR AL SER AMADO.-<\/strong><\/em><\/p>\n<p>Este poderoso extracto de la mosca cant\u00e1rida mejor conocida como la m\u00fasica espa\u00f1ola servir\u00e1 para atraer el amor y dominar al ser amado sin esfuerzo ni sacrificio.<\/p>\n<p>Basta con s\u00f3lo aplicar unas gotas por todo tu cuerpo de extracto para atraer la admiraci\u00f3n y el amor de ese ser tan amado, como que si deseas despertar un amor pasional como er\u00f3tico, aplica un poco en tu mano de este poderoso extracto de la mosca cant\u00e1rida. Sal\u00fadala, Acar\u00edciala, Abr\u00e1zala que esto har\u00e1 que el efecto de extracto de la mosca cantarina te haga irresistible ante esa persona amada o querida en un par de d\u00edas.<\/p>\n<p>Se recomienda aplicarlo por todo tu cuerpo todos los d\u00edas antes de salir de tu casa para que tu magnetismo, atracci\u00f3n y admiraci\u00f3n crezcan d\u00eda a d\u00eda.<\/p>\n<p>&nbsp;<\/p>\n<\/div>\n<\/div>\n<p>&nbsp;<\/p>\n<div class=\"ui-pdp-container__row ui-pdp-container__row--description\">\n<div class=\"ui-pdp-description\">\n<p><strong>BAZAR MERLIN\u00ae<\/strong><br \/>\n<strong>El Lugar M\u00e1s M\u00edstico de Guadalajara<\/strong><br \/>\n<strong>ENVIAMOS A TODO M\u00c9XICO Y EL MUNDO\u2026<\/strong><\/p>\n<\/div>\n<\/div>\n<div class=\"ui-pdp-qadb\">\n<h2 class=\"ui-pdp-qadb__title\"><\/h2>\n<\/div>\n<!-- AddThis Advanced Settings generic via filter on the_content --><!-- AddThis Share Buttons generic via filter on the_content -->","protected":false},"excerpt":{"rendered":"<p>PODEROSO PERFUME DE LA MOSCA CANTARIDA &#8211; ORIGINAL -ATRAE EL AMOR Y DOMINAR AL SER AMADO.- Este poderoso extracto de la mosca cant\u00e1rida mejor conocida como la m\u00fasica espa\u00f1ola servir\u00e1 para atraer el amor y dominar al ser amado sin esfuerzo ni sacrificio. Basta con s\u00f3lo aplicar unas gotas por todo tu cuerpo de extracto&hellip;<!-- AddThis Advanced Settings generic via filter on get_the_excerpt --><!-- AddThis Share Buttons generic via filter on get_the_excerpt --><\/p>\n","protected":false},"featured_media":9413,"template":"","meta":[],"product_cat":[20],"product_tag":[1775],"_links":{"self":[{"href":"https:\/\/www.bazarmerlin.com\/inicio\/wp-json\/wp\/v2\/product\/8462"}],"collection":[{"href":"https:\/\/www.bazarmerlin.com\/inicio\/wp-json\/wp\/v2\/product"}],"about":[{"href":"https:\/\/www.bazarmerlin.com\/inicio\/wp-json\/wp\/v2\/types\/product"}],"wp:featuredmedia":[{"embeddable":true,"href":"https:\/\/www.bazarmerlin.com\/inicio\/wp-json\/wp\/v2\/media\/9413"}],"wp:attachment":[{"href":"https:\/\/www.bazarmerlin.com\/inicio\/wp-json\/wp\/v2\/media?parent=8462"}],"wp:term":[{"taxonomy":"product_cat","embeddable":true,"href":"https:\/\/www.bazarmerlin.com\/inicio\/wp-json\/wp\/v2\/product_cat?post=8462"},{"taxonomy":"product_tag","embeddable":true,"href":"https:\/\/www.bazarmerlin.com\/inicio\/wp-json\/wp\/v2\/product_tag?post=8462"}],"curies":[{"name":"wp","href":"https:\/\/api.w.org\/{rel}","templated":true}]}}