{"id":8464,"date":"2022-05-11T23:18:02","date_gmt":"2022-05-11T23:18:02","guid":{"rendered":"https:\/\/www.bazarmerlin.com\/inicio\/?post_type=product&#038;p=8464"},"modified":"2022-12-12T22:31:14","modified_gmt":"2022-12-12T22:31:14","slug":"perfume-tetragramaton-proteccion-total-incluye-pentagrama","status":"publish","type":"product","link":"https:\/\/www.bazarmerlin.com\/inicio\/producto\/perfume-tetragramaton-proteccion-total-incluye-pentagrama\/","title":{"rendered":"Perfume Tetragramaton &#8211; Proteccion Total -incluye Pentagrama"},"content":{"rendered":"<h3><strong>PERFUME ESPECIAL TETRAGRAMATON &#8211; PROTECCI\u00d3N CONTRA TODO<\/strong><\/h3>\n<p>&nbsp;<\/p>\n<p>Incluye Dije En CHAPA DE ORO<\/p>\n<p>Usa este perfume con dije en ba\u00f1o de oro, Para obtener: DINERO, SUERTE, PODER, ABUNDANCIA, SALUD Y AMOR.<\/p>\n<p>El pentagrama o tetragramaton es considerado EL S\u00cdMBOLO M\u00c1S PODEROSO para contrarrestar las malas vibras, envidias salaciones y da\u00f1os por su simbolog\u00eda tan poderosa que contiene este poderoso dije. Expresa la DOMINACI\u00d3N del esp\u00edritu sobre los elementos de la naturaleza.<\/p>\n<p>El dije especial en FINO BA\u00d1O DE ORO, Se puede utilizar en el cuello dando una protecci\u00f3n extraordinaria para contrarrestar envidias y da\u00f1os ademas de ayudar a ABRIR CAMINOS en todo lo que emprendamos.<\/p>\n<p>Ademas Este Poderoso Perfume Y Dije Se Env\u00eda Totalmente Preparado Sin Costo Alguno, Para Poder Garantizar Verdaderos Resultados De Una Forma R\u00e1pida Y Efectiva.<\/p>\n<p>&#8211;CALIDAD DE EXPORTACI\u00d3N&#8211;<\/p>\n<p>INCLUYE DIJE EN FINA CHAPA DE ORO<\/p>\n<p>&nbsp;<\/p>\n<p><strong>BAZAR MERLIN<\/strong><br \/>\n<strong>El Lugar M\u00e1s M\u00edstico de Guadalajara<\/strong><br \/>\n<strong>ENVIAMOS A TODO M\u00c9XICO&#8230;<\/strong><\/p>\n<!-- AddThis Advanced Settings generic via filter on the_content --><!-- AddThis Share Buttons generic via filter on the_content -->","protected":false},"excerpt":{"rendered":"<p>PERFUME ESPECIAL TETRAGRAMATON &#8211; PROTECCI\u00d3N CONTRA TODO &nbsp; Incluye Dije En CHAPA DE ORO Usa este perfume con dije en ba\u00f1o de oro, Para obtener: DINERO, SUERTE, PODER, ABUNDANCIA, SALUD Y AMOR. El pentagrama o tetragramaton es considerado EL S\u00cdMBOLO M\u00c1S PODEROSO para contrarrestar las malas vibras, envidias salaciones y da\u00f1os por su simbolog\u00eda tan&hellip;<!-- AddThis Advanced Settings generic via filter on get_the_excerpt --><!-- AddThis Share Buttons generic via filter on get_the_excerpt --><\/p>\n","protected":false},"featured_media":11054,"template":"","meta":[],"product_cat":[20],"product_tag":[1778,1776,1777],"_links":{"self":[{"href":"https:\/\/www.bazarmerlin.com\/inicio\/wp-json\/wp\/v2\/product\/8464"}],"collection":[{"href":"https:\/\/www.bazarmerlin.com\/inicio\/wp-json\/wp\/v2\/product"}],"about":[{"href":"https:\/\/www.bazarmerlin.com\/inicio\/wp-json\/wp\/v2\/types\/product"}],"wp:featuredmedia":[{"embeddable":true,"href":"https:\/\/www.bazarmerlin.com\/inicio\/wp-json\/wp\/v2\/media\/11054"}],"wp:attachment":[{"href":"https:\/\/www.bazarmerlin.com\/inicio\/wp-json\/wp\/v2\/media?parent=8464"}],"wp:term":[{"taxonomy":"product_cat","embeddable":true,"href":"https:\/\/www.bazarmerlin.com\/inicio\/wp-json\/wp\/v2\/product_cat?post=8464"},{"taxonomy":"product_tag","embeddable":true,"href":"https:\/\/www.bazarmerlin.com\/inicio\/wp-json\/wp\/v2\/product_tag?post=8464"}],"curies":[{"name":"wp","href":"https:\/\/api.w.org\/{rel}","templated":true}]}}