{"id":8473,"date":"2022-05-12T18:04:33","date_gmt":"2022-05-12T18:04:33","guid":{"rendered":"https:\/\/www.bazarmerlin.com\/inicio\/?post_type=product&#038;p=8473"},"modified":"2022-12-07T22:54:31","modified_gmt":"2022-12-07T22:54:31","slug":"perfume-7-x-7-contra-todo-dano","status":"publish","type":"product","link":"https:\/\/www.bazarmerlin.com\/inicio\/producto\/perfume-7-x-7-contra-todo-dano\/","title":{"rendered":"Perfume 7 X 7 Contra Todo Da\u00f1o"},"content":{"rendered":"<p><strong>LOCI\u00d3N 7 X 7 CONTRA TODO.<\/strong><\/p>\n<p><em>UTIL\u00cdZALO DIARIAMENTE EN TU PERSONA Y TE AYUDARA EN:<\/em><br \/>\nAbrir Caminos En dinero, Amor, Trabajo, estabilidad y Juegos De Azar.<\/p>\n<p>Esta poderosa loci\u00f3n contiene 49 esencias magn\u00e9ticas para obtener lo que se desee sin obst\u00e1culos.<br \/>\nSe utiliza en rituales, trabajos y ofrendas. Para proteger y reafirmar.<\/p>\n<p>Sirve contra todo da\u00f1o ya que desde la m\u00e1s remota antig\u00fcedad sus fuerzas astrales han ejercido poderes magn\u00e9ticos positivos sobre las personas que lo usan.<\/p>\n<p>Conforme el paso de los a\u00f1os se han realizado diversos estudios por alquimistas de alto poder, para detectar las fuerzas astrales y as\u00ed lograron reunir 49 esencias verdaderamente M\u00edsticas (7 x 7) obteniendo los m\u00e1s positivos poderes magn\u00e9ticos y para lograr un infalible proceso de la Alimentaci\u00f3n este poderoso perfume est\u00e1 reforzado con el poder magn\u00e9tico de 7 esencias de atracci\u00f3n.<\/p>\n<p>&nbsp;<\/p>\n<p>&nbsp;<\/p>\n<p><strong>BAZAR MERLIN<\/strong><br \/>\n<strong>El Lugar M\u00e1s M\u00edstico de Guadalajara<\/strong><br \/>\n<strong>ENVIAMOS A TODO M\u00c9XICO&#8230;<\/strong><\/p>\n<!-- AddThis Advanced Settings generic via filter on the_content --><!-- AddThis Share Buttons generic via filter on the_content -->","protected":false},"excerpt":{"rendered":"<p>LOCI\u00d3N 7 X 7 CONTRA TODO. UTIL\u00cdZALO DIARIAMENTE EN TU PERSONA Y TE AYUDARA EN: Abrir Caminos En dinero, Amor, Trabajo, estabilidad y Juegos De Azar. Esta poderosa loci\u00f3n contiene 49 esencias magn\u00e9ticas para obtener lo que se desee sin obst\u00e1culos. Se utiliza en rituales, trabajos y ofrendas. Para proteger y reafirmar. Sirve contra todo&hellip;<!-- AddThis Advanced Settings generic via filter on get_the_excerpt --><!-- AddThis Share Buttons generic via filter on get_the_excerpt --><\/p>\n","protected":false},"featured_media":11003,"template":"","meta":[],"product_cat":[20],"product_tag":[1781],"_links":{"self":[{"href":"https:\/\/www.bazarmerlin.com\/inicio\/wp-json\/wp\/v2\/product\/8473"}],"collection":[{"href":"https:\/\/www.bazarmerlin.com\/inicio\/wp-json\/wp\/v2\/product"}],"about":[{"href":"https:\/\/www.bazarmerlin.com\/inicio\/wp-json\/wp\/v2\/types\/product"}],"wp:featuredmedia":[{"embeddable":true,"href":"https:\/\/www.bazarmerlin.com\/inicio\/wp-json\/wp\/v2\/media\/11003"}],"wp:attachment":[{"href":"https:\/\/www.bazarmerlin.com\/inicio\/wp-json\/wp\/v2\/media?parent=8473"}],"wp:term":[{"taxonomy":"product_cat","embeddable":true,"href":"https:\/\/www.bazarmerlin.com\/inicio\/wp-json\/wp\/v2\/product_cat?post=8473"},{"taxonomy":"product_tag","embeddable":true,"href":"https:\/\/www.bazarmerlin.com\/inicio\/wp-json\/wp\/v2\/product_tag?post=8473"}],"curies":[{"name":"wp","href":"https:\/\/api.w.org\/{rel}","templated":true}]}}