{"id":8475,"date":"2022-05-12T18:13:36","date_gmt":"2022-05-12T18:13:36","guid":{"rendered":"https:\/\/www.bazarmerlin.com\/inicio\/?post_type=product&#038;p=8475"},"modified":"2023-06-29T21:04:01","modified_gmt":"2023-06-29T21:04:01","slug":"perfume-7-veces-reversible-proteccion-contra-todo-mal","status":"publish","type":"product","link":"https:\/\/www.bazarmerlin.com\/inicio\/producto\/perfume-7-veces-reversible-proteccion-contra-todo-mal\/","title":{"rendered":"Perfume 7 Veces Reversible &#8211; Protecci\u00f3n Contra Todo Mal"},"content":{"rendered":"<p><strong>PERFUME 7 VECES REVERSIBLE<\/strong><\/p>\n<p><em>PODEROSO PERFUME CORPORAL 7 VECES REVERSIBLE CON PROTECCI\u00d3N CONTRA TODO DA\u00d1O<\/em><br \/>\n<em>LIMPIE SU PERSONA<\/em> De todo da\u00f1o negativo y malas vibras.<\/p>\n<p>Aplica esta loci\u00f3n diariamente antes de salir de casa, esta formula le ayudara a contrarrestar cualquier tipo de da\u00f1o en su persona.<br \/>\nQuite odios, envidias, pesares, fracasos<\/p>\n<p><em>OBTENGA EXCELENTES RESULTADOS<\/em><\/p>\n<p>Con esta gran formula<br \/>\nSolo apl\u00edquelo en su persona, en su casa o negocio, para lograr quitar todo lo malo<\/p>\n<p>Este Perfume se utiliza con la finalidad de vencer:<\/p>\n<p>*<em>HECHICER\u00cdAS<\/em><br \/>\n<em>*MALEFICIOS<\/em><br \/>\n<em>*ENVIDIAS<\/em><br \/>\n<em>*SALACIONES<\/em><br \/>\n<em>*MALES PUESTOS, ETC.<\/em><\/p>\n<p>En nuestro diario vivir nos enfrentamos a diferentes tipos de situaciones que muchas veces sin nosotros percibirlo nos van acumulando energ\u00eda negativa, alterando sustancialmente nuestra vida en todos los planos: del <em>AMOR<\/em>, del <em>DINERO<\/em> y de la S<em>ALUD.<\/em><\/p>\n<p>&nbsp;<\/p>\n<p>&nbsp;<\/p>\n<p><strong>BAZAR MERL\u00cdN<\/strong><br \/>\n<strong>El Lugar M\u00e1s M\u00edstico de Guadalajara<\/strong><br \/>\n<strong>ENVIAMOS A TODO M\u00c9XICO&#8230;<\/strong><\/p>\n<!-- AddThis Advanced Settings generic via filter on the_content --><!-- AddThis Share Buttons generic via filter on the_content -->","protected":false},"excerpt":{"rendered":"<p>PERFUME 7 VECES REVERSIBLE PODEROSO PERFUME CORPORAL 7 VECES REVERSIBLE CON PROTECCI\u00d3N CONTRA TODO DA\u00d1O LIMPIE SU PERSONA De todo da\u00f1o negativo y malas vibras. Aplica esta loci\u00f3n diariamente antes de salir de casa, esta formula le ayudara a contrarrestar cualquier tipo de da\u00f1o en su persona. Quite odios, envidias, pesares, fracasos OBTENGA EXCELENTES RESULTADOS&hellip;<!-- AddThis Advanced Settings generic via filter on get_the_excerpt --><!-- AddThis Share Buttons generic via filter on get_the_excerpt --><\/p>\n","protected":false},"featured_media":11002,"template":"","meta":[],"product_cat":[20],"product_tag":[1782,1783],"_links":{"self":[{"href":"https:\/\/www.bazarmerlin.com\/inicio\/wp-json\/wp\/v2\/product\/8475"}],"collection":[{"href":"https:\/\/www.bazarmerlin.com\/inicio\/wp-json\/wp\/v2\/product"}],"about":[{"href":"https:\/\/www.bazarmerlin.com\/inicio\/wp-json\/wp\/v2\/types\/product"}],"wp:featuredmedia":[{"embeddable":true,"href":"https:\/\/www.bazarmerlin.com\/inicio\/wp-json\/wp\/v2\/media\/11002"}],"wp:attachment":[{"href":"https:\/\/www.bazarmerlin.com\/inicio\/wp-json\/wp\/v2\/media?parent=8475"}],"wp:term":[{"taxonomy":"product_cat","embeddable":true,"href":"https:\/\/www.bazarmerlin.com\/inicio\/wp-json\/wp\/v2\/product_cat?post=8475"},{"taxonomy":"product_tag","embeddable":true,"href":"https:\/\/www.bazarmerlin.com\/inicio\/wp-json\/wp\/v2\/product_tag?post=8475"}],"curies":[{"name":"wp","href":"https:\/\/api.w.org\/{rel}","templated":true}]}}