{"id":8484,"date":"2022-05-12T18:58:31","date_gmt":"2022-05-12T18:58:31","guid":{"rendered":"https:\/\/www.bazarmerlin.com\/inicio\/?post_type=product&#038;p=8484"},"modified":"2022-12-08T22:58:38","modified_gmt":"2022-12-08T22:58:38","slug":"perfume-esoterico-7-potencias-africanas-proteccion-total","status":"publish","type":"product","link":"https:\/\/www.bazarmerlin.com\/inicio\/producto\/perfume-esoterico-7-potencias-africanas-proteccion-total\/","title":{"rendered":"Perfume Esot\u00e9rico &#8211; 7 Potencias Africanas &#8211; Protecci\u00f3n Total"},"content":{"rendered":"<p><strong>PERFUME DE LAS 7 POTENCIAS AFRICANAS<\/strong><\/p>\n<p>Ideal para rituales esot\u00e9ricos y ofrendas religiosas<br \/>\nEste perfume de las Siete Potencias Africanas se puede usar como ba\u00f1o de protecci\u00f3n para la persona, la casa, o el negocio. Se puede mezclar con cualquier agua de limpieza, protecci\u00f3n, evoluci\u00f3n, dominio o amor, para reforzar la mezcla, pues, como cualquier producto de las Siete Potencias Africanas es muy poderoso para dar fuerza a cualquier trabajo espiritual.<\/p>\n<p>Se trata de las mismas representaciones de la Divinidad, que son reverenciadas en la Santer\u00eda (Regla de la Osha), a saber: Obatal\u00e1, Chang\u00f3 (o Shango), Eleggua, Osh\u00fan, Ogg\u00fan, Orunmil\u00e1 (Orula) y Yemay\u00e1.<\/p>\n<p>En los rituales de las 7 potencias, cada una de estas deidades tiene atributos espec\u00edficos, sobre los que se busca llamar la atenci\u00f3n:<\/p>\n<p>Obatal\u00e1: Paz y armon\u00eda.<br \/>\nChang\u00f3: Poder sobre los enemigos.<br \/>\nEleggua: Eliminar obst\u00e1culos.<br \/>\nOsh\u00fan: Amor y riquezas.<br \/>\nOgg\u00fan: Empleo y protecci\u00f3n.<br \/>\nOrunmil\u00e1: Sabidur\u00eda.<br \/>\nYemay\u00e1: Matrimonio, maternidad, y familia.<\/p>\n<p>Los devotos recurren a las 7 potencias africanas para solicitar salud, dinero, empleo, amor, y \u00e9xito. Es posible hacer una petici\u00f3n a todas las deidades, o una en particular para cada una.<\/p>\n<p>&nbsp;<\/p>\n<p>&nbsp;<\/p>\n<p><strong>BAZAR MERLIN<\/strong><br \/>\n<strong>El Lugar M\u00e1s M\u00edstico de Guadalajara<\/strong><br \/>\n<strong>ENVIAMOS A TODO M\u00c9XICO&#8230;<\/strong><\/p>\n<!-- AddThis Advanced Settings generic via filter on the_content --><!-- AddThis Share Buttons generic via filter on the_content -->","protected":false},"excerpt":{"rendered":"<p>PERFUME DE LAS 7 POTENCIAS AFRICANAS Ideal para rituales esot\u00e9ricos y ofrendas religiosas Este perfume de las Siete Potencias Africanas se puede usar como ba\u00f1o de protecci\u00f3n para la persona, la casa, o el negocio. Se puede mezclar con cualquier agua de limpieza, protecci\u00f3n, evoluci\u00f3n, dominio o amor, para reforzar la mezcla, pues, como cualquier&hellip;<!-- AddThis Advanced Settings generic via filter on get_the_excerpt --><!-- AddThis Share Buttons generic via filter on get_the_excerpt --><\/p>\n","protected":false},"featured_media":11024,"template":"","meta":[],"product_cat":[20],"product_tag":[1789,1788,1777],"_links":{"self":[{"href":"https:\/\/www.bazarmerlin.com\/inicio\/wp-json\/wp\/v2\/product\/8484"}],"collection":[{"href":"https:\/\/www.bazarmerlin.com\/inicio\/wp-json\/wp\/v2\/product"}],"about":[{"href":"https:\/\/www.bazarmerlin.com\/inicio\/wp-json\/wp\/v2\/types\/product"}],"wp:featuredmedia":[{"embeddable":true,"href":"https:\/\/www.bazarmerlin.com\/inicio\/wp-json\/wp\/v2\/media\/11024"}],"wp:attachment":[{"href":"https:\/\/www.bazarmerlin.com\/inicio\/wp-json\/wp\/v2\/media?parent=8484"}],"wp:term":[{"taxonomy":"product_cat","embeddable":true,"href":"https:\/\/www.bazarmerlin.com\/inicio\/wp-json\/wp\/v2\/product_cat?post=8484"},{"taxonomy":"product_tag","embeddable":true,"href":"https:\/\/www.bazarmerlin.com\/inicio\/wp-json\/wp\/v2\/product_tag?post=8484"}],"curies":[{"name":"wp","href":"https:\/\/api.w.org\/{rel}","templated":true}]}}