{"id":8489,"date":"2022-05-12T19:23:16","date_gmt":"2022-05-12T19:23:16","guid":{"rendered":"https:\/\/www.bazarmerlin.com\/inicio\/?post_type=product&#038;p=8489"},"modified":"2022-12-12T21:50:13","modified_gmt":"2022-12-12T21:50:13","slug":"perfume-san-miguel-arcangel","status":"publish","type":"product","link":"https:\/\/www.bazarmerlin.com\/inicio\/producto\/perfume-san-miguel-arcangel\/","title":{"rendered":"Perfume San Miguel Arc\u00e1ngel &#8211; Protecci\u00f3n Y Milagros"},"content":{"rendered":"<div class=\"ui-pdp-container__row ui-pdp-container__row--description\">\n<div class=\"ui-pdp-description\">\n<h3 class=\"ui-pdp-description__content\"><strong>APROVECHA LA PROTECCI\u00d3N DE ESTE PODEROSO ARC\u00c1NGEL<\/strong><\/h3>\n<p>&nbsp;<\/p>\n<p>*Protecci\u00f3n contra peligros f\u00edsicos como robos, accidentes, atracos, secuestros etc.<br \/>\n*Ayuda y valor para superarnos a nosotros mismos; fortalecimientos de nuestra fe y voluntad.<br \/>\n*Protecci\u00f3n contra las fuerzas de la oscuridad y todo tipo de maldad.<br \/>\n*Es apoyo cuando nos sentimos solos, tristes o necesitamos apoyo espiritual, estas son las virtudes San Miguel Arc\u00e1ngel.<\/p>\n<p>\u00dasala en tu negocio, hogar o en tu persona.<br \/>\nPara la protecci\u00f3n en casa, auto, negocio etc.<\/p>\n<\/div>\n<\/div>\n<p>&nbsp;<\/p>\n<p>&nbsp;<\/p>\n<div class=\"ui-pdp-container__row ui-pdp-container__row--description\">\n<div class=\"ui-pdp-description\">\n<p><strong>BAZAR MERLIN<\/strong><br \/>\n<strong>El Lugar M\u00e1s M\u00edstico de Guadalajara<\/strong><br \/>\n<strong>ENVIAMOS A TODO M\u00c9XICO&#8230;<\/strong><\/p>\n<p>&nbsp;<\/p>\n<\/div>\n<\/div>\n<!-- AddThis Advanced Settings generic via filter on the_content --><!-- AddThis Share Buttons generic via filter on the_content -->","protected":false},"excerpt":{"rendered":"<p>APROVECHA LA PROTECCI\u00d3N DE ESTE PODEROSO ARC\u00c1NGEL &nbsp; *Protecci\u00f3n contra peligros f\u00edsicos como robos, accidentes, atracos, secuestros etc. *Ayuda y valor para superarnos a nosotros mismos; fortalecimientos de nuestra fe y voluntad. *Protecci\u00f3n contra las fuerzas de la oscuridad y todo tipo de maldad. *Es apoyo cuando nos sentimos solos, tristes o necesitamos apoyo espiritual,&hellip;<!-- AddThis Advanced Settings generic via filter on get_the_excerpt --><!-- AddThis Share Buttons generic via filter on get_the_excerpt --><\/p>\n","protected":false},"featured_media":11049,"template":"","meta":[],"product_cat":[20],"product_tag":[1792,1793],"_links":{"self":[{"href":"https:\/\/www.bazarmerlin.com\/inicio\/wp-json\/wp\/v2\/product\/8489"}],"collection":[{"href":"https:\/\/www.bazarmerlin.com\/inicio\/wp-json\/wp\/v2\/product"}],"about":[{"href":"https:\/\/www.bazarmerlin.com\/inicio\/wp-json\/wp\/v2\/types\/product"}],"wp:featuredmedia":[{"embeddable":true,"href":"https:\/\/www.bazarmerlin.com\/inicio\/wp-json\/wp\/v2\/media\/11049"}],"wp:attachment":[{"href":"https:\/\/www.bazarmerlin.com\/inicio\/wp-json\/wp\/v2\/media?parent=8489"}],"wp:term":[{"taxonomy":"product_cat","embeddable":true,"href":"https:\/\/www.bazarmerlin.com\/inicio\/wp-json\/wp\/v2\/product_cat?post=8489"},{"taxonomy":"product_tag","embeddable":true,"href":"https:\/\/www.bazarmerlin.com\/inicio\/wp-json\/wp\/v2\/product_tag?post=8489"}],"curies":[{"name":"wp","href":"https:\/\/api.w.org\/{rel}","templated":true}]}}