{"id":849,"date":"2015-07-03T18:58:06","date_gmt":"2015-07-03T18:58:06","guid":{"rendered":"https:\/\/www.bazarmerlin.com\/inicio\/?post_type=product&#038;p=849"},"modified":"2022-10-27T23:16:25","modified_gmt":"2022-10-27T23:16:25","slug":"amuleto-de-la-chuparrosa-consigue-el-amor-de-tus-suenos","status":"publish","type":"product","link":"https:\/\/www.bazarmerlin.com\/inicio\/producto\/amuleto-de-la-chuparrosa-consigue-el-amor-de-tus-suenos\/","title":{"rendered":"Amuleto De La Chuparrosa \/ Consigue El Amor De Tus Sue\u00f1os."},"content":{"rendered":"<p><strong>Talisman De La Chuparosa -Consigue El Amor De Tu Vida.<\/strong><\/p>\n<p>&nbsp;<\/p>\n<p>&#8212;AMULETO REFORZADO&#8212;<\/p>\n<p>ESTE AMULETO YA LO TENEMOS VELADO, RITUALIZADO Y<br \/>\nPROGRAMADO PARA ATRAER EL AMOR,<\/p>\n<p>LO UNICO QUE TU DEBES HACER ES ACTIVARLO CON TU ENERG\u00cdA Y<br \/>\nCON LA ESENCIA QUE TE MANDAREMOS PARA QUE EMPIECE A FUNCIONAR ESPECIALMENTE PARA TI!<\/p>\n<p>Este AMULETO te sirve para conseguir pareja con solo llevarlo contigo, porque te lo mandaremos debidamente ritualizado y consagrado especialmente para ti.<\/p>\n<p>Por tradici\u00f3n ha sido uno de los talismanes que nos ayudan a CONSEGUIR Y RETENER EL AMOR.<\/p>\n<p>Este PODEROSO AMULETO por su composici\u00f3n hace una perfecta combinaci\u00f3n de sus elementos por lo que surgen efectos s\u00f3lidos y muy positivos PARA ENCONTRAR EL AMOR.<\/p>\n<p>As\u00ed como tambi\u00e9n los b\u00e1lsamos secretos que se le aplican en su preparaci\u00f3n, le dan un toque y fuerza de alta magia para atraer el amor de una vez por todas.<\/p>\n<p>ESTE AMULETO YA LO TENEMOS VELADO, RITUALIZADO Y<br \/>\nPROGRAMADO PARA ATRAER EL AMOR,<\/p>\n<p>LO UNICO QUE TU DEBES HACER ES ACTIVARLO CON TU ENERG\u00cdA Y<br \/>\nCON LA ESENCIA QUE TE MANDAREMOS PARA QUE EMPIECE A FUNCIONAR ESPECIALMENTE PARA TI!<\/p>\n<p>&nbsp;<\/p>\n<p>&nbsp;<\/p>\n<p><strong>BAZAR MERLIN<\/strong><br \/>\n<strong>El Lugar M\u00e1s M\u00edstico de Guadalajara<\/strong><br \/>\n<strong>ENVIAMOS A TODO M\u00c9XICO<\/strong><\/p>\n<!-- AddThis Advanced Settings generic via filter on the_content --><!-- AddThis Share Buttons generic via filter on the_content -->","protected":false},"excerpt":{"rendered":"<p>Talisman De La Chuparosa -Consigue El Amor De Tu Vida. &nbsp; &#8212;AMULETO REFORZADO&#8212; ESTE AMULETO YA LO TENEMOS VELADO, RITUALIZADO Y PROGRAMADO PARA ATRAER EL AMOR, LO UNICO QUE TU DEBES HACER ES ACTIVARLO CON TU ENERG\u00cdA Y CON LA ESENCIA QUE TE MANDAREMOS PARA QUE EMPIECE A FUNCIONAR ESPECIALMENTE PARA TI! Este AMULETO te&hellip;<!-- AddThis Advanced Settings generic via filter on get_the_excerpt --><!-- AddThis Share Buttons generic via filter on get_the_excerpt --><\/p>\n","protected":false},"featured_media":10588,"template":"","meta":[],"product_cat":[12],"product_tag":[640,641],"_links":{"self":[{"href":"https:\/\/www.bazarmerlin.com\/inicio\/wp-json\/wp\/v2\/product\/849"}],"collection":[{"href":"https:\/\/www.bazarmerlin.com\/inicio\/wp-json\/wp\/v2\/product"}],"about":[{"href":"https:\/\/www.bazarmerlin.com\/inicio\/wp-json\/wp\/v2\/types\/product"}],"wp:featuredmedia":[{"embeddable":true,"href":"https:\/\/www.bazarmerlin.com\/inicio\/wp-json\/wp\/v2\/media\/10588"}],"wp:attachment":[{"href":"https:\/\/www.bazarmerlin.com\/inicio\/wp-json\/wp\/v2\/media?parent=849"}],"wp:term":[{"taxonomy":"product_cat","embeddable":true,"href":"https:\/\/www.bazarmerlin.com\/inicio\/wp-json\/wp\/v2\/product_cat?post=849"},{"taxonomy":"product_tag","embeddable":true,"href":"https:\/\/www.bazarmerlin.com\/inicio\/wp-json\/wp\/v2\/product_tag?post=849"}],"curies":[{"name":"wp","href":"https:\/\/api.w.org\/{rel}","templated":true}]}}